{"id":43761,"date":"2019-12-17T19:33:13","date_gmt":"2019-12-17T18:33:13","guid":{"rendered":"https:\/\/paddleshifterz.com\/?page_id=43761"},"modified":"2026-01-01T09:29:56","modified_gmt":"2026-01-01T08:29:56","slug":"install-paddle-shifter-in-your-car","status":"publish","type":"page","link":"https:\/\/paddleshifterz.com\/de\/install-paddle-shifter-in-your-car\/","title":{"rendered":"Erfahren Sie, wie Sie Ihre neuen Produkte installieren."},"content":{"rendered":"<h1 class=\"wp-block-heading\">Erfahren Sie, wie Sie Ihre neuen Produkte installieren.<\/h1>\n\n\n\n<h2 class=\"wp-block-heading\">Sektion - Schaltwippen<\/h2>\n\n\n\n<h3 class=\"wp-block-heading\" id=\"h-learn-how-to-install-your-new-paddle-shifters\">Learn how to install paddle shifter in your vehicle<\/h3>\n\n\n\n<p>Erfahren Sie, wie Sie Schaltwippen einbauen k\u00f6nnen, indem Sie unsere leicht verst\u00e4ndlichen Einbauvideos verwenden. Wir haben f\u00fcr jede Marke - BMW, MINI, Toyota - ein Video erstellt, damit Sie das richtige f\u00fcr sich finden k\u00f6nnen. Der Einbau von Schaltwippen kann Ihr Fahrerlebnis erheblich verbessern, da sie eine bessere Kontrolle und Reaktionsf\u00e4higkeit beim Fahren bieten. In diesem Leitfaden gehen wir auf die Besonderheiten des Einbaus von Schaltwippen ein und erl\u00e4utern die ben\u00f6tigten Werkzeuge, Schritt-f\u00fcr-Schritt-Anleitungen und Tipps f\u00fcr einen reibungslosen Einbau.<\/p>\n\n\n\n<h4 class=\"wp-block-heading\" id=\"h-mini-gen-3-f-series\">MINI Gen 3. F Serie<\/h4>\n\n\n\n<p>Bevor Sie mit dem Einbau beginnen, sollten Sie die Vorteile von Schaltwippen kennen. Sie erm\u00f6glichen schnelle Gangwechsel, ohne dass Sie die H\u00e4nde vom Lenkrad nehmen m\u00fcssen, und sind daher bei Rennsportfans und Alltagsfahrern gleicherma\u00dfen beliebt. Au\u00dferdem verleihen sie Ihrem Fahrzeug ein sportlicheres Gef\u00fchl und machen das Fahren angenehmer.<\/p>\n\n\n\n<p>In den folgenden Abschnitten werden wir den Installationsprozess f\u00fcr verschiedene Modelle aufschl\u00fcsseln. Wir beginnen mit der MINI Gen 3 F Serie, gehen dann weiter zu den BMW Serien E und F und schlie\u00dflich zur G Serie. Jeder Abschnitt enth\u00e4lt Video-Tutorials, um Sie visuell durch den Prozess zu unterst\u00fctzen. Lasst uns anfangen!<\/p>\n\n\n\n<figure class=\"wp-block-embed is-type-video is-provider-youtube wp-block-embed-youtube wp-embed-aspect-16-9 wp-has-aspect-ratio\"><div class=\"wp-block-embed__wrapper\">\n<iframe loading=\"lazy\" title=\"Installieren Sie Ihre neuen MINI Schaltwippen\" width=\"1020\" height=\"574\" src=\"https:\/\/www.youtube.com\/embed\/S109O4HT6fQ?feature=oembed\" frameborder=\"0\" allow=\"accelerometer; autoplay; clipboard-write; encrypted-media; gyroscope; picture-in-picture; web-share\" referrerpolicy=\"strict-origin-when-cross-origin\" allowfullscreen><\/iframe>\n<\/div><\/figure>\n\n\n\n<p>F\u00fcr die BMW E- und F-Serie bieten wir eine detaillierte Aufschl\u00fcsselung der Montageschritte. Stellen Sie sicher, dass Sie alle notwendigen Werkzeuge, wie Schraubendreher, Schraubenschl\u00fcssel und alle spezifischen Teile, die f\u00fcr Ihr Modell erforderlich sind, bereitlegen. Wenn Sie alles parat haben, wird der Prozess rationalisiert und weniger frustrierend sein.<\/p>\n\n\n\n<p>Denken Sie bei der Vorbereitung des Einbaus Ihrer Schaltwippen daran, dass Sie unbedingt die Sicherheitsvorkehrungen beachten m\u00fcssen. Klemmen Sie immer die Batterie ab, bevor Sie mit dem Einbau beginnen, um elektrische Probleme zu vermeiden. Dieser Schritt ist sowohl f\u00fcr Ihre Sicherheit als auch f\u00fcr die ordnungsgem\u00e4\u00dfe Funktion der neuen Schalthebel unerl\u00e4sslich.<\/p>\n\n\n\n<p><\/p>\n\n\n\n<p>Lassen Sie uns nun die Installation der BMW G-Serie untersuchen. In diesem Abschnitt werden wir die spezifischen Schritte besprechen, die f\u00fcr eine erfolgreiche Installation der Schaltwippen in diesen Modellen erforderlich sind. Achten Sie besonders auf die bereitgestellten Videos, da diese zus\u00e4tzliche Informationen und visuelle Anleitungen f\u00fcr den Einbau bieten.<\/p>\n\n\n\n<p>Nach Abschluss des Einbaus ist es ratsam, die Funktion der Schaltwippen zu testen, bevor Sie Ihr Fahrzeug wieder auf die Stra\u00dfe bringen. Vergewissern Sie sich, dass sie w\u00e4hrend der Fahrt korrekt und reibungslos funktionieren. Wenn Sie auf Probleme sto\u00dfen, sehen Sie sich das Einbauvideo an oder wenden Sie sich an einen Fachmann.<\/p>\n\n\n\n<h4 class=\"wp-block-heading\" id=\"h-bmw-e-and-f-series\">BMW E- und F-Reihe<\/h4>\n\n\n\n<p>F\u00fcr Toyota Supra MK5-Besitzer hat der Installationsprozess seine eigenen Herausforderungen und Vorteile. Unser Video-Tutorial wird Sie durch jeden Schritt f\u00fchren, damit Sie sich sicher f\u00fchlen, die Schaltwippen selbst einbauen zu k\u00f6nnen. Wie bei den anderen Modellen ist es ratsam, sich mit dem Handbuch Ihres Fahrzeugs vertraut zu machen, um zu verstehen, wie die Schaltwippen in die vorhandenen Systeme Ihres Fahrzeugs integriert werden.<\/p>\n\n\n\n<p>Wenn Sie die Schaltwippen erfolgreich installiert haben, nehmen Sie sich einen Moment Zeit, um das verbesserte Fahrgef\u00fchl zu genie\u00dfen. Schaltwippen verbessern nicht nur die Kontrolle, sondern verleihen dem Innenraum Ihres Fahrzeugs auch eine sportliche \u00c4sthetik.<\/p>\n\n\n\n<figure class=\"wp-block-embed is-type-video is-provider-youtube wp-block-embed-youtube wp-embed-aspect-16-9 wp-has-aspect-ratio\"><div class=\"wp-block-embed__wrapper\">\n<iframe loading=\"lazy\" title=\"Paddle Shifter Einbauanleitung f\u00fcr BMW Fahrzeuge - paddleshifterz.com\" width=\"1020\" height=\"574\" src=\"https:\/\/www.youtube.com\/embed\/11fK9PwrJQ4?feature=oembed\" frameborder=\"0\" allow=\"accelerometer; autoplay; clipboard-write; encrypted-media; gyroscope; picture-in-picture; web-share\" referrerpolicy=\"strict-origin-when-cross-origin\" allowfullscreen><\/iframe>\n<\/div><\/figure>\n\n\n\n<p><\/p>\n\n\n\n<p>Magnetische Schaltwippen bieten einen einzigartigen Vorteil gegen\u00fcber Standard-Schalthebeln: Sie sorgen f\u00fcr schnelle Reaktionszeiten und ein nahtloses Schaltungserlebnis. Wenn Sie dar\u00fcber nachdenken, Ihre serienm\u00e4\u00dfigen Schalthebel der F-Serie auf magnetische Schaltwippen umzur\u00fcsten, zeigt Ihnen unsere Videoanleitung, wie Sie den Wechsel ganz einfach vollziehen k\u00f6nnen.<\/p>\n\n\n\n<p>Wenn Sie auf magnetische Schaltwippen umr\u00fcsten, m\u00fcssen Sie m\u00f6glicherweise zus\u00e4tzliche Komponenten oder Werkzeuge kaufen. Vergewissern Sie sich, dass Sie die in unserem Video-Tutorial beschriebenen Anforderungen beachten, um \u00dcberraschungen bei der Installation zu vermeiden. Au\u00dferdem k\u00f6nnen Sie nach dem Einbau mit Ihrem Fahrzeug eine Probefahrt machen, um zu \u00fcberpr\u00fcfen, ob alles richtig funktioniert.<\/p>\n\n\n\n<p>Sollten Sie bei der Installation von magnetischen Schaltwippen auf Probleme sto\u00dfen, z\u00f6gern Sie nicht, uns um Hilfe zu bitten. Unser Team hilft Ihnen gerne bei der Behebung von Problemen.<\/p>\n\n\n\n<p>Nach dem erfolgreichen Einbau Ihrer Schaltwippen, egal ob serienm\u00e4\u00dfig oder magnetisch, m\u00f6chten wir Sie bitten, Ihre Erfahrungen mit uns zu teilen. Dokumentieren Sie Ihre Installationsreise und vergessen Sie nicht, uns in den sozialen Medien zu markieren. Das Teilen Ihrer Ergebnisse kann andere inspirieren und ihnen bei ihrem eigenen Installationsprozess helfen. Wir freuen uns darauf, Ihre Beitr\u00e4ge zu sehen!<\/p>\n\n\n\n<h4 class=\"wp-block-heading\" id=\"h-bmw-g-series\">BMW G-Reihe <\/h4>\n\n\n\n<figure class=\"wp-block-embed is-type-video is-provider-youtube wp-block-embed-youtube wp-embed-aspect-16-9 wp-has-aspect-ratio\"><div class=\"wp-block-embed__wrapper\">\n<iframe loading=\"lazy\" title=\"Erfahren Sie, wie Sie Ihre neuen Schaltwippen in Ihren BMW G-Serie einbauen k\u00f6nnen.\" width=\"1020\" height=\"574\" src=\"https:\/\/www.youtube.com\/embed\/9M3e1T5IK-Q?feature=oembed\" frameborder=\"0\" allow=\"accelerometer; autoplay; clipboard-write; encrypted-media; gyroscope; picture-in-picture; web-share\" referrerpolicy=\"strict-origin-when-cross-origin\" allowfullscreen><\/iframe>\n<\/div><\/figure>\n\n\n\n<p>Wenn Sie diese Richtlinien befolgen und unsere Ressourcen nutzen, werden Sie bereit sein, Paddle Shifter in Ihrem Auto zu installieren. Freuen Sie sich auf die Aufr\u00fcstung Ihres Fahrzeugs und genie\u00dfen Sie die verbesserte Leistung, die sie mit sich bringt!<\/p>\n\n\n\n<p>Vergessen Sie nicht, unsere Website f\u00fcr weitere Anleitungen und Ressourcen im Zusammenhang mit der Installation von Schaltwippen zu besuchen. Wir sind hier, um Sie bei jedem Schritt Ihrer automobilen Reise zu unterst\u00fctzen. Wenn Sie Fragen haben oder Hilfe ben\u00f6tigen, z\u00f6gern Sie nicht, uns zu kontaktieren!<\/p>\n\n\n\n<p>Zusammenfassend l\u00e4sst sich sagen, dass der Einbau von Schaltwippen Ihr Fahrerlebnis erheblich verbessern kann. Mit diesem Leitfaden sind Sie gut ger\u00fcstet, um den Einbau f\u00fcr verschiedene Modelle, darunter BMW, MINI und Toyota, in Angriff zu nehmen. Egal, ob Sie auf magnetische Schaltwippen umr\u00fcsten oder bei den Standardoptionen bleiben, folgen Sie unseren Videos und Tipps f\u00fcr einen erfolgreichen Einbau. Viel Spa\u00df beim Fahren!<\/p>\n\n\n\n<p>Denken Sie daran, dass die Reise mit dem Einbau nicht zu Ende ist. Beteiligen Sie sich an den Diskussionen in unserer Community, tauschen Sie Ihre Erfahrungen aus und bleiben Sie auf dem Laufenden \u00fcber die neuesten Trends bei Schaltwippen. Der Austausch mit anderen Enthusiasten kann Ihnen neue M\u00f6glichkeiten f\u00fcr Ihr Fahrzeug und Ihre Fahrabenteuer er\u00f6ffnen.<\/p>\n\n\n\n<h4 class=\"wp-block-heading\" id=\"h-toyota-supra-mk5-a90-and-a91\">Toyota Supra MK5 A90 und A91<\/h4>\n\n\n\n<figure class=\"wp-block-embed is-type-video is-provider-youtube wp-block-embed-youtube wp-embed-aspect-16-9 wp-has-aspect-ratio\"><div class=\"wp-block-embed__wrapper\">\n<iframe loading=\"lazy\" title=\"A90 Toyota Supra Ersatz Kohlefaser Paddle Shifter Installation!\" width=\"1020\" height=\"574\" src=\"https:\/\/www.youtube.com\/embed\/wcETA1-E6OI?feature=oembed\" frameborder=\"0\" allow=\"accelerometer; autoplay; clipboard-write; encrypted-media; gyroscope; picture-in-picture; web-share\" referrerpolicy=\"strict-origin-when-cross-origin\" allowfullscreen><\/iframe>\n<\/div><\/figure>\n\n\n\n<p><\/p>\n\n\n\n<h2 class=\"wp-block-heading\" id=\"h-magnetic-paddle-shifters\">Magnetische Schaltwippen: Ein innovatives Upgrade<\/h2>\n\n\n\n<h3 class=\"wp-block-heading\" id=\"h-how-to-upgrade-your-standard-f-series-shifters-into-magnetic-paddle-shifters\">Aufr\u00fcstung der serienm\u00e4\u00dfigen Schalthebel der F-Serie zu magnetischen Schaltwippen<\/h3>\n\n\n\n<figure class=\"wp-block-embed is-type-video is-provider-youtube wp-block-embed-youtube wp-embed-aspect-16-9 wp-has-aspect-ratio\"><div class=\"wp-block-embed__wrapper\">\n<iframe loading=\"lazy\" title=\"Fahren Sie jeden Tag einen Rennwagen! R\u00fcsten Sie Ihre Standard-Schalthebel in 5 Minuten zu magnetischen Schaltwippen auf.\" width=\"1020\" height=\"574\" src=\"https:\/\/www.youtube.com\/embed\/-n25kwetpZc?feature=oembed\" frameborder=\"0\" allow=\"accelerometer; autoplay; clipboard-write; encrypted-media; gyroscope; picture-in-picture; web-share\" referrerpolicy=\"strict-origin-when-cross-origin\" allowfullscreen><\/iframe>\n<\/div><\/figure>\n\n\n\n<figure class=\"wp-block-embed is-type-video is-provider-youtube wp-block-embed-youtube wp-embed-aspect-16-9 wp-has-aspect-ratio\"><div class=\"wp-block-embed__wrapper\">\n<iframe loading=\"lazy\" title=\"Wie Sie Ihre neuen magnetischen Schaltwippen in Ihren G-Serie BMW einbauen - PaddleShifterz\" width=\"1020\" height=\"574\" src=\"https:\/\/www.youtube.com\/embed\/CGriQUHDayA?feature=oembed\" frameborder=\"0\" allow=\"accelerometer; autoplay; clipboard-write; encrypted-media; gyroscope; picture-in-picture; web-share\" referrerpolicy=\"strict-origin-when-cross-origin\" allowfullscreen><\/iframe>\n<\/div><\/figure>\n\n\n\n<div style=\"height:71px\" aria-hidden=\"true\" class=\"wp-block-spacer\"><\/div>\n\n\n\n<hr class=\"wp-block-separator aligncenter has-alpha-channel-opacity is-style-default\"\/>\n\n\n\n<div style=\"height:70px\" aria-hidden=\"true\" class=\"wp-block-spacer\"><\/div>\n\n\n\n<h2 class=\"wp-block-heading\">Sektion \u2013 Magnetischer Kennzeichenhalter<\/h2>\n\n\n\n<h3 class=\"wp-block-heading\">Magnetischer Kennzeichenhaltersatz f\u00fcr BMW G87 M2<\/h3>\n\n\n\n<p>Follow our step by step install video on YouTube to learn how easily you can get rid of the big and bulky plastic license plate holder and upgrade to this magnetic kit.<\/p>\n\n\n\n<figure class=\"wp-block-embed is-type-video is-provider-youtube wp-block-embed-youtube wp-embed-aspect-16-9 wp-has-aspect-ratio\"><div class=\"wp-block-embed__wrapper\">\n<iframe loading=\"lazy\" title=\"How to install our magnetic license plate holders - G87 M2\" width=\"1020\" height=\"574\" src=\"https:\/\/www.youtube.com\/embed\/zv8Ia47iuCM?feature=oembed\" frameborder=\"0\" allow=\"accelerometer; autoplay; clipboard-write; encrypted-media; gyroscope; picture-in-picture; web-share\" referrerpolicy=\"strict-origin-when-cross-origin\" allowfullscreen><\/iframe>\n<\/div><\/figure>\n\n\n\n<h2 class=\"wp-block-heading\" id=\"h-we-are-here-to-help-you\">Wir sind hier, um Ihnen zu helfen<\/h2>\n\n\n\n<p>Wenn Sie Hilfe bei der Installation ben\u00f6tigen, k\u00f6nnen Sie uns gerne \u00fcber Facebook, Instagram oder E-Mail schreiben. Wir helfen gerne weiter. Eine weitere M\u00f6glichkeit, zu einem unserer Partner zu fahren, sind <a href=\"\/de\/our-partners\/\">Sie finden sie hier<\/a> und lassen Sie sich Ihre neuen Shifterz einbauen.<\/p>\n\n\n\n<p><\/p>\n\n\n\n<h2 class=\"wp-block-heading\" id=\"h-share-your-install-with-us\">Teilen Sie Ihre Installation mit uns und tauschen Sie sich mit anderen Enthusiasten aus<\/h2>\n\n\n\n<p>Wir w\u00fcrden uns freuen, Ihre installierten Schaltwippen zu sehen! Teilen Sie Ihre Ergebnisse mit uns auf Instagram und Facebook, indem Sie Folgendes markieren <strong>@paddleshifterz<\/strong> und unter Verwendung des Hashtags <strong>#Paddleshifter<\/strong>. Der Kontakt zu unserer Community kann Ihnen zus\u00e4tzliche Tipps und Unterst\u00fctzung f\u00fcr Ihre Einbauprojekte bieten, und vielleicht entdecken Sie sogar neue Techniken oder Modifikationen, die Ihr Fahrerlebnis noch weiter verbessern.<\/p>","protected":false},"excerpt":{"rendered":"<p>Learn how to install your new products Section &#8211; paddle shifters Learn how to install paddle shifter in your vehicle Learn how to install paddle shifter using our easy to follow install videos below. We have created one video for each brand &#8211; BMW, MINI, Toyota &#8211; so that you can find the right one [&#8230;]\n","protected":false},"author":1,"featured_media":0,"parent":0,"menu_order":0,"comment_status":"closed","ping_status":"closed","template":"","meta":{"bwfblock_default_font":"","footnotes":""},"class_list":["post-43761","page","type-page","status-publish","hentry"],"_links":{"self":[{"href":"https:\/\/paddleshifterz.com\/de\/wp-json\/wp\/v2\/pages\/43761","targetHints":{"allow":["GET"]}}],"collection":[{"href":"https:\/\/paddleshifterz.com\/de\/wp-json\/wp\/v2\/pages"}],"about":[{"href":"https:\/\/paddleshifterz.com\/de\/wp-json\/wp\/v2\/types\/page"}],"author":[{"embeddable":true,"href":"https:\/\/paddleshifterz.com\/de\/wp-json\/wp\/v2\/users\/1"}],"replies":[{"embeddable":true,"href":"https:\/\/paddleshifterz.com\/de\/wp-json\/wp\/v2\/comments?post=43761"}],"version-history":[{"count":0,"href":"https:\/\/paddleshifterz.com\/de\/wp-json\/wp\/v2\/pages\/43761\/revisions"}],"wp:attachment":[{"href":"https:\/\/paddleshifterz.com\/de\/wp-json\/wp\/v2\/media?parent=43761"}],"curies":[{"name":"wp","href":"https:\/\/api.w.org\/{rel}","templated":true}]}}