{"id":71384,"date":"2022-11-27T13:03:45","date_gmt":"2022-11-27T12:03:45","guid":{"rendered":"https:\/\/paddleshifterz.com\/?page_id=71384"},"modified":"2025-07-01T09:16:59","modified_gmt":"2025-07-01T08:16:59","slug":"about","status":"publish","type":"page","link":"https:\/\/paddleshifterz.com\/de\/about\/","title":{"rendered":"Erfahren Sie mehr \u00fcber den Mann hinter PaddleShifterz"},"content":{"rendered":"<div class=\"img has-hover x md-x lg-x y md-y lg-y\" id=\"image_699411028\">\n\t\t\t\t\t\t\t\t<div class=\"img-inner dark\" >\n\t\t\t<img loading=\"lazy\" decoding=\"async\" width=\"1820\" height=\"1023\" src=\"https:\/\/paddleshifterz.com\/wp-content\/uploads\/2022\/11\/PaddleShifterz-Szabolcs-Sztanyi.jpg\" class=\"attachment-large size-large\" alt=\"Mann mit gr\u00fcnem Kapuzenpulli neben einem roten BMW F30 330d aus Melbourne\" srcset=\"https:\/\/paddleshifterz.com\/wp-content\/uploads\/2022\/11\/PaddleShifterz-Szabolcs-Sztanyi.jpg 1820w, https:\/\/paddleshifterz.com\/wp-content\/uploads\/2022\/11\/PaddleShifterz-Szabolcs-Sztanyi-1200x675.jpg 1200w, https:\/\/paddleshifterz.com\/wp-content\/uploads\/2022\/11\/PaddleShifterz-Szabolcs-Sztanyi-64x36.jpg 64w\" sizes=\"auto, (max-width: 1820px) 100vw, 1820px\" \/>\t\t\t\t\t\t\n\t\t\t\t\t<\/div>\n\t\t\t\t\t\t\t\t\n<style>\n#image_699411028 {\n  width: 100%;\n}\n<\/style>\n\t<\/div>\n\t\n\n<div class=\"row row-large align-middle align-center row-divided\"  id=\"row-124234485\">\n\n\n\t<div id=\"col-871440486\" class=\"col small-12 large-12\"  >\n\t\t\t\t<div class=\"col-inner\"  >\n\t\t\t\n\t\t\t\n\n\t<div id=\"text-1953379291\" class=\"text\">\n\t\t\n\n<h1>Hallo, mein Name ist Szab.<\/h1>\r\nIch habe PaddleShifterz.com gegr\u00fcndet, weil ich einen besseren Satz Schaltwippen als die Originalwippen f\u00fcr meinen BMW F30 entwickeln wollte. Ende 2017 fing ich an, mein erstes Set mit Fusion 360 zu entwerfen, kaufte einen 3D-Drucker und begann, Prototypen zu drucken, um zu sehen, welche Version besser funktioniert, welches Design am besten aussieht. Wie beim Entwerfen und Prototyping \u00fcblich, habe ich viele schlechte Entw\u00fcrfe erstellt, viele falsche Versionen des endg\u00fcltigen St\u00fccks, das ich anstrebte. Ich hatte Schalthebel, die nach der ersten Schaltung abbrachen, und andere, bei denen das Design einfach nur h\u00e4sslich war. Aber ich habe nie aufgegeben, und nach vielen Versuchen und Fehlern habe ich schlie\u00dflich einen Schalthebel entworfen, der hervorragend funktionierte - \u00fcber den gesamten Schalthebel hinweg, egal wo man daran zog - und der wundersch\u00f6n aussah.\n\t\t\n<style>\n#text-1953379291 {\n  font-size: 1rem;\n}\n@media (min-width:850px) {\n  #text-1953379291 {\n    font-size: 1.2rem;\n  }\n}\n<\/style>\n\t<\/div>\n\t\n\n\t\t<\/div>\n\t\t\t\t\t<\/div>\n\n\t\n\n\t<div id=\"col-1267032099\" class=\"col medium-6 small-12 large-6\"  >\n\t\t\t\t<div class=\"col-inner\"  >\n\t\t\t\n\t\t\t\n\n\t<div id=\"text-3392345965\" class=\"text\">\n\t\t\n\n<p>Im Mai 2018 startete ich paddleshifterz.com mit dem ersten Design meiner Schaltwippen aus Aluminium, die in 5 verschiedenen Farben erh\u00e4ltlich sind. Nur ein paar Wochen sp\u00e4ter begann es an Zugkraft zu gewinnen und erhielt eine Menge positives Feedback von Kunden, die etwas Einzigartiges wollten, gut aussehende, l\u00e4ngere und besser gestaltete Schalthebel, die immer funktionieren, egal wo man mit ihnen interagiert.<br \/>\nSp\u00e4ter in diesem Jahr habe ich das urspr\u00fcngliche Design \u00fcberarbeitet und die <a href=\"https:\/\/paddleshifterz.com\/de\/produkt\/carbon-fiber-paddle-shifters-for-bmw-f-series\/\">Carbonfaser-Schaltwippen f\u00fcr die F-Serie.<\/a><\/p>\n<p>Seitdem habe ich Schalthebel f\u00fcr andere Marken wie MINI, Toyota (Supra) und Volkswagen 7\/7.5 entwickelt.<\/p>\n<p>Im Jahr 2021 baute ich das Gesch\u00e4ft noch weiter aus und begann, mehr und mehr Original BMW Produkte anzubieten, einschlie\u00dflich R\u00e4der und M Performance Teile f\u00fcr fast alle Modelle. Dazu wandte ich mich an den lokalen (in M\u00fcnchen, Deutschland) BMW-H\u00e4ndler, um einen guten Deal zu bekommen und bei diesem Projekt zusammenzuarbeiten.<\/p>\n<p>Im Jahr 2023 wird einer meiner Schaltwippen - <a href=\"https:\/\/paddleshifterz.com\/de\/produkt\/carbon-fiber-paddle-shifters-for-f-g-series\/\">Schaltwippen aus Kohlefaser f\u00fcr die F- und G-Serie<\/a> - wurde mit dem German Design Special Award 2023 in der Kategorie Excellent Product Design Automotive Parts and Accessories ausgezeichnet, was eine echte Ehre und Anerkennung daf\u00fcr ist, dass diese Produkte wirklich erstaunlich sind.<\/p>\n<p>2023. September - Ungeduldiges Warten auf die Lieferung der G87 M2.<\/p>\n\t\t\n<style>\n#text-3392345965 {\n  font-size: 1rem;\n}\n@media (min-width:850px) {\n  #text-3392345965 {\n    font-size: 1.2rem;\n  }\n}\n<\/style>\n\t<\/div>\n\t\n\n\t\t<\/div>\n\t\t\t\t\t<\/div>\n\n\t\n\n\t<div id=\"col-959082277\" class=\"col medium-6 small-12 large-6\"  >\n\t\t\t\t<div class=\"col-inner text-center\"  >\n\t\t\t\n\t\t\t\n\n\t<div class=\"img has-hover x md-x lg-x y md-y lg-y\" id=\"image_46682070\">\n\t\t\t\t\t\t\t\t<div class=\"img-inner dark\" >\n\t\t\t<img loading=\"lazy\" decoding=\"async\" width=\"2000\" height=\"2000\" src=\"https:\/\/paddleshifterz.com\/wp-content\/uploads\/2020\/11\/PaddleShifterz-Carbon-Fiber-paddle-shifters-for-FG-Series-and-Supra-red-main-image.jpg\" class=\"attachment-large size-large\" alt=\"PaddleShifterz Carbonfaser Schaltwippen f\u00fcr F:G Serie und Supra - rot main\" srcset=\"https:\/\/paddleshifterz.com\/wp-content\/uploads\/2020\/11\/PaddleShifterz-Carbon-Fiber-paddle-shifters-for-FG-Series-and-Supra-red-main-image.jpg 2000w, https:\/\/paddleshifterz.com\/wp-content\/uploads\/2020\/11\/PaddleShifterz-Carbon-Fiber-paddle-shifters-for-FG-Series-and-Supra-red-main-image-400x400.jpg 400w, https:\/\/paddleshifterz.com\/wp-content\/uploads\/2020\/11\/PaddleShifterz-Carbon-Fiber-paddle-shifters-for-FG-Series-and-Supra-red-main-image-100x100.jpg 100w, https:\/\/paddleshifterz.com\/wp-content\/uploads\/2020\/11\/PaddleShifterz-Carbon-Fiber-paddle-shifters-for-FG-Series-and-Supra-red-main-image-1200x1200.jpg 1200w, https:\/\/paddleshifterz.com\/wp-content\/uploads\/2020\/11\/PaddleShifterz-Carbon-Fiber-paddle-shifters-for-FG-Series-and-Supra-red-main-image-64x64.jpg 64w\" sizes=\"auto, (max-width: 2000px) 100vw, 2000px\" \/>\t\t\t\t\t\t\n\t\t\t\t\t<\/div>\n\t\t\t\t\t\t\t\t\n<style>\n#image_46682070 {\n  width: 100%;\n}\n<\/style>\n\t<\/div>\n\t\n\n\n\t\t<\/div>\n\t\t\t\t\t<\/div>\n\n\t\n\n<\/div>\n<div class=\"row row-small align-middle align-center row-divided\"  id=\"row-456130136\">\n\n\n\t<div id=\"col-840189478\" class=\"col medium-6 small-12 large-6\"  >\n\t\t\t\t<div class=\"col-inner\"  >\n\t\t\t\n\t\t\t\n\n\t<div class=\"img has-hover x md-x lg-x y md-y lg-y\" id=\"image_1318040894\">\n\t\t\t\t\t\t\t\t<div class=\"img-inner dark\" >\n\t\t\t<img loading=\"lazy\" decoding=\"async\" width=\"2000\" height=\"2000\" src=\"https:\/\/paddleshifterz.com\/wp-content\/uploads\/2022\/10\/PaddleShifterz-OEM-BMW-G82-M4-CSL-Strut-brace-51617885847-9.jpg\" class=\"attachment-large size-large\" alt=\"OEM BMW Domstrebe G82 M4 CSL, G80 M3 Domstrebe - 51617885847\" srcset=\"https:\/\/paddleshifterz.com\/wp-content\/uploads\/2022\/10\/PaddleShifterz-OEM-BMW-G82-M4-CSL-Strut-brace-51617885847-9.jpg 2000w, https:\/\/paddleshifterz.com\/wp-content\/uploads\/2022\/10\/PaddleShifterz-OEM-BMW-G82-M4-CSL-Strut-brace-51617885847-9-400x400.jpg 400w, https:\/\/paddleshifterz.com\/wp-content\/uploads\/2022\/10\/PaddleShifterz-OEM-BMW-G82-M4-CSL-Strut-brace-51617885847-9-100x100.jpg 100w, https:\/\/paddleshifterz.com\/wp-content\/uploads\/2022\/10\/PaddleShifterz-OEM-BMW-G82-M4-CSL-Strut-brace-51617885847-9-1200x1200.jpg 1200w, https:\/\/paddleshifterz.com\/wp-content\/uploads\/2022\/10\/PaddleShifterz-OEM-BMW-G82-M4-CSL-Strut-brace-51617885847-9-64x64.jpg 64w\" sizes=\"auto, (max-width: 2000px) 100vw, 2000px\" \/>\t\t\t\t\t\t\n\t\t\t\t\t<\/div>\n\t\t\t\t\t\t\t\t\n<style>\n#image_1318040894 {\n  width: 100%;\n}\n<\/style>\n\t<\/div>\n\t\n\n\n\t\t<\/div>\n\t\t\t\t\t<\/div>\n\n\t\n\n\t<div id=\"col-1457490452\" class=\"col medium-6 small-12 large-6\"  >\n\t\t\t\t<div class=\"col-inner text-left\"  >\n\t\t\t\n\t\t\t\n\n\t<div id=\"text-1670987456\" class=\"text\">\n\t\t\n\n<strong>Mein Auftrag:<\/strong> einer der besten Online-Shops zu sein, in dem Sie alle Informationen erhalten, die Sie f\u00fcr Ihr Fahrzeug ben\u00f6tigen, die Teile, die Sie brauchen und wie Sie sie einbauen k\u00f6nnen. Die Kundenbetreuung hat f\u00fcr mich oberste Priorit\u00e4t. Ich beantworte E-Mails, Nachrichten und Anfragen innerhalb von Minuten bis Stunden und l\u00f6se Probleme so schnell wie m\u00f6glich. Wenn Sie irgendwelche Fragen oder Bedenken haben, lassen Sie es uns bitte \u00fcber unser <a href=\"https:\/\/paddleshifterz.com\/de\/contact\/\">Kontaktseite<\/a>.\n\t\t\n<style>\n#text-1670987456 {\n  font-size: 1rem;\n}\n@media (min-width:850px) {\n  #text-1670987456 {\n    font-size: 1.2rem;\n  }\n}\n<\/style>\n\t<\/div>\n\t\n\n\t\t<\/div>\n\t\t\t\t\t<\/div>\n\n\t\n\n<\/div>\n<div class=\"row row-small align-middle align-center row-divided\"  id=\"row-837299471\">\n\n\n\t<div id=\"col-902013534\" class=\"col medium-6 small-12 large-6\"  >\n\t\t\t\t<div class=\"col-inner text-left\"  >\n\t\t\t\n\t\t\t\n\n\t<div id=\"text-1550942980\" class=\"text\">\n\t\t\n\nIm Dezember 2023 habe ich eines meiner Ziele erreicht, indem ich einen sch\u00f6nen, brandneuen Toronto Red G87 M2 erworben habe (ich musste nur 3 Monate darauf warten), der mir neue M\u00f6glichkeiten er\u00f6ffnete und mir erlaubte, das Fahrzeug nach meinen eigenen Bed\u00fcrfnissen und W\u00fcnschen zu bauen. Mein Plan ist es, kundenspezifische Kohlefaserprodukte f\u00fcr diese Plattform herzustellen und mehr und mehr Teile auch f\u00fcr andere BMWs und MINIs zu bauen. Das Fahrzeug wurde 3d gescannt von <a href=\"https:\/\/faserschmiede.de\/\" target=\"_blank\" rel=\"noopener\">Faserschmiede Carbon GmbH<\/a> unserem langj\u00e4hrigen Partner, der unsere Schaltwippen aus Kohlefaser herstellt und in Zukunft auch unsere neuen Kohlefaserteile fertigen wird. Ich habe praktisch vom ersten Tag an mit ihnen zusammengearbeitet und seitdem nicht mehr aufgeh\u00f6rt.\n\t\t\n<style>\n#text-1550942980 {\n  font-size: 1rem;\n}\n@media (min-width:850px) {\n  #text-1550942980 {\n    font-size: 1.2rem;\n  }\n}\n<\/style>\n\t<\/div>\n\t\n\n\t\t<\/div>\n\t\t\t\t\t<\/div>\n\n\t\n\n\t<div id=\"col-1297172979\" class=\"col medium-6 small-12 large-6\"  >\n\t\t\t\t<div class=\"col-inner\"  >\n\t\t\t\n\t\t\t\n\n\t<div class=\"img has-hover x md-x lg-x y md-y lg-y\" id=\"image_709482891\">\n\t\t\t\t\t\t\t\t<div class=\"img-inner dark\" >\n\t\t\t<img loading=\"lazy\" decoding=\"async\" width=\"2000\" height=\"1125\" src=\"https:\/\/paddleshifterz.com\/wp-content\/uploads\/2025\/06\/PaddleShifterz-Cover-Image-with-a-toronto-red-BMW-G87-M2-in-the-mountains-with-M-performance-parts.jpg\" class=\"attachment-large size-large\" alt=\"PaddleShifterz Coverbild mit einem toronto roten BMW G87 M2 in den Bergen mit M Performance Teilen\" srcset=\"https:\/\/paddleshifterz.com\/wp-content\/uploads\/2025\/06\/PaddleShifterz-Cover-Image-with-a-toronto-red-BMW-G87-M2-in-the-mountains-with-M-performance-parts.jpg 2000w, https:\/\/paddleshifterz.com\/wp-content\/uploads\/2025\/06\/PaddleShifterz-Cover-Image-with-a-toronto-red-BMW-G87-M2-in-the-mountains-with-M-performance-parts-1200x675.jpg 1200w, https:\/\/paddleshifterz.com\/wp-content\/uploads\/2025\/06\/PaddleShifterz-Cover-Image-with-a-toronto-red-BMW-G87-M2-in-the-mountains-with-M-performance-parts-64x36.jpg 64w\" sizes=\"auto, (max-width: 2000px) 100vw, 2000px\" \/>\t\t\t\t\t\t\n\t\t\t\t\t<\/div>\n\t\t\t\t\t\t\t\t\n<style>\n#image_709482891 {\n  width: 100%;\n}\n<\/style>\n\t<\/div>\n\t\n\n\n\t\t<\/div>\n\t\t\t\t\t<\/div>\n\n\t\n\n<\/div>","protected":false},"excerpt":{"rendered":"","protected":false},"author":1,"featured_media":0,"parent":0,"menu_order":0,"comment_status":"closed","ping_status":"closed","template":"","meta":{"bwfblock_default_font":"","footnotes":""},"class_list":["post-71384","page","type-page","status-publish","hentry"],"_links":{"self":[{"href":"https:\/\/paddleshifterz.com\/de\/wp-json\/wp\/v2\/pages\/71384","targetHints":{"allow":["GET"]}}],"collection":[{"href":"https:\/\/paddleshifterz.com\/de\/wp-json\/wp\/v2\/pages"}],"about":[{"href":"https:\/\/paddleshifterz.com\/de\/wp-json\/wp\/v2\/types\/page"}],"author":[{"embeddable":true,"href":"https:\/\/paddleshifterz.com\/de\/wp-json\/wp\/v2\/users\/1"}],"replies":[{"embeddable":true,"href":"https:\/\/paddleshifterz.com\/de\/wp-json\/wp\/v2\/comments?post=71384"}],"version-history":[{"count":0,"href":"https:\/\/paddleshifterz.com\/de\/wp-json\/wp\/v2\/pages\/71384\/revisions"}],"wp:attachment":[{"href":"https:\/\/paddleshifterz.com\/de\/wp-json\/wp\/v2\/media?parent=71384"}],"curies":[{"name":"wp","href":"https:\/\/api.w.org\/{rel}","templated":true}]}}