{"id":100237,"date":"2025-07-07T08:19:56","date_gmt":"2025-07-07T07:19:56","guid":{"rendered":"https:\/\/paddleshifterz.com\/?post_type=product&#038;p=100237"},"modified":"2025-10-24T07:43:45","modified_gmt":"2025-10-24T06:43:45","slug":"magnetic-downgrade-kit-for-bmw-toyota-and-mini","status":"publish","type":"product","link":"https:\/\/paddleshifterz.com\/de\/magnetic-downgrade-kit-for-bmw-toyota-and-mini\/","title":{"rendered":"Magnetic Downgrade Kit f\u00fcr BMW, Toyota und MINI"},"content":{"rendered":"<h2>Einrichtung<\/h2>\n<p>Der Einbau ist sehr einfach, Sie m\u00fcssen den Magnetsatz von Ihren Schalthebeln entfernen, die Einlagen ausbauen und durch diesen Satz ersetzen, dann nehmen Sie das Bauteil mit der Platine von Ihren originalen BMW-Schaltern und bauen Sie es zusammen.<\/p>\n<h2>Was ist inbegriffen?<\/h2>\n<ul>\n<li>2x Inlays f\u00fcr die Schaltwippen<\/li>\n<li>4x Schrauben<\/li>\n<li><em>(enth\u00e4lt nicht die eigentlichen Schaltwippen, diese k\u00f6nnen separat erworben werden)<\/em><\/li>\n<\/ul>\n<h2>Geeignet f\u00fcr folgende Schaltwippen<\/h2>\n<ul>\n<li><a href=\"https:\/\/paddleshifterz.com\/de\/produkt\/modular-carbon-fiber-paddle-shifters-for-bmw-f-series\/\">Carbon-Schaltwippen f\u00fcr BMW F-Serie<\/a><\/li>\n<li><a href=\"https:\/\/paddleshifterz.com\/de\/produkt\/carbon-fiber-paddle-shifters-for-mini-f-series\/\">Carbonfaser-Schaltwippen f\u00fcr MINI F Serie<\/a><\/li>\n<li><a href=\"https:\/\/paddleshifterz.com\/de\/produkt\/modular-carbon-fiber-paddle-shifters-for-f-g-series-and-supra\/\">Modulare Carbon Schaltwippen f\u00fcr die G-Serie und Supra<\/a><\/li>\n<\/ul>","protected":false},"excerpt":{"rendered":"<p>Dies ist ein Satz Inlays f\u00fcr unsere Schaltwippen, mit denen Sie Ihre magnetischen Schaltwippen (nur f\u00fcr Schaltwippen von PaddleShifterz) umr\u00fcsten k\u00f6nnen. Mit diesem Kit k\u00f6nnen Sie Ihre Schaltwippen so umbauen, dass sie nicht mehr magnetisch sind. Wenn Sie zum urspr\u00fcnglichen Schaltwippen-Setup zur\u00fcckkehren m\u00f6chten, ist dieses Kit genau das Richtige f\u00fcr Sie.<\/p>","protected":false},"featured_media":100241,"template":"","meta":{"bwfblock_default_font":""},"product_brand":[],"product_cat":[1216,433],"product_tag":[],"class_list":{"0":"post-100237","1":"product","2":"type-product","3":"status-publish","4":"has-post-thumbnail","6":"product_cat-magnetic-paddle-shifters","7":"product_cat-paddle-shifters","8":"product_shipping_class-shifterz","9":"pa_brand-paddleshifterz","10":"pa_product-type-aftermarket","11":"pa_vehicles-bmw-f06-f12-f13","12":"pa_vehicles-bmw-m6-f06-f12-f13","13":"pa_vehicles-bmw-f07-gt","14":"pa_vehicles-bmw-m5-f10","15":"pa_vehicles-bmw-f10-f11","16":"pa_vehicles-bmw-f15-x5","17":"pa_vehicles-bmw-f16-x6","18":"pa_vehicles-bmw-f20-f21","19":"pa_vehicles-bmw-f22-f23","20":"pa_vehicles-bmw-f25-x3","21":"pa_vehicles-bmw-f26-x4","22":"pa_vehicles-bmw-f30","23":"pa_vehicles-bmw-f31","24":"pa_vehicles-bmw-f32","25":"pa_vehicles-bmw-f33","26":"pa_vehicles-bmw-f34","27":"pa_vehicles-bmw-f36","28":"pa_vehicles-bmw-f39-x2","29":"pa_vehicles-bmw-f40","30":"pa_vehicles-bmw-f44","31":"pa_vehicles-bmw-f45","32":"pa_vehicles-bmw-f46","33":"pa_vehicles-bmw-f47-x2","34":"pa_vehicles-bmw-f48-x1","35":"pa_vehicles-bmw-f80-m3","36":"pa_vehicles-bmw-f82-m4","37":"pa_vehicles-4-series-f83-m4","38":"pa_vehicles-bmw-f85-x5m","39":"pa_vehicles-bmw-f86-x6m","40":"pa_vehicles-bmw-f87-m2","41":"pa_vehicles-bmw-f90-m5","42":"pa_vehicles-bmw-m8-f91-f92-f93","43":"pa_vehicles-bmw-f95-x5m","44":"pa_vehicles-bmw-f96-x6m","45":"pa_vehicles-bmw-f97-x3m","46":"pa_vehicles-bmw-f98-x4m","47":"pa_vehicles-bmw-g01-x3","48":"pa_vehicles-bmw-g02-x4","49":"pa_vehicles-bmw-g05-x5","50":"pa_vehicles-bmw-x6-g06","51":"pa_vehicles-bmw-g07-x7","52":"pa_vehicles-bmw-g07-x7-lci","53":"pa_vehicles-bmw-g09-xm","54":"pa_vehicles-bmw-g11-g12","55":"pa_vehicles-bmw-g14-g15-g16","56":"pa_vehicles-bmw-g20","57":"pa_vehicles-bmw-g21","58":"pa_vehicles-bmw-g22","59":"pa_vehicles-bmw-g23","60":"pa_vehicles-bmw-g26-grancoupe","61":"pa_vehicles-bmw-z4-g29","62":"pa_vehicles-bmw-g30","63":"pa_vehicles-bmw-g31","64":"pa_vehicles-bmw-g32","65":"pa_vehicles-bmw-g42","66":"pa_vehicles-bmw-g80-m3","67":"pa_vehicles-bmw-g81-m3-touring","68":"pa_vehicles-bmw-g82-m4-csl","69":"pa_vehicles-bmw-g82-m4","70":"pa_vehicles-bmw-g83-m4","71":"pa_vehicles-bmw-g87-m2","72":"pa_vehicles-bmw-i8","73":"pa_vehicles-mini-f54","74":"pa_vehicles-mini-f55","75":"pa_vehicles-mini-f56","76":"pa_vehicles-mini-f56-gp3","77":"pa_vehicles-mini-f57","78":"pa_vehicles-mini-f60-countryman","79":"pa_vehicles-supra-a90-a91","81":"first","82":"instock","83":"taxable","84":"shipping-taxable","85":"purchasable","86":"product-type-simple"},"bundled_by":[],"bundle_stock_status":"instock","bundle_stock_quantity":19,"bundle_virtual":false,"bundle_layout":"","bundle_add_to_cart_form_location":"","bundle_editable_in_cart":false,"bundle_sold_individually_context":"","bundle_item_grouping":"","bundle_min_size":"","bundle_max_size":"","bundle_price":[],"bundled_items":[],"bundle_sell_ids":[],"_links":{"self":[{"href":"https:\/\/paddleshifterz.com\/de\/wp-json\/wp\/v2\/product\/100237","targetHints":{"allow":["GET"]}}],"collection":[{"href":"https:\/\/paddleshifterz.com\/de\/wp-json\/wp\/v2\/product"}],"about":[{"href":"https:\/\/paddleshifterz.com\/de\/wp-json\/wp\/v2\/types\/product"}],"wp:featuredmedia":[{"embeddable":true,"href":"https:\/\/paddleshifterz.com\/de\/wp-json\/wp\/v2\/media\/100241"}],"wp:attachment":[{"href":"https:\/\/paddleshifterz.com\/de\/wp-json\/wp\/v2\/media?parent=100237"}],"wp:term":[{"taxonomy":"product_brand","embeddable":true,"href":"https:\/\/paddleshifterz.com\/de\/wp-json\/wp\/v2\/product_brand?post=100237"},{"taxonomy":"product_cat","embeddable":true,"href":"https:\/\/paddleshifterz.com\/de\/wp-json\/wp\/v2\/product_cat?post=100237"},{"taxonomy":"product_tag","embeddable":true,"href":"https:\/\/paddleshifterz.com\/de\/wp-json\/wp\/v2\/product_tag?post=100237"}],"curies":[{"name":"wp","href":"https:\/\/api.w.org\/{rel}","templated":true}]}}