{"id":100678,"date":"2025-07-22T19:52:06","date_gmt":"2025-07-22T18:52:06","guid":{"rendered":"https:\/\/paddleshifterz.com\/?post_type=product&#038;p=100678"},"modified":"2025-10-24T07:44:05","modified_gmt":"2025-10-24T06:44:05","slug":"oem-bmw-50-year-m-edition-headrest-52107858150","status":"publish","type":"product","link":"https:\/\/paddleshifterz.com\/de\/oem-bmw-50-year-m-edition-headrest-52107858150\/","title":{"rendered":"OEM BMW 50 Jahre M Edition Kopfst\u00fctze - 52107858150"},"content":{"rendered":"<p>Veredeln Sie den Innenraum Ihres BMW mit der authentischen OEM BMW 50 Year M Edition Kopfst\u00fctze (Teilenummer: 52107858470).<br \/>\nDiese Original BMW Kopfst\u00fctze ist ein direkter Ersatz f\u00fcr die exklusive \"50 Year M Edition\" und verleiht Ihrem Fahrzeug einen Hauch von Motorsportkultur. Speziell f\u00fcr die M Sport Sitze entwickelt, bietet diese Kopfst\u00fctze optimalen Halt und Komfort und unterstreicht die sportliche \u00c4sthetik Ihres BMW. Sorgen Sie f\u00fcr eine perfekte Passform und erhalten Sie die Originalqualit\u00e4t Ihres Fahrzeugs mit diesem OEM-Teil. Verbessern Sie Ihr Fahrerlebnis mit dieser seltenen und stilvollen BMW 50 Year M Edition Kopfst\u00fctze.<\/p>\n<h2>Passende Fahrzeuge<\/h2>\n<p>Geeignet f\u00fcr folgende Fahrzeuge (mit Carbon-Schalensitzen):<\/p>\n<ul>\n<li>BMW G80 M3<\/li>\n<li>BMW G81 M3 Touring<\/li>\n<li>BMW G82 M4<\/li>\n<li>BMW G83 M4<\/li>\n<li>BMW G87 M2<\/li>\n<\/ul>","protected":false},"excerpt":{"rendered":"<p>Original BMW 50 Jahre M Edition Leder Kopfst\u00fctze aus den 50 Jahre M Edition Fahrzeugen. <strong>Diese Kopfst\u00fctze ist nur f\u00fcr die M Sport-Sitze geeignet (<\/strong><a href=\"https:\/\/paddleshifterz.com\/de\/produkt\/oem-bmw-50-year-m-edition-headrest-52107858470\/\">f\u00fcr Carbon-Schalensitze bitte dieses Produkt beachten<\/a><strong>)<\/strong>. Sie k\u00f6nnen finden <a href=\"https:\/\/paddleshifterz.com\/de\/produkt-kategorie\/50-year-m\/\">andere 50 Year M Produkte hier<\/a>.<\/p>","protected":false},"featured_media":0,"template":"","meta":{"bwfblock_default_font":""},"product_brand":[],"product_cat":[1090,593,1311],"product_tag":[],"class_list":{"0":"post-100678","1":"product","2":"type-product","3":"status-publish","5":"product_cat-50-year-m","6":"product_cat-interior","7":"product_cat-seats-accessories","8":"product_shipping_class-shifterz","9":"pa_brand-bmw","10":"pa_product-type-oem-original-equipment-manufacturer","11":"pa_vehicles-bmw-g80-m3","12":"pa_vehicles-bmw-g81-m3-touring","13":"pa_vehicles-bmw-g82-m4","14":"pa_vehicles-bmw-g83-m4","15":"pa_vehicles-bmw-g87-m2","17":"first","18":"onbackorder","19":"taxable","20":"shipping-taxable","21":"purchasable","22":"product-type-simple"},"bundled_by":[],"bundle_stock_status":"onbackorder","bundle_stock_quantity":0,"bundle_virtual":false,"bundle_layout":"","bundle_add_to_cart_form_location":"","bundle_editable_in_cart":false,"bundle_sold_individually_context":"","bundle_item_grouping":"","bundle_min_size":"","bundle_max_size":"","bundle_price":[],"bundled_items":[],"bundle_sell_ids":[],"_links":{"self":[{"href":"https:\/\/paddleshifterz.com\/de\/wp-json\/wp\/v2\/product\/100678","targetHints":{"allow":["GET"]}}],"collection":[{"href":"https:\/\/paddleshifterz.com\/de\/wp-json\/wp\/v2\/product"}],"about":[{"href":"https:\/\/paddleshifterz.com\/de\/wp-json\/wp\/v2\/types\/product"}],"wp:attachment":[{"href":"https:\/\/paddleshifterz.com\/de\/wp-json\/wp\/v2\/media?parent=100678"}],"wp:term":[{"taxonomy":"product_brand","embeddable":true,"href":"https:\/\/paddleshifterz.com\/de\/wp-json\/wp\/v2\/product_brand?post=100678"},{"taxonomy":"product_cat","embeddable":true,"href":"https:\/\/paddleshifterz.com\/de\/wp-json\/wp\/v2\/product_cat?post=100678"},{"taxonomy":"product_tag","embeddable":true,"href":"https:\/\/paddleshifterz.com\/de\/wp-json\/wp\/v2\/product_tag?post=100678"}],"curies":[{"name":"wp","href":"https:\/\/api.w.org\/{rel}","templated":true}]}}