{"id":100693,"date":"2025-07-23T18:31:43","date_gmt":"2025-07-23T17:31:43","guid":{"rendered":"https:\/\/paddleshifterz.com\/?post_type=product&#038;p=100693"},"modified":"2025-10-24T07:44:06","modified_gmt":"2025-10-24T06:44:06","slug":"oem-bmw-m-performance-floor-mats-for-bmw-f70","status":"publish","type":"product","link":"https:\/\/paddleshifterz.com\/de\/oem-bmw-m-performance-floor-mats-for-bmw-f70\/","title":{"rendered":"OEM BMW M Performance Fu\u00dfmatten f\u00fcr BMW F70"},"content":{"rendered":"","protected":false},"excerpt":{"rendered":"<p>Original BMW M Performance Fu\u00dfmatten mit M Performance Logo und Farben f\u00fcr BMW F70, erh\u00e4ltlich als Links- und Rechtslenkerversion.<\/p>\n<p>Linkslenker: 51475B4D542<\/p>\n<p>Rechtslenker: 51475B4D3A4<\/p>","protected":false},"featured_media":84929,"template":"","meta":{"bwfblock_default_font":""},"product_brand":[],"product_cat":[593,1115],"product_tag":[],"class_list":{"0":"post-100693","1":"product","2":"type-product","3":"status-publish","4":"has-post-thumbnail","6":"product_cat-interior","7":"product_cat-floor-mats","8":"product_shipping_class-shifterz","9":"pa_brand-bmw","10":"pa_brand-m-performance","11":"pa_product-type-oem-original-equipment-manufacturer","12":"pa_vehicles-bmw-f70","14":"first","15":"onbackorder","16":"taxable","17":"shipping-taxable","18":"purchasable","19":"product-type-variable"},"bundled_by":[],"bundle_stock_status":"onbackorder","bundle_stock_quantity":null,"bundle_virtual":false,"bundle_layout":"","bundle_add_to_cart_form_location":"","bundle_editable_in_cart":false,"bundle_sold_individually_context":"","bundle_item_grouping":"","bundle_min_size":"","bundle_max_size":"","bundle_price":[],"bundled_items":[],"bundle_sell_ids":[],"_links":{"self":[{"href":"https:\/\/paddleshifterz.com\/de\/wp-json\/wp\/v2\/product\/100693","targetHints":{"allow":["GET"]}}],"collection":[{"href":"https:\/\/paddleshifterz.com\/de\/wp-json\/wp\/v2\/product"}],"about":[{"href":"https:\/\/paddleshifterz.com\/de\/wp-json\/wp\/v2\/types\/product"}],"wp:featuredmedia":[{"embeddable":true,"href":"https:\/\/paddleshifterz.com\/de\/wp-json\/wp\/v2\/media\/84929"}],"wp:attachment":[{"href":"https:\/\/paddleshifterz.com\/de\/wp-json\/wp\/v2\/media?parent=100693"}],"wp:term":[{"taxonomy":"product_brand","embeddable":true,"href":"https:\/\/paddleshifterz.com\/de\/wp-json\/wp\/v2\/product_brand?post=100693"},{"taxonomy":"product_cat","embeddable":true,"href":"https:\/\/paddleshifterz.com\/de\/wp-json\/wp\/v2\/product_cat?post=100693"},{"taxonomy":"product_tag","embeddable":true,"href":"https:\/\/paddleshifterz.com\/de\/wp-json\/wp\/v2\/product_tag?post=100693"}],"curies":[{"name":"wp","href":"https:\/\/api.w.org\/{rel}","templated":true}]}}