{"id":100771,"date":"2025-07-27T10:35:55","date_gmt":"2025-07-27T09:35:55","guid":{"rendered":"https:\/\/paddleshifterz.com\/?post_type=product&#038;p=100771"},"modified":"2026-04-03T10:04:05","modified_gmt":"2026-04-03T09:04:05","slug":"mini-jcw-fuel-tank-carbon-fiber-cap-new-gen-16115b4ead4","status":"publish","type":"product","link":"https:\/\/paddleshifterz.com\/de\/mini-jcw-fuel-tank-carbon-fiber-cap-new-gen-16115b4ead4\/","title":{"rendered":"MINI JCW Tankdeckel Carbon (NEW GEN) - 16115B4EAD4"},"content":{"rendered":"<p>Der John Cooper Works Tankdeckel Carbon bietet eine deutliche optische Aufwertung des bestehenden Tankdeckels. Die Fertigung aus dem Motorsport-Material Carbon verspricht eine moderne, hochwertige Optik. Der John Cooper Works Schriftzug auf geb\u00fcrstetem Aluminium sorgt f\u00fcr eine extrem hohe Wertigkeit. Der John Cooper Works Tankdeckel Carbon hat eine optimale Passform. Das Original MINI Bauteil bietet beste Best\u00e4ndigkeit gegen Benzin- und Dieselkraftstoffe. Getestet und gepr\u00fcft nach den strengen BMW Group Standards f\u00fcr lange Haltbarkeit. Keine Einschr\u00e4nkung der Funktion des vorhandenen Tankdeckels.<br \/>\nTechnische Daten<\/p>\n<p>F\u00fcr alle Fahrzeuge mit Otto-Kraftstoff ab 11\/2006.<br \/>\nF\u00fcr alle Fahrzeuge mit Dieselkraftstoff ab 03\/2010.<\/p>\n<p>An der Innenseite des Tankdeckels werden Klebepads angebracht, die zur Befestigung auf dem vorhandenen Tankdeckel dienen.<br \/>\nF\u00fcr die einfache Montage (Verkleben) ist kein Werkstattbesuch erforderlich.<\/p>","protected":false},"excerpt":{"rendered":"<p>SKU: 16115B4EAD4<br \/>\nDer Carbon-Tankdeckel ist ein Abdeckdeckel f\u00fcr den bestehenden Tankdeckel, der durch seine Fertigung aus echtem Carbon und das exklusive John Cooper Works Branding einen optischen Mehrwert schafft.<\/p>","protected":false},"featured_media":100772,"template":"","meta":{"bwfblock_default_font":""},"product_brand":[],"product_cat":[1113],"product_tag":[],"class_list":{"0":"post-100771","1":"product","2":"type-product","3":"status-publish","4":"has-post-thumbnail","6":"product_cat-exterior","7":"pa_brand-mini","8":"pa_brand-mini-jcw","9":"pa_product-type-oem-original-equipment-manufacturer","10":"pa_vehicles-mini-f66","11":"pa_vehicles-mini-u25-countryman","13":"first","14":"instock","15":"taxable","16":"shipping-taxable","17":"purchasable","18":"product-type-simple"},"bundled_by":[],"bundle_stock_status":"instock","bundle_stock_quantity":1,"bundle_virtual":false,"bundle_layout":"","bundle_add_to_cart_form_location":"","bundle_editable_in_cart":false,"bundle_sold_individually_context":"","bundle_item_grouping":"","bundle_min_size":"","bundle_max_size":"","bundle_price":[],"bundled_items":[],"bundle_sell_ids":[],"_links":{"self":[{"href":"https:\/\/paddleshifterz.com\/de\/wp-json\/wp\/v2\/product\/100771","targetHints":{"allow":["GET"]}}],"collection":[{"href":"https:\/\/paddleshifterz.com\/de\/wp-json\/wp\/v2\/product"}],"about":[{"href":"https:\/\/paddleshifterz.com\/de\/wp-json\/wp\/v2\/types\/product"}],"wp:featuredmedia":[{"embeddable":true,"href":"https:\/\/paddleshifterz.com\/de\/wp-json\/wp\/v2\/media\/100772"}],"wp:attachment":[{"href":"https:\/\/paddleshifterz.com\/de\/wp-json\/wp\/v2\/media?parent=100771"}],"wp:term":[{"taxonomy":"product_brand","embeddable":true,"href":"https:\/\/paddleshifterz.com\/de\/wp-json\/wp\/v2\/product_brand?post=100771"},{"taxonomy":"product_cat","embeddable":true,"href":"https:\/\/paddleshifterz.com\/de\/wp-json\/wp\/v2\/product_cat?post=100771"},{"taxonomy":"product_tag","embeddable":true,"href":"https:\/\/paddleshifterz.com\/de\/wp-json\/wp\/v2\/product_tag?post=100771"}],"curies":[{"name":"wp","href":"https:\/\/api.w.org\/{rel}","templated":true}]}}