{"id":100874,"date":"2025-07-31T19:36:28","date_gmt":"2025-07-31T18:36:28","guid":{"rendered":"https:\/\/paddleshifterz.com\/?post_type=product&#038;p=100874"},"modified":"2025-10-24T07:44:13","modified_gmt":"2025-10-24T06:44:13","slug":"kw-coilover-suspension-v4-incl-deactivation-for-electronic-dampers-xdrive","status":"publish","type":"product","link":"https:\/\/paddleshifterz.com\/de\/kw-coilover-suspension-v4-incl-deactivation-for-electronic-dampers-xdrive\/","title":{"rendered":"KW Coilover suspension V4 (incl. damper deact.) &#8211; xDrive"},"content":{"rendered":"<p><strong>KW V4 coilovers &#8211; State of the Art<\/strong><\/p>\n<p>With the KW V4 coilover kit with its coilover struts made of stainless steel, you will give your super sports car the necessary reserves to further increase the driving dynamics. The three way adjustable high-performance shock absorbers with their independent adjustment of the rebound and low speed as well as high speed compression damping are based on the successful racing technology of the multiple overall winners of the ADAC Zurich 24h N\u00fcrburgring and depending on the vehicle-specific design, they also feature aluminum top mounts. The KW V4 is developed exclusively for selected high-performance vehicles, which can be driven more safely at the driving dynamics limit with our KW suspension technology.<\/p>\n<p>&#8211; 3-way adjustable high-performance dampers with coilover struts made of stainless steel<br \/>\n&#8211; Separate and independent damper setup in:<br \/>\n&#8211; Rebound damping with 16 exact clicks + (tighter) \/ &#8211; (more comfortable)<br \/>\n&#8211; Low speed damping with 6 exact clicks + (tighter) \/ &#8211; (more comfortable)<br \/>\n&#8211; High speed damping with 14 exact clicks + (tighter) \/ &#8211; (more comfortable)<br \/>\n&#8211; Two basic setups with comfort adjustment and performance setup<br \/>\n&#8211; Depending on the car, the aluminium top mounts are an integral part of the delivery<\/p>\n<p>Conditions\/Instructions:<br \/>\nH\u00f6henverstellbare Vorder- und Hinterachsen (Gewinde-Federbeingeh\u00e4use an der Vorderachse, verstellbare Federn + D\u00e4mpfer an der Hinterachse)<br \/>\nDie D\u00e4mpfer werden \u00fcber leichtg\u00e4ngige Einstellr\u00e4der eingestellt. Die Zugstufe ist nur einstellbar, wenn das obere Ende der Kolbenstange zug\u00e4nglich ist. Dies h\u00e4ngt von der Konstruktion des Fahrzeugs ab.<br \/>\nDie elektronische D\u00e4mpfungsregelung muss deaktiviert werden. Der Deaktivierungssatz ist im Lieferumfang enthalten.<\/p>","protected":false},"excerpt":{"rendered":"<p>Produktlinie: Stra\u00dfe Leistung<br \/>\nTieferlegung FA\/RA (mm): 20-35\/15-30<br \/>\nVersion: V4<br \/>\nEinstellung der D\u00e4mpfung: Zugstufen- und Druckstufend\u00e4mpfung<br \/>\nMaterial: Rostfreier Stahl<br \/>\nEinstellung FA\/RA: Gewinde\/Gewinde<br \/>\nGenehmigung: Teilegutachten (\u00a719.3)<br \/>\nInhalt der Lieferung: Satz FA Gewindefahrwerk-Federbeine, RA-Federn mit H\u00f6henverstellung + D\u00e4mpfer inkl. Abbruchkit f. elektr.<\/p>\n<p>Car type: BMW 3 (G20, G80) G3L 11\/2018- M3 Competition xDrive &#8211; 375kW &#8211; 2993ccm &#8211; 6 cyl. &#8211; All-wheel Drive, Only Models Axle Load FA\/RA (kg): -1160\/-1200<\/p>\n<p><strong>For vehicles with xDrive (all wheel drive) system only (G20, G22, G80, G82), for RWD <a href=\"https:\/\/paddleshifterz.com\/de\/produkt\/kw-coilover-suspension-v4-incl-deactivation-for-electronic-dampers-rwd\/\">beziehen Sie sich bitte auf dieses Produkt.<\/a><\/strong><\/p>","protected":false},"featured_media":100878,"template":"","meta":{"bwfblock_default_font":""},"product_brand":[],"product_cat":[1727,1309],"product_tag":[],"class_list":{"0":"post-100874","1":"product","2":"type-product","3":"status-publish","4":"has-post-thumbnail","6":"product_cat-performance","7":"product_cat-suspensions-accessories","8":"product_shipping_class-shifterz","9":"pa_brand-kw-automotive","10":"pa_product-type-aftermarket","11":"pa_vehicles-bmw-g20","12":"pa_vehicles-bmw-g22","13":"pa_vehicles-bmw-g80-m3","14":"pa_vehicles-bmw-g82-m4","16":"first","17":"onbackorder","18":"taxable","19":"shipping-taxable","20":"purchasable","21":"product-type-simple"},"bundled_by":[],"bundle_stock_status":"onbackorder","bundle_stock_quantity":0,"bundle_virtual":false,"bundle_layout":"","bundle_add_to_cart_form_location":"","bundle_editable_in_cart":false,"bundle_sold_individually_context":"","bundle_item_grouping":"","bundle_min_size":"","bundle_max_size":"","bundle_price":[],"bundled_items":[],"bundle_sell_ids":[],"_links":{"self":[{"href":"https:\/\/paddleshifterz.com\/de\/wp-json\/wp\/v2\/product\/100874","targetHints":{"allow":["GET"]}}],"collection":[{"href":"https:\/\/paddleshifterz.com\/de\/wp-json\/wp\/v2\/product"}],"about":[{"href":"https:\/\/paddleshifterz.com\/de\/wp-json\/wp\/v2\/types\/product"}],"wp:featuredmedia":[{"embeddable":true,"href":"https:\/\/paddleshifterz.com\/de\/wp-json\/wp\/v2\/media\/100878"}],"wp:attachment":[{"href":"https:\/\/paddleshifterz.com\/de\/wp-json\/wp\/v2\/media?parent=100874"}],"wp:term":[{"taxonomy":"product_brand","embeddable":true,"href":"https:\/\/paddleshifterz.com\/de\/wp-json\/wp\/v2\/product_brand?post=100874"},{"taxonomy":"product_cat","embeddable":true,"href":"https:\/\/paddleshifterz.com\/de\/wp-json\/wp\/v2\/product_cat?post=100874"},{"taxonomy":"product_tag","embeddable":true,"href":"https:\/\/paddleshifterz.com\/de\/wp-json\/wp\/v2\/product_tag?post=100874"}],"curies":[{"name":"wp","href":"https:\/\/api.w.org\/{rel}","templated":true}]}}