{"id":100881,"date":"2025-07-31T20:05:47","date_gmt":"2025-07-31T19:05:47","guid":{"rendered":"https:\/\/paddleshifterz.com\/?post_type=product&#038;p=100881"},"modified":"2025-10-24T07:44:15","modified_gmt":"2025-10-24T06:44:15","slug":"kw-coilover-suspension-v3-inox-incl-deactivation-for-electronic-dampers-bmw-g-m","status":"publish","type":"product","link":"https:\/\/paddleshifterz.com\/de\/kw-coilover-suspension-v3-inox-incl-deactivation-for-electronic-dampers-bmw-g-m\/","title":{"rendered":"KW Gewindefahrwerk V3 inox (inkl. D\u00e4mpferabschaltung)"},"content":{"rendered":"<p><strong>KW V3 Gewindefahrwerk<\/strong><\/p>\n<p>Unbegrenzte Individualit\u00e4t f\u00fcr Leistung und Komfort.<br \/>\nDie D\u00e4mpfungskr\u00e4fte k\u00f6nnen separat in Zug- und Druckstufe eingestellt werden.<br \/>\nUnsere Ingenieure haben, wie bei jedem KW Gewindefahrwerk, eine sportliche und dennoch harmonische Grundabstimmung entwickelt. Um die perfekte Fahrwerksabstimmung garantieren zu k\u00f6nnen, testen wir auf unserem KW 7-S\u00e4ulen-Pr\u00fcfstand, sowie in umfangreichen Fahrversuchen auf Landstra\u00dfen, Autobahnen und sogar auf der N\u00fcrburgring Nordschleife. Das KW V3 Gewindefahrwerk geh\u00f6rt seit Jahren zu den Top-Produkten im Aftermarket und gilt als Ma\u00dfstab f\u00fcr Gewindefahrwerke. Es \u00fcberzeugt Sportwagenfahrer, Tuner, Gro\u00df- und Kleinserienhersteller wie Alpina, MTM, Manthey, Oettinger und viele weitere f\u00fchrende Unternehmen der internationalen Automobilindustrie mit seinen D\u00e4mpfungseigenschaften, seiner hochwertigen Verarbeitung und seiner Langlebigkeit.<\/p>\n<p>Spitzentechnologie aus dem Motorsport<br \/>\nMit dem KW V3 Gewindefahrwerk erhalten Sie weit mehr als nur eine sportliche Tieferlegung und ein hervorragendes Fahrverhalten auf allen Stra\u00dfen. Es basiert auf unserer langj\u00e4hrigen Erfahrung als Fahrwerkhersteller und Zulieferer f\u00fcr den internationalen Motorsport, wie z.B. die Tourenwagenserien ADAC GT Masters, FIA GT1, FIA GT3, International GT Open, WTC, VLN und das legend\u00e4re ADAC Zurich 24h-Rennen N\u00fcrburgring.<\/p>\n<p>\u00c4hnlich wie unsere Rennsport-Gewindefahrwerke aus dem KW Racing Programm, kann das KW V3 unabh\u00e4ngig in Druck- und Zugstufe eingestellt werden. Diese individuelle Einstellm\u00f6glichkeit wird von Sportwagenherstellern, Tunern und Fahrern weltweit sehr gesch\u00e4tzt.<\/p>\n<p>Die perfekte Fahrwerksabstimmung f\u00fcr mehr Fahrspa\u00df<br \/>\nWenn Sie bereits die ersten Leistungssteigerungen an Ihrem Fahrzeug vorgenommen haben, wird unser KW V3 Gewindefahrwerk Ihre Upgrades erg\u00e4nzen. Die patentierte KW-Ventiltechnik zur getrennten Einstellung von Zug- und Druckstufe erm\u00f6glicht Ihnen eine individuelle Fahrwerksabstimmung: Das einstellbare KW-Bodenventil verstellt den Low-Speed-Bereich der Druckstufe in zw\u00f6lf Klicks.<\/p>\n<p>Durch den patentierten Druckstufeneinsteller am unteren Ende des Edelstahlgeh\u00e4uses ben\u00f6tigen Sie kein Einstellwerkzeug. Die einstellbare Druckstufend\u00e4mpfung mit ihren zw\u00f6lf exakten Klicks erm\u00f6glicht es Ihnen, die Rollneigung der Karosserie manuell zu beeinflussen, ohne die Federrate zu ver\u00e4ndern, die optimal auf die Zugstufe abgestimmt ist.<\/p>\n<p>Mit dem individuell einstellbaren Zugstufen-Setup des KW V3 k\u00f6nnen Sie mit seiner pr\u00e4zisen Klick-Einstellung direkt Einfluss auf das Fahrverhalten und den Komfort nehmen. Je nach Fahrzeugtyp werden die Zugstufenventile der KW Zweirohrd\u00e4mpfer am oberen Ende der Kolbenstange \u00fcber ein integriertes Einstellrad oder ein im Lieferumfang enthaltenes Drehverstellrad eingestellt.<\/p>\n<p>Durch die Erh\u00f6hung der Zugkraft \u00fcber das Einstellrad werden die Bewegungen des K\u00f6rpers reduziert. Sie haben mehr Stabilit\u00e4t bei hohen Kurvengeschwindigkeiten. Wenn Sie z.B. die Rad-\/Reifenkombination (vom Fahrzeughersteller freigegeben) auf gr\u00f6\u00dfere R\u00e4der \u00e4ndern, dann k\u00f6nnen Sie mit einem KW V3 das Fahrverhalten des Fahrzeugs perfekt einstellen.<br \/>\nProduktbeschreibung drucken<\/p>\n<p>Hochwertig, individuell und langlebig<br \/>\nDas KW V3 Kit und jeder einzelne D\u00e4mpfer werden w\u00e4hrend der Produktion umfangreichen Qualit\u00e4tstests unterzogen, um den hohen Anspr\u00fcchen unseres KW Qualit\u00e4tsmanagements gerecht zu werden. Nur so k\u00f6nnen wir unserem Anspruch gerecht werden, bis zu f\u00fcnf Jahre Garantie auf unsere KW V3 zu geben, wenn sie bei einem unserer KW Fachh\u00e4ndler eingebaut werden. KW Gewindefahrwerk-Federbeine aus Edelstahl sind 100% rostfrei und haben eine unbegrenzte Lebensdauer.<\/p>\n<p>Somit wird die Funktion der stufenlosen Tieferlegung \u00fcber das schmutzunempfindliche KW Trapezgewinde und die KW Verbundmanschette auch nach Jahren nicht beeintr\u00e4chtigt. Durch die individuelle Tieferlegung mit ihrem stufenlosen Verstellbereich k\u00f6nnen Sie die Sportlichkeit Ihres Fahrzeugs auch optisch unterstreichen. Ein Feature, das in der leistungsorientierten Tuningszene sehr beliebt ist.<\/p>\n<p>- Zug- und Druckstufend\u00e4mpfung einstellbare D\u00e4mpfertechnologie<br \/>\n- Edelstahltechnik \"inox-line\"<br \/>\n- Individuelles, kontinuierliches Absenken<br \/>\n- gepr\u00fcfter Einstellbereich<br \/>\n- Hochwertige Komponenten f\u00fcr eine lange Lebensdauer<br \/>\n- Vollst\u00e4ndige Dokumentation f\u00fcr eine einfache Handhabung<br \/>\n- Einstellbare Zugstufend\u00e4mpfung mit 16 exakten Klicks<br \/>\n- Einstellbare Druckd\u00e4mpfung mit 12 exakten Klicks<br \/>\n- Einzigartige, unabh\u00e4ngig voneinander arbeitende D\u00e4mpfungskrafteinstellung<\/p>\n<p>Einstellung: Die individuell einstellbare Zug- &amp; Druckstufend\u00e4mpfung des KW V3 Gewindefahrwerks<br \/>\nDas KW V3 Gewindefahrwerk ist das perfekte Zubeh\u00f6r f\u00fcr leistungsorientierte Fahrer und Tuningbegeisterte, die hohe Anspr\u00fcche an ihr Fahrwerk stellen. Die getrennt in Zug- und Druckstufe einstellbaren D\u00e4mpfer erm\u00f6glichen mit ihrer \"durchdachten\" Klickverstellung ein perfektes Setup. So lassen sich Lenkverhalten, Spurtreue, Reifenhaftung und Fahrverhalten bei Fahrten im Grenzbereich leicht beeinflussen.<\/p>","protected":false},"excerpt":{"rendered":"<p>Produktlinie: Stra\u00dfe Leistung<br \/>\nTieferlegung FA\/RA (mm): 20-35\/15-30<br \/>\nVersion: V3<br \/>\nEinstellung der D\u00e4mpfung: Zugstufen- und Druckstufend\u00e4mpfung<br \/>\nMaterial: Rostfreier Stahl<br \/>\nEinstellung FA\/RA: Gewinde\/Gewinde<br \/>\nGenehmigung: Teilegutachten (\u00a719.3)<br \/>\nInhalt der Lieferung: Satz FA Gewindefahrwerk-Federbeine, RA-Federn mit H\u00f6henverstellung + D\u00e4mpfer inkl. Abbruchkit f. elektr.<br \/>\nOnly Models, Axle Load FA\/RA (kg): -1160\/-1275<\/p>\n<p><strong>For vehicles with xDrive (all wheel drive) and rear wheel drive.<\/strong><\/p>","protected":false},"featured_media":100876,"template":"","meta":{"bwfblock_default_font":""},"product_brand":[],"product_cat":[1309,1727],"product_tag":[],"class_list":{"0":"post-100881","1":"product","2":"type-product","3":"status-publish","4":"has-post-thumbnail","6":"product_cat-suspensions-accessories","7":"product_cat-performance","8":"product_shipping_class-shifterz","9":"pa_brand-kw-automotive","10":"pa_product-type-aftermarket","11":"pa_vehicles-bmw-g80-m3","12":"pa_vehicles-bmw-g81-m3-touring","13":"pa_vehicles-bmw-g82-m4","14":"pa_vehicles-bmw-g83-m4","15":"pa_vehicles-bmw-g87-m2","17":"first","18":"onbackorder","19":"taxable","20":"shipping-taxable","21":"purchasable","22":"product-type-variable"},"bundled_by":[],"bundle_stock_status":"onbackorder","bundle_stock_quantity":null,"bundle_virtual":false,"bundle_layout":"","bundle_add_to_cart_form_location":"","bundle_editable_in_cart":false,"bundle_sold_individually_context":"","bundle_item_grouping":"","bundle_min_size":"","bundle_max_size":"","bundle_price":[],"bundled_items":[],"bundle_sell_ids":[],"_links":{"self":[{"href":"https:\/\/paddleshifterz.com\/de\/wp-json\/wp\/v2\/product\/100881","targetHints":{"allow":["GET"]}}],"collection":[{"href":"https:\/\/paddleshifterz.com\/de\/wp-json\/wp\/v2\/product"}],"about":[{"href":"https:\/\/paddleshifterz.com\/de\/wp-json\/wp\/v2\/types\/product"}],"wp:featuredmedia":[{"embeddable":true,"href":"https:\/\/paddleshifterz.com\/de\/wp-json\/wp\/v2\/media\/100876"}],"wp:attachment":[{"href":"https:\/\/paddleshifterz.com\/de\/wp-json\/wp\/v2\/media?parent=100881"}],"wp:term":[{"taxonomy":"product_brand","embeddable":true,"href":"https:\/\/paddleshifterz.com\/de\/wp-json\/wp\/v2\/product_brand?post=100881"},{"taxonomy":"product_cat","embeddable":true,"href":"https:\/\/paddleshifterz.com\/de\/wp-json\/wp\/v2\/product_cat?post=100881"},{"taxonomy":"product_tag","embeddable":true,"href":"https:\/\/paddleshifterz.com\/de\/wp-json\/wp\/v2\/product_tag?post=100881"}],"curies":[{"name":"wp","href":"https:\/\/api.w.org\/{rel}","templated":true}]}}