{"id":101070,"date":"2025-08-25T07:32:41","date_gmt":"2025-08-25T06:32:41","guid":{"rendered":"https:\/\/paddleshifterz.com\/?post_type=product&#038;p=101070"},"modified":"2026-04-04T12:11:27","modified_gmt":"2026-04-04T11:11:27","slug":"bmw-g87-m2-magnetic-license-plate-holder","status":"publish","type":"product","link":"https:\/\/paddleshifterz.com\/de\/bmw-g87-m2-magnetic-license-plate-holder\/","title":{"rendered":"Magnetischer Kennzeichenhalter Satz vorne f\u00fcr BMW G87 M2"},"content":{"rendered":"<p class=\"p1\">Verabschieden Sie sich von der sperrigen Kennzeichenhalterung Ihres BMW G87 M2. Diese <span class=\"s1\"><b>magnetischer Kennzeichenhalter <\/b><\/span>bietet ein klares, minimalistisches Look und bleibt gleichzeitig bei jeder Geschwindigkeit stark und sicher.<\/p>\n<p class=\"p1\">Anstatt die gro\u00dfe Original Kunststoff Halterung zu verwenden, der mit vier Schrauben befestigt ist, verwendet unser Kit <span class=\"s1\"><b>zwei diskrete Magnethalterungen<\/b><\/span> das die vorhandenen Schraubpunkte an Ihrer vorderen Sto\u00dfstange nutzen, deswegen kein zus\u00e4tzliches Bohren erforderlich. Das Nummernschild selbst wird mit vormontierten <span class=\"s1\"><b>3M 5952 doppelseitiges Klebeband geliefert<\/b><\/span>wodurch ein fester Halt gew\u00e4hrleistet wird und dennoch bei Bedarf ein schnelles Entfernen m\u00f6glich ist.<\/p>\n<p>M\u00f6chten Sie Fotos oder Videos von Ihrem Auto machen? Ziehen Sie einfach das Nummernschild ab und schon k\u00f6nnen Sie einige Aufnahmen machen, ohne dass Ihr Nummernschild auf den Fotos zu sehen ist.<\/p>\n<p class=\"p1\">Das Kit wurde f\u00fcr hohe Leistung entwickelt und <span class=\"s1\"><b>getestet bei Geschwindigkeiten bis zu 300 km\/h<\/b><\/span> auf der Autobahn und \u00fcber 8.000 km unter allen Bedingungen bew\u00e4hrt \u2013 von Alpenp\u00e4ssen bis hin zum Stadtverkehr. Jedes Teil ist <span class=\"s1\"><b>aus PETG-CF 3D gedruckt,<\/b><\/span> f\u00fcr St\u00e4rke, Wetterbest\u00e4ndigkeit und Haltbarkeit.<\/p>\n<h2>Spezifikationen<\/h2>\n<ul>\n<li>Starkes magnetischer Kennzeichenhalter h\u00e4lt das Nummernschild sicher<\/li>\n<li>Einfache Demontage ohne Werkzeug<\/li>\n<li>Pre-applied <a href=\"https:\/\/multimedia.3m.com\/mws\/media\/1581517O\/3m-vhb-tape-5952-technical-datasheet-ger.pdf\" target=\"_blank\" rel=\"noopener\">3M 5952 doppelseitiges Klebeband geliefert<\/a><\/li>\n<li>Getestet bei Geschwindigkeiten bis zu 300 km\/h<\/li>\n<li>Getestet unter realen Bedingungen \u00fcber 5 Monate \/ 10.000 km<\/li>\n<li>Exklusiv f\u00fcr die Frontsto\u00dfstange des BMW G87 M2 entwickelt<\/li>\n<li>Ersetzt die OEM BMW Kennzeichenhalterung Teilenummer: 51138081233<\/li>\n<li>Verwendet die Originall\u00f6cher, die BMW im Werk oder nach der Auslieferung gebohrt hat<\/li>\n<li>Designed und hergestellt in Deutschland<\/li>\n<\/ul>\n<h2>Lieferumfang<\/h2>\n<ul>\n<li>2x magnetische Halterungen f\u00fcr die Sto\u00dfstange (eine pro Seite)<\/li>\n<li>2x magnetische Halterungen (eine pro Seite) mit vormontiertem 3M-Klebeband<\/li>\n<li>4x Montageschrauben (2 pro Seite)<\/li>\n<li>1x Schaumstoffteil zum Schutz der Sto\u00dfstange<span style=\"color: #555555; font-size: 14.4px;\">\u00a0<\/span><\/li>\n<\/ul>\n<h2>Einrichtung<\/h2>\n<p>Learn how to install the license plate holders.<br \/>\n<iframe loading=\"lazy\" title=\"YouTube-Video-Player\" src=\"https:\/\/www.youtube.com\/embed\/zv8Ia47iuCM\" width=\"560\" height=\"315\" frameborder=\"0\" allowfullscreen=\"allowfullscreen\"><span data-mce-type=\"bookmark\" style=\"display: inline-block; width: 0px; overflow: hidden; line-height: 0;\" class=\"mce_SELRES_start\"><\/span><span style=\"display: inline-block; width: 0px; overflow: hidden; line-height: 0;\" data-mce-type=\"bookmark\" class=\"mce_SELRES_start\"><\/span><span data-mce-type=\"bookmark\" style=\"display: inline-block; width: 0px; overflow: hidden; line-height: 0;\" class=\"mce_SELRES_start\"><\/span><\/iframe><\/p>\n<h2>FAQ<\/h2>\n<ul>\n<li><strong>F: Ist zum Installieren dieses Kits Bohren erforderlich?<\/strong>\n<ul>\n<li>Nein. Das Kit verwendet die beiden vorhandenen OEM-Schraubpunkte (2x auf jeder Seite, insgesamt 4x) an Ihrem G87 M2 Sto\u00dfstange (vorausgesetzt, dieser wurde bereits im BMW-Werk oder bei Ihrem H\u00e4ndler gebohrt). Es sind keine zus\u00e4tzlichen Bohrungen oder dauerhafte \u00c4nderungen erforderlich. Nat\u00fcrlich kann die Installation durch Bohren neuer L\u00f6cher in den vorderen Sto\u00dfstange erfolgen.<\/li>\n<\/ul>\n<\/li>\n<li><strong>F: Halten die Magnete bei hohen Geschwindigkeiten?<\/strong>\n<ul>\n<li>Ja. Das System wurde auf Autobahnen mit bis zu 300 km\/h getestet und funktioniert bei allen Wetterbedingungen sicher.<\/li>\n<\/ul>\n<\/li>\n<li><strong>F: Wie befestige ich das Nummernschild an den Halterungen?<\/strong>\n<ul>\n<li>Jede Halterung wird mit vormontiertem doppelseitigem 3M 5952 Klebeband geliefert. Dr\u00fccken Sie Ihr Kennzeichen einfach auf die Halterungen, um einen sicheren Halt zu gew\u00e4hrleisten. Wir empfehlen die Montage des Kennzeichens in einer warmen Umgebung.<\/li>\n<\/ul>\n<\/li>\n<li><strong>F: Wie lange muss ich warten, nachdem ich das 3M-Klebeband auf mein Kennzeichen geklebt habe?<\/strong>\n<ul>\n<li>Laut 3M erreicht das Klebeband bei 20 Grad Celsius nach 72 Stunden seine endg\u00fcltige Klebkraft. Bei 20 Grad Celsius sind nach 20 Minuten bereits 50 % der Klebkraft erreicht, nach einer Stunde 80 %. Je h\u00f6her die Temperatur, desto schneller verl\u00e4uft die Klebkraft. Bei 65 Grad Celsius sind bereits nach einer Stunde 100 % der Klebkraft erreicht.<\/li>\n<\/ul>\n<\/li>\n<li><strong>F: Ich habe den Original Kennzeichenhalter nicht an meinem Auto. Kann ich ihn trotzdem installieren?<\/strong>\n<ul>\n<li>Ja, Sie k\u00f6nnen diese immer noch installieren. In diesem Fall m\u00fcssen Sie 4 L\u00f6cher in Ihre Sto\u00dfstange bohren (oder einfach die Schrauben installieren, und sie schneiden die L\u00f6cher selbst).<\/li>\n<\/ul>\n<\/li>\n<li><strong>F: Ich habe ein k\u00fcrzeres Nummernschild, ca 460 mm. Kann ich dieses trotzdem verwenden?<\/strong>\n<ul>\n<li>Ja, das kleinste passende Nummernschild ist 460 mm lang. Wenn Sie ein l\u00e4ngeres Nummernschild mit 460 mm L\u00e4nge haben, k\u00f6nnen Sie dieses Kit verwenden. Andernfalls m\u00fcssen Sie zus\u00e4tzliche L\u00f6cher bohren, um diesen magnetischen Nummernschildhalter anzubringen.<\/li>\n<\/ul>\n<\/li>\n<li><strong>F: Kann ich die Autowaschanlage weiterhin nutzen?<\/strong>\n<ul>\n<li>Ja, Sie k\u00f6nnen weiterhin durchfahren und die Autowaschanlagen nutzen.<\/li>\n<\/ul>\n<\/li>\n<li><strong>F: Ist dieses Produkt OEM?<\/strong>\n<ul>\n<li>Nein, dies ist eine Aftermarket-L\u00f6sung, die von PaddleShifterz speziell f\u00fcr den BMW G87 M2 entwickelt wurde. Sie ersetzt die sperrige OEM-Halterung durch ein schlankes, magnetisches System.<\/li>\n<\/ul>\n<\/li>\n<\/ul>\n<p>&nbsp;<\/p>\n<p>kennzeichenhalter<\/p>","protected":false},"excerpt":{"rendered":"<p class=\"p1\">Magnetisches Kennzeichenhalter-Kit f\u00fcr <strong>BMW G87 M2<\/strong>Ersetzt die Original Plastik Halterung durch ein elegantes, zweiteiliges Magnetsystem \u2013 kein Bohren erforderlich, sicher bei hohen Geschwindigkeiten und bei Bedarf leicht zu entfernen.<\/p>\n<ul>\n<li>Keine Eintragung notwendig<\/li>\n<li>Verwendet die Originall\u00f6cher, die BMW im Werk oder nach der Auslieferung gebohrt hat<\/li>\n<li>Starkes magnetischer Kennzeichenhalter h\u00e4lt das Nummernschild sicher<\/li>\n<li>Getestet bei Geschwindigkeiten bis zu 300 km\/h<\/li>\n<li>Exklusiv f\u00fcr die Frontsto\u00dfstange des BMW G87 M2 entwickelt<\/li>\n<li>Ersetzt die OEM BMW Kennzeichenhalterung Teilenummer: 51138081233<\/li>\n<li>Designed und hergestellt in Deutschland<\/li>\n<li>Perfekt f\u00fcr Fotoshootings und Videos.<\/li>\n<\/ul>","protected":false},"featured_media":103189,"template":"","meta":{"bwfblock_default_font":""},"product_brand":[],"product_cat":[1113,1317,1735],"product_tag":[],"class_list":{"0":"post-101070","1":"product","2":"type-product","3":"status-publish","4":"has-post-thumbnail","6":"product_cat-exterior","7":"product_cat-front-bumper-and-accessories","8":"product_cat-magnetic-license-plate-kits","9":"product_shipping_class-shifterz","10":"pa_brand-paddleshifterz","11":"pa_product-type-aftermarket","12":"pa_vehicles-bmw-g87-m2","14":"first","15":"instock","16":"taxable","17":"shipping-taxable","18":"purchasable","19":"product-type-variable"},"bundled_by":["102588"],"bundle_stock_status":"instock","bundle_stock_quantity":9999999883,"bundle_virtual":false,"bundle_layout":"","bundle_add_to_cart_form_location":"","bundle_editable_in_cart":false,"bundle_sold_individually_context":"","bundle_item_grouping":"","bundle_min_size":"","bundle_max_size":"","bundle_price":[],"bundled_items":[],"bundle_sell_ids":[],"_links":{"self":[{"href":"https:\/\/paddleshifterz.com\/de\/wp-json\/wp\/v2\/product\/101070","targetHints":{"allow":["GET"]}}],"collection":[{"href":"https:\/\/paddleshifterz.com\/de\/wp-json\/wp\/v2\/product"}],"about":[{"href":"https:\/\/paddleshifterz.com\/de\/wp-json\/wp\/v2\/types\/product"}],"wp:featuredmedia":[{"embeddable":true,"href":"https:\/\/paddleshifterz.com\/de\/wp-json\/wp\/v2\/media\/103189"}],"wp:attachment":[{"href":"https:\/\/paddleshifterz.com\/de\/wp-json\/wp\/v2\/media?parent=101070"}],"wp:term":[{"taxonomy":"product_brand","embeddable":true,"href":"https:\/\/paddleshifterz.com\/de\/wp-json\/wp\/v2\/product_brand?post=101070"},{"taxonomy":"product_cat","embeddable":true,"href":"https:\/\/paddleshifterz.com\/de\/wp-json\/wp\/v2\/product_cat?post=101070"},{"taxonomy":"product_tag","embeddable":true,"href":"https:\/\/paddleshifterz.com\/de\/wp-json\/wp\/v2\/product_tag?post=101070"}],"curies":[{"name":"wp","href":"https:\/\/api.w.org\/{rel}","templated":true}]}}