{"id":101830,"date":"2025-10-03T20:02:42","date_gmt":"2025-10-03T19:02:42","guid":{"rendered":"https:\/\/paddleshifterz.com\/?post_type=product&#038;p=101830"},"modified":"2026-03-21T21:10:29","modified_gmt":"2026-03-21T20:10:29","slug":"paddleshifterz-wheel-alignment-pin","status":"publish","type":"product","link":"https:\/\/paddleshifterz.com\/de\/paddleshifterz-wheel-alignment-pin\/","title":{"rendered":"PaddleShifterz Felgenmontagehilfe f\u00fcr BMW\/MINI"},"content":{"rendered":"<h2>Spezifikationen<\/h2>\n<ul style=\"margin: 0px;\">\n<li><strong>Accurate Wheel Positioning<\/strong>\n<ul>\n<li>Ensures the wheel slides into place smoothly for quick and precise bolt alignment.<\/li>\n<\/ul>\n<\/li>\n<li><strong>Wheel &amp; Brake Protection<\/strong>\n<ul>\n<li>Rounded tip prevents scratches and reduces the risk of damage<\/li>\n<\/ul>\n<\/li>\n<li><strong>Robust Build Quality<\/strong>\n<ul>\n<li>CNC-machined from ultra-durable 7075-T6 aluminum<\/li>\n<\/ul>\n<\/li>\n<li><strong>Protective Coating<\/strong>\n<ul>\n<li>Finished with hard anodising in matte black for superior resistance to wear and corrosion<\/li>\n<\/ul>\n<\/li>\n<li><strong>User Friendly Design<\/strong>\n<ul>\n<li>Knurled surface offers a secure grip, with a built-in hole for tool-assisted removal<\/li>\n<\/ul>\n<\/li>\n<li><strong>Portable and Practical<\/strong>\n<ul>\n<li>Compact design lets you fit them into any tool kits\u2014ideal for both roadside use and pit stops<\/li>\n<\/ul>\n<\/li>\n<\/ul>\n<h2>Passende Fahrzeuge<\/h2>\n<p>Die folgenden Fahrzeuge werden unterst\u00fctzt:<\/p>\n<div class=\"row row-divided\"  id=\"row-1939437885\">\n\n\t<div id=\"col-1803764461\" class=\"col medium-1\/2 large-6\"  >\n\t\t\t\t<div class=\"col-inner\"  >\n\t\t\t\n\t\t\t\n<h3>M12x1.5mm<\/h3>\n<div class=\"is-divider divider clearfix\" ><\/div>\n<ul>\n<li>E12<\/li>\n<li>E21, E23, E24, E26, E28<\/li>\n<li>E30, E31, E32, E34, E36, E38, E39<\/li>\n<li>E46<\/li>\n<li>E52, E53<\/li>\n<li>E60. E61<\/li>\n<li>E63, E64, E65<\/li>\n<li>E81, E82, E84, E85, E86, E87, E88, E89<\/li>\n<li>E90, E91, E92, E93<\/li>\n<li>MINI R50<\/li>\n<li>MINI R52<\/li>\n<li>MINI R53<\/li>\n<li>MINI R55<\/li>\n<li>MINI R56<\/li>\n<li>MINI R57<\/li>\n<\/ul>\n\t\t<\/div>\n\t\t\t\t\t<\/div>\n\n\t\n\n\t<div id=\"col-1673536719\" class=\"col medium-1\/2 large-6\"  >\n\t\t\t\t<div class=\"col-inner\"  >\n\t\t\t\n\t\t\t\n<h3>M14x1.25mm<\/h3>\n<div class=\"is-divider divider clearfix\" ><\/div>\n<ul>\n<li>E70, E71, E72<\/li>\n<li>F01, F02, F04, F06, F07<\/li>\n<li>F10, F11, F12, F13, F15, F16<\/li>\n<li>F20, F21, F22, F23, F25, F26<\/li>\n<li>F30, F31, F32, F33, F34, F35, F36, F39<\/li>\n<li>F40, F44, F45, F46, F48, F49<\/li>\n<li>F52<\/li>\n<li>F70, F74, F78<\/li>\n<li>F80 M3, F82 M4, F83 M4, F85 XM5, F86 XM6, F87 M2<\/li>\n<li>F90 M5, F91, F92, F93 M8<\/li>\n<li>G01, G02, G05, G06, G08, G09<\/li>\n<li>G11, G12<\/li>\n<li>G14, G15, G16<\/li>\n<li>G20, G21, G22, G23, G26, G28, G29 Z4<\/li>\n<li>G30, G31, G32, G38<\/li>\n<li>G42, G45, G48<\/li>\n<li>G60, G61, G68<\/li>\n<li>G70 LCI<\/li>\n<li>G80 M3, G81 M3 Touring, G82 M4, G83 M4, G87 M2<\/li>\n<li>I01, I12, I15<\/li>\n<li>U06, U10, U11, U12<\/li>\n<\/ul>\n\t\t<\/div>\n\t\t\t\t\t<\/div>\n\n\t\n<\/div>","protected":false},"excerpt":{"rendered":"<p>PaddleShifterz Aluminium Felgenmontagehilfe aus robustem T-6 7075 Aluminium in mattschwarzer (hart eloxierter) Ausf\u00fchrung. Ein perfekter Helfer f\u00fcr einen sicheren und einfachen Radwechsel. Einfach eine beliebige Schraube entfernen, die Montagehilfe festschrauben, die restlichen Schrauben entfernen und das Rad sicher von der Nabe abziehen. Das neue Rad montieren und den Vorgang in umgekehrter Reihenfolge durchf\u00fchren.<\/p>\n<p><strong>In 2 Gr\u00f6\u00dfe verf\u00fcgbar:<\/strong><\/p>\n<ul>\n<li>M12x1.5mm<\/li>\n<li>M14x1.25mm<\/li>\n<li><em>Bitte beachten Sie die Montageanleitung unten.<\/em><\/li>\n<\/ul>","protected":false},"featured_media":101985,"template":"","meta":{"bwfblock_default_font":""},"product_brand":[],"product_cat":[1082,1107],"product_tag":[],"class_list":{"0":"post-101830","1":"product","2":"type-product","3":"status-publish","4":"has-post-thumbnail","6":"product_cat-accessories-oem-bmw-mini-products","7":"product_cat-bmw-mini-wheels-and-tires","8":"product_shipping_class-shifterz","9":"pa_brand-paddleshifterz","10":"pa_product-type-aftermarket","11":"pa_vehicles-3-series-e36","12":"pa_vehicles-3-series-e46","13":"pa_vehicles-3-series-e90","14":"pa_vehicles-3-series-e91","15":"pa_vehicles-3-series-e92","16":"pa_vehicles-e90-m3","17":"pa_vehicles-bmw-f06-f12-f13","18":"pa_vehicles-bmw-m6-f06-f12-f13","19":"pa_vehicles-bmw-f07-gt","20":"pa_vehicles-bmw-m5-f10","21":"pa_vehicles-bmw-f10-f11","22":"pa_vehicles-bmw-f15-x5","23":"pa_vehicles-bmw-f16-x6","24":"pa_vehicles-bmw-f20-f21","25":"pa_vehicles-bmw-f22-f23","26":"pa_vehicles-bmw-f25-x3","27":"pa_vehicles-bmw-f26-x4","28":"pa_vehicles-bmw-f30","29":"pa_vehicles-bmw-f31","30":"pa_vehicles-bmw-f32","31":"pa_vehicles-bmw-f33","32":"pa_vehicles-bmw-f34","33":"pa_vehicles-bmw-f36","34":"pa_vehicles-bmw-f39-x2","35":"pa_vehicles-bmw-f40","36":"pa_vehicles-bmw-f44","37":"pa_vehicles-bmw-f45","38":"pa_vehicles-bmw-f46","39":"pa_vehicles-bmw-f47-x2","40":"pa_vehicles-bmw-f48-x1","41":"pa_vehicles-bmw-f70","42":"pa_vehicles-bmw-f74","43":"pa_vehicles-bmw-f80-m3","44":"pa_vehicles-bmw-f82-m4","45":"pa_vehicles-4-series-f83-m4","46":"pa_vehicles-bmw-f85-x5m","47":"pa_vehicles-bmw-f86-x6m","48":"pa_vehicles-bmw-f87-m2","49":"pa_vehicles-bmw-f90-m5","50":"pa_vehicles-bmw-m8-f91-f92-f93","51":"pa_vehicles-bmw-f95-x5m","52":"pa_vehicles-bmw-f96-x6m","53":"pa_vehicles-bmw-f97-x3m","54":"pa_vehicles-bmw-f98-x4m","55":"pa_vehicles-bmw-g01-x3","56":"pa_vehicles-bmw-g02-x4","57":"pa_vehicles-bmw-g05-x5","58":"pa_vehicles-bmw-x6-g06","59":"pa_vehicles-bmw-g07-x7","60":"pa_vehicles-bmw-g07-x7-lci","61":"pa_vehicles-bmw-g08-ix3","62":"pa_vehicles-bmw-g09-xm","63":"pa_vehicles-bmw-g11-g12","64":"pa_vehicles-bmw-g14-g15-g16","65":"pa_vehicles-bmw-g20","66":"pa_vehicles-bmw-g21","67":"pa_vehicles-bmw-g22","68":"pa_vehicles-bmw-g23","69":"pa_vehicles-bmw-g26-grancoupe","70":"pa_vehicles-bmw-z4-g29","71":"pa_vehicles-bmw-g30","72":"pa_vehicles-bmw-g31","73":"pa_vehicles-bmw-g32","74":"pa_vehicles-bmw-g42","75":"pa_vehicles-bmw-g45-x3","76":"pa_vehicles-bmw-g60","77":"pa_vehicles-bmw-g61","78":"pa_vehicles-bmw-g80-m3","79":"pa_vehicles-bmw-g81-m3-touring","80":"pa_vehicles-bmw-g82-m4-csl","81":"pa_vehicles-bmw-g82-m4","82":"pa_vehicles-bmw-g83-m4","83":"pa_vehicles-bmw-g87-m2","84":"pa_vehicles-bmw-g90-m5","85":"pa_vehicles-bmw-g99-m5","86":"pa_vehicles-bmw-i4-g26","87":"pa_vehicles-bmw-i8","88":"pa_vehicles-bmw-ix","89":"pa_vehicles-x-series-u10-x2","90":"pa_vehicles-bmw-u11-x1","91":"pa_vehicles-mini-f54","92":"pa_vehicles-mini-f55","93":"pa_vehicles-mini-f56","94":"pa_vehicles-mini-f56-gp3","95":"pa_vehicles-mini-f57","96":"pa_vehicles-mini-f60-countryman","97":"pa_vehicles-mini-u25-countryman","98":"pa_vehicles-992-gt3","100":"first","101":"instock","102":"taxable","103":"shipping-taxable","104":"purchasable","105":"product-type-variable"},"bundled_by":[],"bundle_stock_status":"instock","bundle_stock_quantity":null,"bundle_virtual":false,"bundle_layout":"","bundle_add_to_cart_form_location":"","bundle_editable_in_cart":false,"bundle_sold_individually_context":"","bundle_item_grouping":"","bundle_min_size":"","bundle_max_size":"","bundle_price":[],"bundled_items":[],"bundle_sell_ids":[],"_links":{"self":[{"href":"https:\/\/paddleshifterz.com\/de\/wp-json\/wp\/v2\/product\/101830","targetHints":{"allow":["GET"]}}],"collection":[{"href":"https:\/\/paddleshifterz.com\/de\/wp-json\/wp\/v2\/product"}],"about":[{"href":"https:\/\/paddleshifterz.com\/de\/wp-json\/wp\/v2\/types\/product"}],"wp:featuredmedia":[{"embeddable":true,"href":"https:\/\/paddleshifterz.com\/de\/wp-json\/wp\/v2\/media\/101985"}],"wp:attachment":[{"href":"https:\/\/paddleshifterz.com\/de\/wp-json\/wp\/v2\/media?parent=101830"}],"wp:term":[{"taxonomy":"product_brand","embeddable":true,"href":"https:\/\/paddleshifterz.com\/de\/wp-json\/wp\/v2\/product_brand?post=101830"},{"taxonomy":"product_cat","embeddable":true,"href":"https:\/\/paddleshifterz.com\/de\/wp-json\/wp\/v2\/product_cat?post=101830"},{"taxonomy":"product_tag","embeddable":true,"href":"https:\/\/paddleshifterz.com\/de\/wp-json\/wp\/v2\/product_tag?post=101830"}],"curies":[{"name":"wp","href":"https:\/\/api.w.org\/{rel}","templated":true}]}}