{"id":102397,"date":"2025-10-30T12:23:32","date_gmt":"2025-10-30T11:23:32","guid":{"rendered":"https:\/\/paddleshifterz.com\/?post_type=product&#038;p=102397"},"modified":"2026-03-29T11:51:24","modified_gmt":"2026-03-29T10:51:24","slug":"magnetic-license-plate-holder-kit-rear-plate","status":"publish","type":"product","link":"https:\/\/paddleshifterz.com\/de\/magnetic-license-plate-holder-kit-rear-plate\/","title":{"rendered":"Magnetisches Kennzeichenhalter Set \u2013 Heckplatte"},"content":{"rendered":"<p class=\"p1\">Say goodbye to the fixed factory license plate brackets on your BMW or MINI. This <span class=\"s1\"><b>magnetischer Kennzeichenhalter <\/b><\/span>bietet ein klares, minimalistisches Look und bleibt gleichzeitig bei jeder Geschwindigkeit stark und sicher.<\/p>\n<p class=\"p1\">Instead of the large OEM plastic frame fixed with 2 screws &#8211; one on each side &#8211; our kit uses <span class=\"s1\"><b>two magnetic mounts<\/b><\/span> that install directly into the existing screw points on your trunk. The license plate itself attaches with pre-applied <span class=\"s1\"><b>3M 5952 doppelseitiges Klebeband geliefert<\/b><\/span>wodurch ein fester Halt gew\u00e4hrleistet wird und dennoch bei Bedarf ein schnelles Entfernen m\u00f6glich ist.<\/p>\n<p>Need to take photos or videos of your car? Simply pull off the license plate and you are ready to take some shots without having your plate in the photos.<\/p>\n<p class=\"p1\">Das Kit wurde f\u00fcr hohe Leistung entwickelt und <span class=\"s1\"><b>getestet bei Geschwindigkeiten bis zu 300 km\/h<\/b><\/span> auf der Autobahn und \u00fcber 8.000 km unter allen Bedingungen bew\u00e4hrt \u2013 von Alpenp\u00e4ssen bis hin zum Stadtverkehr. Jedes Teil ist <span class=\"s1\"><b>aus PETG-CF 3D gedruckt,<\/b><\/span> f\u00fcr St\u00e4rke, Wetterbest\u00e4ndigkeit und Haltbarkeit.<\/p>\n<h2>Spezifikationen<\/h2>\n<ul>\n<li>Ein extrem starkes Magnetsystem h\u00e4lt das Nummernschild sicher (\u00fcber 10 kg Zugkraft pro Seite).<\/li>\n<li>Einfache Demontage ohne Werkzeug<\/li>\n<li>Pre-applied <a href=\"https:\/\/multimedia.3m.com\/mws\/media\/1581517O\/3m-vhb-tape-5952-technical-datasheet-ger.pdf\" target=\"_blank\" rel=\"noopener\">3M 5952 doppelseitiges Klebeband geliefert<\/a><\/li>\n<li>Getestet bei Geschwindigkeiten bis zu 300 km\/h<\/li>\n<li>Designed und hergestellt in Deutschland<\/li>\n<\/ul>\n<h2>Lieferumfang<\/h2>\n<ul>\n<li>2x magnetic mounts (one per side)<\/li>\n<li>2x magnetische Halterungen (eine pro Seite) mit vormontiertem 3M-Klebeband\n<ul>\n<li>Available with another set of plate holders, so you can put on a different license plate when you are at a show<\/li>\n<\/ul>\n<\/li>\n<li>2x Montageschrauben (eine pro Seite)<\/li>\n<\/ul>\n<h2>FAQ<\/h2>\n<ul>\n<li><strong>F: Halten die Magnete bei hohen Geschwindigkeiten?<\/strong>\n<ul>\n<li>Ja. Das System wurde auf Autobahnen mit bis zu 300 km\/h getestet und funktioniert bei allen Wetterbedingungen sicher.<\/li>\n<\/ul>\n<\/li>\n<li><strong>F: Wie befestige ich das Nummernschild an den Halterungen?<\/strong>\n<ul>\n<li>Jede Halterung wird mit vormontiertem doppelseitigem 3M 5952 Klebeband geliefert. Dr\u00fccken Sie Ihr Kennzeichen einfach auf die Halterungen, um einen sicheren Halt zu gew\u00e4hrleisten. Wir empfehlen die Montage des Kennzeichens in einer warmen Umgebung.<\/li>\n<\/ul>\n<\/li>\n<li><strong>F: Wie lange muss ich warten, nachdem ich das 3M-Klebeband auf mein Kennzeichen geklebt habe?<\/strong>\n<ul>\n<li>Laut 3M erreicht das Klebeband bei 20 Grad Celsius nach 72 Stunden seine endg\u00fcltige Klebkraft. Bei 20 Grad Celsius sind nach 20 Minuten bereits 50 % der Klebkraft erreicht, nach einer Stunde 80 %. Je h\u00f6her die Temperatur, desto schneller verl\u00e4uft die Klebkraft. Bei 65 Grad Celsius sind bereits nach einer Stunde 100 % der Klebkraft erreicht.<\/li>\n<\/ul>\n<\/li>\n<li><strong>F: Kann ich die Autowaschanlage weiterhin nutzen?<\/strong>\n<ul>\n<li>Ja, Sie k\u00f6nnen weiterhin durchfahren und die Autowaschanlagen nutzen.<\/li>\n<\/ul>\n<\/li>\n<li><strong>F: Ist dieses Produkt OEM?<\/strong>\n<ul>\n<li>No, this is an aftermarket solution designed by PaddleShifterz. It replaces the plastic bracket with an easy to use magnetic system.<\/li>\n<\/ul>\n<\/li>\n<\/ul>\n<p>&nbsp;<\/p>\n<p>kennzeichenhalter<\/p>","protected":false},"excerpt":{"rendered":"<p>Magnetisches Kennzeichenhalter-Set \u2013 f\u00fcr hinten \u2013 f\u00fcr <strong>alle Modelle<\/strong>Ersetzt die serienm\u00e4\u00dfige Kunststoff-Kennzeichenhalterung durch ein elegantes, zweiteiliges Magnetsystem \u2013 kein Bohren erforderlich, sicherer Halt bei hohen Geschwindigkeiten und bei Bedarf leicht zu entfernen.<\/p>\n<ul>\n<li>Keine Eintragung notwendig<\/li>\n<li>Uses the original holes<\/li>\n<li>Starkes magnetischer Kennzeichenhalter h\u00e4lt das Nummernschild sicher<\/li>\n<li>Getestet bei Geschwindigkeiten bis zu 300 km\/h<\/li>\n<li>Designed und hergestellt in Deutschland<\/li>\n<li>Perfekt f\u00fcr Fotoshootings und Videos.<\/li>\n<li><strong>Erh\u00e4ltlich mit einem oder zwei Haltern<\/strong><\/li>\n<\/ul>","protected":false},"featured_media":102574,"template":"","meta":{"bwfblock_default_font":""},"product_brand":[],"product_cat":[1082,1113,1317,1735],"product_tag":[],"class_list":{"0":"post-102397","1":"product","2":"type-product","3":"status-publish","4":"has-post-thumbnail","6":"product_cat-accessories-oem-bmw-mini-products","7":"product_cat-exterior","8":"product_cat-front-bumper-and-accessories","9":"product_cat-magnetic-license-plate-kits","10":"product_shipping_class-shifterz","11":"pa_brand-paddleshifterz","12":"pa_product-type-aftermarket","13":"pa_vehicles-3-series-e36","14":"pa_vehicles-3-series-e46","15":"pa_vehicles-3-series-e90","16":"pa_vehicles-3-series-e91","17":"pa_vehicles-3-series-e92","18":"pa_vehicles-e90-m3","19":"pa_vehicles-bmw-f06-f12-f13","20":"pa_vehicles-bmw-m6-f06-f12-f13","21":"pa_vehicles-bmw-f07-gt","22":"pa_vehicles-bmw-m5-f10","23":"pa_vehicles-bmw-f10-f11","24":"pa_vehicles-bmw-f15-x5","25":"pa_vehicles-bmw-f16-x6","26":"pa_vehicles-bmw-f20-f21","27":"pa_vehicles-bmw-f22-f23","28":"pa_vehicles-bmw-f25-x3","29":"pa_vehicles-bmw-f26-x4","30":"pa_vehicles-bmw-f30","31":"pa_vehicles-bmw-f31","32":"pa_vehicles-bmw-f32","33":"pa_vehicles-bmw-f33","34":"pa_vehicles-bmw-f34","35":"pa_vehicles-bmw-f36","36":"pa_vehicles-bmw-f39-x2","37":"pa_vehicles-bmw-f40","38":"pa_vehicles-bmw-f44","39":"pa_vehicles-bmw-f45","40":"pa_vehicles-bmw-f46","41":"pa_vehicles-bmw-f47-x2","42":"pa_vehicles-bmw-f48-x1","43":"pa_vehicles-bmw-f70","44":"pa_vehicles-bmw-f74","45":"pa_vehicles-bmw-f80-m3","46":"pa_vehicles-bmw-f82-m4","47":"pa_vehicles-4-series-f83-m4","48":"pa_vehicles-bmw-f85-x5m","49":"pa_vehicles-bmw-f86-x6m","50":"pa_vehicles-bmw-f87-m2","51":"pa_vehicles-bmw-f90-m5","52":"pa_vehicles-bmw-m8-f91-f92-f93","53":"pa_vehicles-bmw-f95-x5m","54":"pa_vehicles-bmw-f96-x6m","55":"pa_vehicles-bmw-f97-x3m","56":"pa_vehicles-bmw-f98-x4m","57":"pa_vehicles-bmw-g01-x3","58":"pa_vehicles-bmw-g02-x4","59":"pa_vehicles-bmw-g05-x5","60":"pa_vehicles-bmw-x6-g06","61":"pa_vehicles-bmw-g07-x7","62":"pa_vehicles-bmw-g07-x7-lci","63":"pa_vehicles-bmw-g08-ix3","64":"pa_vehicles-bmw-g09-xm","65":"pa_vehicles-bmw-g11-g12","66":"pa_vehicles-bmw-g14-g15-g16","67":"pa_vehicles-bmw-g20","68":"pa_vehicles-bmw-g21","69":"pa_vehicles-bmw-g22","70":"pa_vehicles-bmw-g23","71":"pa_vehicles-bmw-g26-grancoupe","72":"pa_vehicles-bmw-z4-g29","73":"pa_vehicles-bmw-g30","74":"pa_vehicles-bmw-g31","75":"pa_vehicles-bmw-g32","76":"pa_vehicles-bmw-g42","77":"pa_vehicles-bmw-g45-x3","78":"pa_vehicles-bmw-g60","79":"pa_vehicles-bmw-g61","80":"pa_vehicles-bmw-g80-m3","81":"pa_vehicles-bmw-g81-m3-touring","82":"pa_vehicles-bmw-g82-m4-csl","83":"pa_vehicles-bmw-g82-m4","84":"pa_vehicles-bmw-g83-m4","85":"pa_vehicles-bmw-g87-m2","86":"pa_vehicles-bmw-g90-m5","87":"pa_vehicles-bmw-g99-m5","88":"pa_vehicles-bmw-i4-g26","89":"pa_vehicles-bmw-i8","90":"pa_vehicles-bmw-ix","91":"pa_vehicles-x-series-u10-x2","92":"pa_vehicles-bmw-u11-x1","93":"pa_vehicles-hyundai-i20n","94":"pa_vehicles-hyundai-i30n","95":"pa_vehicles-mercedes-a-class-w177","96":"pa_vehicles-mini-f54","97":"pa_vehicles-mini-f55","98":"pa_vehicles-mini-f56","99":"pa_vehicles-mini-f56-gp3","100":"pa_vehicles-mini-f57","101":"pa_vehicles-mini-f60-countryman","102":"pa_vehicles-mini-f65","103":"pa_vehicles-mini-f66","104":"pa_vehicles-mini-f67","105":"pa_vehicles-mini-u25-countryman","106":"pa_vehicles-992-gt3","107":"pa_vehicles-supra-a90-a91","108":"pa_vehicles-vw-golf-mk7","109":"pa_vehicles-vw-passat-r","110":"pa_vehicles-vw-polo","111":"pa_vehicles-tiguan-r-line","113":"first","114":"instock","115":"taxable","116":"shipping-taxable","117":"purchasable","118":"product-type-variable"},"bundled_by":["102588"],"bundle_stock_status":"instock","bundle_stock_quantity":9999999972,"bundle_virtual":false,"bundle_layout":"","bundle_add_to_cart_form_location":"","bundle_editable_in_cart":false,"bundle_sold_individually_context":"","bundle_item_grouping":"","bundle_min_size":"","bundle_max_size":"","bundle_price":[],"bundled_items":[],"bundle_sell_ids":[],"_links":{"self":[{"href":"https:\/\/paddleshifterz.com\/de\/wp-json\/wp\/v2\/product\/102397","targetHints":{"allow":["GET"]}}],"collection":[{"href":"https:\/\/paddleshifterz.com\/de\/wp-json\/wp\/v2\/product"}],"about":[{"href":"https:\/\/paddleshifterz.com\/de\/wp-json\/wp\/v2\/types\/product"}],"wp:featuredmedia":[{"embeddable":true,"href":"https:\/\/paddleshifterz.com\/de\/wp-json\/wp\/v2\/media\/102574"}],"wp:attachment":[{"href":"https:\/\/paddleshifterz.com\/de\/wp-json\/wp\/v2\/media?parent=102397"}],"wp:term":[{"taxonomy":"product_brand","embeddable":true,"href":"https:\/\/paddleshifterz.com\/de\/wp-json\/wp\/v2\/product_brand?post=102397"},{"taxonomy":"product_cat","embeddable":true,"href":"https:\/\/paddleshifterz.com\/de\/wp-json\/wp\/v2\/product_cat?post=102397"},{"taxonomy":"product_tag","embeddable":true,"href":"https:\/\/paddleshifterz.com\/de\/wp-json\/wp\/v2\/product_tag?post=102397"}],"curies":[{"name":"wp","href":"https:\/\/api.w.org\/{rel}","templated":true}]}}