{"id":102708,"date":"2025-11-27T07:10:10","date_gmt":"2025-11-27T06:10:10","guid":{"rendered":"https:\/\/paddleshifterz.com\/?post_type=product&#038;p=102708"},"modified":"2025-11-27T07:24:16","modified_gmt":"2025-11-27T06:24:16","slug":"oem-bmw-50-year-m-hood-and-trunk-emblems-f48-x1","status":"publish","type":"product","link":"https:\/\/paddleshifterz.com\/de\/oem-bmw-50-year-m-hood-and-trunk-emblems-f48-x1\/","title":{"rendered":"OEM BMW 50 Year M hood and trunk emblems &#8211; F48 X1"},"content":{"rendered":"","protected":false},"excerpt":{"rendered":"<p>Celebrate 50 years of M with the special anniversary badges from BMW M GmbH for your BMW F48 X1. Genuine, high-quality badges for the hood and trunk.<\/p>\n<p>F\u00fcr weitere 50 Jahre M-Jubil\u00e4umsabzeichen und anderes Zubeh\u00f6r <a href=\"https:\/\/paddleshifterz.com\/de\/50-year-m\/\">St\u00f6bern Sie hier in unserer Produktkategorie.<\/a><\/p>\n<ul>\n<li><strong>Motorhaube: <\/strong><a href=\"https:\/\/paddleshifterz.com\/de\/original-bmw-50-year-m-badge-51-14-8-087-191\/\">51148087191<\/a><\/li>\n<li><strong>Kofferraumdeckel: <\/strong><a href=\"https:\/\/paddleshifterz.com\/de\/original-bmw-50-year-m-badge-51-14-8-087-191\/\">51148087191<\/a><\/li>\n<\/ul>","protected":false},"featured_media":102709,"template":"","meta":{"bwfblock_default_font":""},"product_brand":[],"product_cat":[1090,1113,1084],"product_tag":[],"class_list":{"0":"post-102708","1":"product","2":"type-product","3":"status-publish","4":"has-post-thumbnail","6":"product_cat-50-year-m","7":"product_cat-exterior","8":"product_cat-trunk-badges","9":"product_shipping_class-shifterz","10":"pa_brand-bmw","11":"pa_product-type-oem-original-equipment-manufacturer","12":"pa_vehicles-bmw-f48-x1","14":"first","15":"onbackorder","16":"virtual","17":"taxable","18":"purchasable","19":"product-type-bundle"},"bundled_by":[],"bundle_stock_status":"instock","bundle_stock_quantity":"","bundle_virtual":false,"bundle_layout":"default","bundle_add_to_cart_form_location":"default","bundle_editable_in_cart":true,"bundle_sold_individually_context":"product","bundle_item_grouping":"parent","bundle_min_size":"","bundle_max_size":"","bundle_price":{"price":{"min":{"incl_tax":"189.8","excl_tax":"159.5"},"max":{"incl_tax":"189.8","excl_tax":"159.5"}},"regular_price":{"min":{"incl_tax":"189.8","excl_tax":"159.5"},"max":{"incl_tax":"189.8","excl_tax":"159.5"}}},"bundled_items":[{"bundled_item_id":192,"product_id":67588,"menu_order":0,"quantity_min":2,"quantity_max":2,"quantity_default":2,"priced_individually":true,"shipped_individually":false,"override_title":true,"title":"2x OEM BMW 50 Year M - 51148087191","override_description":true,"description":"","optional":false,"hide_thumbnail":false,"discount":"","override_variations":false,"allowed_variations":[],"override_default_variation_attributes":false,"default_variation_attributes":[],"single_product_visibility":"visible","cart_visibility":"visible","order_visibility":"visible","single_product_price_visibility":"visible","cart_price_visibility":"visible","order_price_visibility":"visible","stock_status":"on_backorder"}],"bundle_sell_ids":[],"_links":{"self":[{"href":"https:\/\/paddleshifterz.com\/de\/wp-json\/wp\/v2\/product\/102708","targetHints":{"allow":["GET"]}}],"collection":[{"href":"https:\/\/paddleshifterz.com\/de\/wp-json\/wp\/v2\/product"}],"about":[{"href":"https:\/\/paddleshifterz.com\/de\/wp-json\/wp\/v2\/types\/product"}],"wp:featuredmedia":[{"embeddable":true,"href":"https:\/\/paddleshifterz.com\/de\/wp-json\/wp\/v2\/media\/102709"}],"wp:attachment":[{"href":"https:\/\/paddleshifterz.com\/de\/wp-json\/wp\/v2\/media?parent=102708"}],"wp:term":[{"taxonomy":"product_brand","embeddable":true,"href":"https:\/\/paddleshifterz.com\/de\/wp-json\/wp\/v2\/product_brand?post=102708"},{"taxonomy":"product_cat","embeddable":true,"href":"https:\/\/paddleshifterz.com\/de\/wp-json\/wp\/v2\/product_cat?post=102708"},{"taxonomy":"product_tag","embeddable":true,"href":"https:\/\/paddleshifterz.com\/de\/wp-json\/wp\/v2\/product_tag?post=102708"}],"curies":[{"name":"wp","href":"https:\/\/api.w.org\/{rel}","templated":true}]}}