{"id":1542,"date":"2018-07-14T20:49:01","date_gmt":"2018-07-14T19:49:01","guid":{"rendered":"https:\/\/paddleshifterz.com\/?post_type=product&#038;p=1542"},"modified":"2026-04-01T09:04:35","modified_gmt":"2026-04-01T08:04:35","slug":"carbon-fiber-paddle-shifters-for-bmw-f-series","status":"publish","type":"product","link":"https:\/\/paddleshifterz.com\/de\/carbon-fiber-paddle-shifters-for-bmw-f-series\/","title":{"rendered":"Carbon Schaltwippen f\u00fcr BMW F Serie"},"content":{"rendered":"<h2>Verbessern Sie Ihr Fahrerlebnis mit Carbonfaser-Schaltwippen<\/h2>\n<p>Bringen Sie Ihre BMW auf das n\u00e4chste Level mit diesen Carbonfaser-Schalthebeln, die f\u00fcr ultimative Leistung und Stil entwickelt wurden. Gefertigt aus hochwertigem <b>Carbon Fiber<\/b>bieten diese Schaltwippen eine <b>Rennsport-inspiriert<\/b> und bietet gleichzeitig einen eleganten, hochwertigen Look f\u00fcr Ihr Interieur.<\/p>\n<h2>Wesentliche Merkmale<\/h2>\n<ul>\n<li><b>Hochwertige Kohlefaser-Konstruktion<\/b>: Diese Schaltwippen aus leichter, vorimpr\u00e4gnierter Kohlefaser werten die \u00c4sthetik des Lenkrads Ihres BMW auf.<\/li>\n<li><b>Perfekte Passform f\u00fcr BMW F-Serie<\/b>: Speziell entwickelt f\u00fcr eine breite Palette von <b>BMW F-Serie Modelle<\/b>, einschlie\u00dflich der <b>F30, F32, F80 und F82.<\/b> Diese Schaltwippen sind ein direkter Ersatz f\u00fcr die serienm\u00e4\u00dfigen Schaltwippen.<\/li>\n<li><b>Ethnie-inspiriertes Design<\/b>: Diese Schaltwippen verleihen dem Interieur Ihres BMW einen leistungsorientierten, aggressiven Look und verleihen ihm einen <b>motorsportlicher Vorsprung<\/b><\/li>\n<li><strong>Vergr\u00f6\u00dferte Fl\u00e4che: <\/strong>Wir haben die Schaltwippen vergr\u00f6\u00dfert und sie n\u00e4her an die Au\u00dfenkante gebracht.<\/li>\n<\/ul>\n<h2>Warum sollten Sie sich f\u00fcr Carbonfaser-Schaltwippen entscheiden?<\/h2>\n<p>Die Umr\u00fcstung auf Schaltwippen aus Kohlefaser verbessert die Innenraum\u00e4sthetik Ihres Fahrzeugs und verbessert auch Ihre Kontrolle bei rasanter Fahrt. Sie passen perfekt in das Innere Ihrer Karbonfaserverkleidung in Ihrem Fahrzeug. Das geringe Gewicht von Kohlefaser erm\u00f6glicht schnelle und pr\u00e4zise Schaltvorg\u00e4nge und sorgt so f\u00fcr ein einnehmendes und angenehmes Fahrerlebnis.<\/p>\n<h2>Perfekte Passform f\u00fcr Ihren F-Serie BMW<\/h2>\n<p>Diese Schaltwippen sind so konstruiert, dass sie perfekt auf BMW F Series Modelle passen und einen nahtlosen Einbau gew\u00e4hrleisten. Kompatible Modelle umfassen:<\/p>\n<ul>\n<li>BMW F20 2er Reihe<\/li>\n<li><a href=\"https:\/\/paddleshifterz.com\/de\/vehicles\/bmw-f30\/\">BMW F30 3er Reihe<\/a><\/li>\n<li>BMW F32 4er Reihe<\/li>\n<li><a href=\"https:\/\/paddleshifterz.com\/de\/vehicles\/bmw-f80-m3\/\">BMW F80 M3<\/a><\/li>\n<li>BMW F82 M4<\/li>\n<li>Eine vollst\u00e4ndige Liste der Fahrzeuge finden Sie in unseren Zusatzinformationen &gt; Fahrzeuge<\/li>\n<\/ul>\n<p>Wenn Sie sich \u00fcber die Kompatibilit\u00e4t mit Ihrem spezifischen BMW Modell nicht sicher sind, k\u00f6nnen Sie sich gerne an uns wenden.<\/p>\n<h2>Einfache Installation<\/h2>\n<p>Die Installation dieser Carbonfaser-Schaltwippen ist ein einfacher Prozess. Sie sind ein direkter Ersatz f\u00fcr Ihre urspr\u00fcngliche Schaltwippen, so dass f\u00fcr eine schnelle und unkomplizierte Upgrade mit keine zus\u00e4tzlichen \u00c4nderungen erforderlich. Wir haben eine einfach zu folgen, Schritt f\u00fcr Schritt Video-Tutorial in einem BMW F30 erstellt, k\u00f6nnen Sie sehen <a href=\"https:\/\/paddleshifterz.com\/de\/install\/\">Sehen Sie sich die Anleitung hier an<\/a>.<\/p>\n<h2>Warum bei PaddleShifterz kaufen?<\/h2>\n<p>Bei PaddleShifterz bieten wir nur Teile in Premium-Qualit\u00e4t an, die den hohen Anspr\u00fcchen eines BMW-Enthusiasten gerecht werden. Unsere Carbonfaser-Schaltwippen bieten sowohl Leistung als auch Stil und sorgen daf\u00fcr, dass Ihr BMW auf der Stra\u00dfe oder der Rennstrecke auff\u00e4llt.<\/p>\n<ul>\n<li>Echte Kohlefaser-Konstruktion\n<ul>\n<li>F\u00fcr die Herstellung unserer Schalthebel verwenden wir ausschlie\u00dflich hochwertiges Pre-Preg-Kohlefasermaterial und Aluminiumformen.<\/li>\n<\/ul>\n<\/li>\n<li>Schneller Versand und zuverl\u00e4ssige Kundenbetreuung\n<ul>\n<li>Wir versenden weltweit mit FedEx und DHL<\/li>\n<\/ul>\n<\/li>\n<li>Fachwissen und Unterst\u00fctzung bei Einbau und Installation\n<ul>\n<li>Fragen zum Einbau und zu den Spezifikationen, <a href=\"https:\/\/paddleshifterz.com\/de\/contact\/\">Sie k\u00f6nnen sich gerne an uns wenden<\/a>.<\/li>\n<\/ul>\n<\/li>\n<\/ul>\n<p>R\u00fcsten Sie Ihren BMW F Series mit diesen Carbonfaser-Schaltwippen auf und genie\u00dfen Sie ein reaktionsschnelleres, leistungsorientiertes Fahrerlebnis. Kaufen Sie jetzt bei PaddleShifterz und bringen Sie Ihren Innenraum auf das n\u00e4chste Level!<\/p>","protected":false},"excerpt":{"rendered":"<p>Bringen Sie Ihr Interieur Spiel auf die n\u00e4chste Stufe mit unseren prepreg Kohlefaser Paddle Shifters. Unsere Schalthebel sind 1-1 Ersatz f\u00fcr Ihre originalen E\/F Serie BMW Schalthebel, so dass kein zus\u00e4tzliches Zubeh\u00f6r, kein Kleber oder Schraube erforderlich ist. Sie nehmen einfach den alten Satz heraus und setzen die neuen ein.<\/p>","protected":false},"featured_media":79565,"template":"","meta":{"bwfblock_default_font":""},"product_brand":[],"product_cat":[433],"product_tag":[],"class_list":{"0":"post-1542","1":"product","2":"type-product","3":"status-publish","4":"has-post-thumbnail","6":"product_cat-paddle-shifters","7":"product_shipping_class-shifterz","8":"pa_brand-paddleshifterz","9":"pa_product-type-aftermarket","10":"pa_vehicles-bmw-f06-f12-f13","11":"pa_vehicles-bmw-m6-f06-f12-f13","12":"pa_vehicles-bmw-f07-gt","13":"pa_vehicles-bmw-m5-f10","14":"pa_vehicles-bmw-f10-f11","15":"pa_vehicles-bmw-f15-x5","16":"pa_vehicles-bmw-f16-x6","17":"pa_vehicles-bmw-f20-f21","18":"pa_vehicles-bmw-f22-f23","19":"pa_vehicles-bmw-f25-x3","20":"pa_vehicles-bmw-f26-x4","21":"pa_vehicles-bmw-f30","22":"pa_vehicles-bmw-f31","23":"pa_vehicles-bmw-f32","24":"pa_vehicles-bmw-f33","25":"pa_vehicles-bmw-f34","26":"pa_vehicles-bmw-f36","27":"pa_vehicles-bmw-f39-x2","28":"pa_vehicles-bmw-f45","29":"pa_vehicles-bmw-f46","30":"pa_vehicles-bmw-f47-x2","31":"pa_vehicles-bmw-f48-x1","32":"pa_vehicles-bmw-f80-m3","33":"pa_vehicles-bmw-f82-m4","34":"pa_vehicles-4-series-f83-m4","35":"pa_vehicles-bmw-f85-x5m","36":"pa_vehicles-bmw-f86-x6m","37":"pa_vehicles-bmw-f87-m2","38":"pa_vehicles-bmw-i8","40":"first","41":"onbackorder","42":"taxable","43":"shipping-taxable","44":"purchasable","45":"product-type-variable"},"bundled_by":["59827"],"bundle_stock_status":"onbackorder","bundle_stock_quantity":0,"bundle_virtual":false,"bundle_layout":"","bundle_add_to_cart_form_location":"","bundle_editable_in_cart":false,"bundle_sold_individually_context":"","bundle_item_grouping":"","bundle_min_size":"","bundle_max_size":"","bundle_price":[],"bundled_items":[],"bundle_sell_ids":[],"_links":{"self":[{"href":"https:\/\/paddleshifterz.com\/de\/wp-json\/wp\/v2\/product\/1542","targetHints":{"allow":["GET"]}}],"collection":[{"href":"https:\/\/paddleshifterz.com\/de\/wp-json\/wp\/v2\/product"}],"about":[{"href":"https:\/\/paddleshifterz.com\/de\/wp-json\/wp\/v2\/types\/product"}],"wp:featuredmedia":[{"embeddable":true,"href":"https:\/\/paddleshifterz.com\/de\/wp-json\/wp\/v2\/media\/79565"}],"wp:attachment":[{"href":"https:\/\/paddleshifterz.com\/de\/wp-json\/wp\/v2\/media?parent=1542"}],"wp:term":[{"taxonomy":"product_brand","embeddable":true,"href":"https:\/\/paddleshifterz.com\/de\/wp-json\/wp\/v2\/product_brand?post=1542"},{"taxonomy":"product_cat","embeddable":true,"href":"https:\/\/paddleshifterz.com\/de\/wp-json\/wp\/v2\/product_cat?post=1542"},{"taxonomy":"product_tag","embeddable":true,"href":"https:\/\/paddleshifterz.com\/de\/wp-json\/wp\/v2\/product_tag?post=1542"}],"curies":[{"name":"wp","href":"https:\/\/api.w.org\/{rel}","templated":true}]}}