{"id":50346,"date":"2020-04-18T18:40:31","date_gmt":"2020-04-18T17:40:31","guid":{"rendered":"https:\/\/paddleshifterz.com\/?post_type=product&#038;p=50346"},"modified":"2025-12-19T17:54:29","modified_gmt":"2025-12-19T16:54:29","slug":"mini-aluminium-paddle-shifters","status":"publish","type":"product","link":"https:\/\/paddleshifterz.com\/de\/mini-aluminium-paddle-shifters\/","title":{"rendered":"Aluminium Schaltwippen f\u00fcr MINI - Rot"},"content":{"rendered":"","protected":false},"excerpt":{"rendered":"<p>Ein Satz von Aluminium Schaltwippen sind aus 6061-Grad-Flugzeug-Aluminium mit CNC-Bearbeitung gemacht. Sie sind 1 zu 1 Ersatz f\u00fcr Ihre original MINI Schaltwippen, Sie brauchen keine zus\u00e4tzlichen Kleber oder Schrauben, um sie zu installieren.<\/p>\n<p>Wir haben sie vergr\u00f6\u00dfert, um einen gr\u00f6\u00dferen Schaltbereich f\u00fcr den t\u00e4glichen Gebrauch oder f\u00fcr Rennstrecken wie die Nordschleife zu schaffen. Wir haben diese Schalthebel so konzipiert, dass Sie bequemer durch die G\u00e4nge schalten k\u00f6nnen und das Fahren noch mehr Spa\u00df macht.<\/p>","protected":false},"featured_media":64848,"template":"","meta":{"bwfblock_default_font":""},"product_brand":[],"product_cat":[433],"product_tag":[],"class_list":{"0":"post-50346","1":"product","2":"type-product","3":"status-publish","4":"has-post-thumbnail","6":"product_cat-paddle-shifters","7":"product_shipping_class-shifterz","8":"pa_brand-paddleshifterz","9":"pa_product-type-aftermarket","10":"pa_vehicles-mini-f54","11":"pa_vehicles-mini-f55","12":"pa_vehicles-mini-f56","13":"pa_vehicles-mini-f56-gp3","14":"pa_vehicles-mini-f57","15":"pa_vehicles-mini-f60-countryman","17":"first","18":"outofstock","19":"sale","20":"taxable","21":"shipping-taxable","22":"purchasable","23":"product-type-simple"},"bundled_by":[],"bundle_stock_status":"outofstock","bundle_stock_quantity":0,"bundle_virtual":false,"bundle_layout":"","bundle_add_to_cart_form_location":"","bundle_editable_in_cart":false,"bundle_sold_individually_context":"","bundle_item_grouping":"","bundle_min_size":"","bundle_max_size":"","bundle_price":[],"bundled_items":[],"bundle_sell_ids":[],"_links":{"self":[{"href":"https:\/\/paddleshifterz.com\/de\/wp-json\/wp\/v2\/product\/50346","targetHints":{"allow":["GET"]}}],"collection":[{"href":"https:\/\/paddleshifterz.com\/de\/wp-json\/wp\/v2\/product"}],"about":[{"href":"https:\/\/paddleshifterz.com\/de\/wp-json\/wp\/v2\/types\/product"}],"wp:featuredmedia":[{"embeddable":true,"href":"https:\/\/paddleshifterz.com\/de\/wp-json\/wp\/v2\/media\/64848"}],"wp:attachment":[{"href":"https:\/\/paddleshifterz.com\/de\/wp-json\/wp\/v2\/media?parent=50346"}],"wp:term":[{"taxonomy":"product_brand","embeddable":true,"href":"https:\/\/paddleshifterz.com\/de\/wp-json\/wp\/v2\/product_brand?post=50346"},{"taxonomy":"product_cat","embeddable":true,"href":"https:\/\/paddleshifterz.com\/de\/wp-json\/wp\/v2\/product_cat?post=50346"},{"taxonomy":"product_tag","embeddable":true,"href":"https:\/\/paddleshifterz.com\/de\/wp-json\/wp\/v2\/product_tag?post=50346"}],"curies":[{"name":"wp","href":"https:\/\/api.w.org\/{rel}","templated":true}]}}