{"id":53303,"date":"2020-11-30T09:59:04","date_gmt":"2020-11-30T08:59:04","guid":{"rendered":"https:\/\/paddleshifterz.com\/?post_type=product&#038;p=53303"},"modified":"2026-04-12T10:38:32","modified_gmt":"2026-04-12T09:38:32","slug":"carbon-fiber-paddle-shifters-for-f-g-series","status":"publish","type":"product","link":"https:\/\/paddleshifterz.com\/de\/carbon-fiber-paddle-shifters-for-f-g-series\/","title":{"rendered":"Carbon Schaltwippen f\u00fcr F\/G-Serie und Supra"},"content":{"rendered":"<p><strong>Nur f\u00fcr echte Autoliebhaber!<\/strong><\/p>\n<p>Wir pr\u00e4sentieren das ultimative Upgrade f\u00fcr Ihre BMW G-Serie, F4X\/F9X oder Toyota Supra. Pre-preg Kohlefaser Schaltwippen, entworfen und hergestellt in Deutschland.<\/p>\n<p>Diese hochwertigen Schaltwippen werden aus vorimpr\u00e4gnierter Kohlefaser hergestellt, was zu einem st\u00e4rkeren und haltbareren Produkt f\u00fchrt. Zus\u00e4tzlich verleiht das leichte Design dieser Schaltwippen Ihrem Auto nicht nur einen sportlichen Look, sondern verbessert auch Ihr Fahrerlebnis durch schnellere und pr\u00e4zisere Schaltvorg\u00e4nge. Das Karbonfasermaterial ist verschlei\u00dffest, was die Haltbarkeit dieser Schaltwippen f\u00fcr die n\u00e4chsten Jahre gew\u00e4hrleistet.<\/p>\n<p>Egal, ob Sie ein begeisterter Rennstrecken-Fan sind oder Ihrem Fahrzeug einfach nur einen Hauch von Rennsport-Stil verleihen wollen, diese Schaltwippen sind die perfekte Wahl, um jede Fahrt zu verbessern.<\/p>\n<h2>Spezifikationen<\/h2>\n<ul>\n<li>Vollst\u00e4ndiger Ersatz der OEM-Carbonfaser-Schaltwippen<\/li>\n<li>Hergestellt unter Verwendung von 2\u00d72 gewebten vorimpr\u00e4gnierten Kohlenstofffasern<\/li>\n<li>Vollst\u00e4ndiger Satz aus Kohlefaser, hohle Konstruktion. Keine interne Kunststoffstruktur verwendet.<\/li>\n<li>Beschichtet in gl\u00e4nzend lackierter Ausf\u00fchrung<\/li>\n<li>Bessere Ergonomie als OEM-BMW-Schalthebel: Unsere Schaltwippen wurden anhand eines 3D-Modells des OEM-Lenkrads entwickelt, um die beste Passform zu gew\u00e4hrleisten.<\/li>\n<li>Entwickelt und hergestellt in Deutschland \ud83c\udde9\ud83c\uddea<\/li>\n<\/ul>\n<h2>Passende Fahrzeuge<\/h2>\n<p>Diese Carbonfaser-Schaltwippen passen f\u00fcr eine Vielzahl von BMW-Modellen. Wir haben sie f\u00fcr das Lenkrad der G-Serie entworfen, so dass sie f\u00fcr viele BMW-Modelle verf\u00fcgbar sind, wie z. B.: F40, G20, <a href=\"https:\/\/paddleshifterz.com\/de\/vehicles\/bmw-g87-m2\/\">G87 M2<\/a>, <a href=\"https:\/\/paddleshifterz.com\/de\/vehicles\/bmw-f90-m5\/\">F90 M5<\/a> und viele mehr. Eine vollst\u00e4ndige Liste der Modelle finden Sie in der <strong>Fahrzeuge<\/strong> Abschnitt unten.<\/p>\n<h2>Preisgekr\u00f6ntes Produkt<\/h2>\n<p>Im Jahr 2022 wurde dieses Produkt mit einer \"German Design Award Special Mention\" Auszeichnung in der Kategorie ausgezeichnet: Excellent Product Design Automotive Parts and Accessories<\/p>","protected":false},"excerpt":{"rendered":"<p>Wir pr\u00e4sentieren das ultimative Upgrade f\u00fcr Ihre BMW G-Serie wie den F40, F44, G87 M2, F90 M5, F91, F92 M8 Competition, Toyota Supra und viele mehr. Pre-preg Kohlefaser Schaltwippen, entworfen und hergestellt in Deutschland.<\/p>","protected":false},"featured_media":71686,"template":"","meta":{"bwfblock_default_font":""},"product_brand":[],"product_cat":[433],"product_tag":[],"class_list":{"0":"post-53303","1":"product","2":"type-product","3":"status-publish","4":"has-post-thumbnail","6":"product_cat-paddle-shifters","7":"product_shipping_class-shifterz","8":"pa_brand-paddleshifterz","9":"pa_product-type-aftermarket","10":"pa_vehicles-bmw-f40","11":"pa_vehicles-bmw-f44","12":"pa_vehicles-bmw-f90-m5","13":"pa_vehicles-bmw-m8-f91-f92-f93","14":"pa_vehicles-bmw-f95-x5m","15":"pa_vehicles-bmw-f96-x6m","16":"pa_vehicles-bmw-f97-x3m","17":"pa_vehicles-bmw-f98-x4m","18":"pa_vehicles-bmw-g01-x3","19":"pa_vehicles-bmw-g02-x4","20":"pa_vehicles-bmw-g05-x5","21":"pa_vehicles-bmw-x6-g06","22":"pa_vehicles-bmw-g07-x7","23":"pa_vehicles-bmw-g07-x7-lci","24":"pa_vehicles-bmw-g09-xm","25":"pa_vehicles-bmw-g11-g12","26":"pa_vehicles-bmw-g14-g15-g16","27":"pa_vehicles-bmw-g20","28":"pa_vehicles-bmw-g21","29":"pa_vehicles-bmw-g22","30":"pa_vehicles-bmw-g23","31":"pa_vehicles-bmw-g26-grancoupe","32":"pa_vehicles-bmw-z4-g29","33":"pa_vehicles-bmw-g30","34":"pa_vehicles-bmw-g31","35":"pa_vehicles-bmw-g32","36":"pa_vehicles-bmw-g42","37":"pa_vehicles-bmw-g80-m3","38":"pa_vehicles-bmw-g81-m3-touring","39":"pa_vehicles-bmw-g82-m4-csl","40":"pa_vehicles-bmw-g82-m4","41":"pa_vehicles-bmw-g83-m4","42":"pa_vehicles-bmw-g87-m2","43":"pa_vehicles-supra-a90-a91","45":"first","46":"instock","47":"featured","48":"taxable","49":"shipping-taxable","50":"purchasable","51":"product-type-simple"},"bundled_by":["59712"],"bundle_stock_status":"instock","bundle_stock_quantity":2,"bundle_virtual":false,"bundle_layout":"","bundle_add_to_cart_form_location":"","bundle_editable_in_cart":false,"bundle_sold_individually_context":"","bundle_item_grouping":"","bundle_min_size":"","bundle_max_size":"","bundle_price":[],"bundled_items":[],"bundle_sell_ids":[],"_links":{"self":[{"href":"https:\/\/paddleshifterz.com\/de\/wp-json\/wp\/v2\/product\/53303","targetHints":{"allow":["GET"]}}],"collection":[{"href":"https:\/\/paddleshifterz.com\/de\/wp-json\/wp\/v2\/product"}],"about":[{"href":"https:\/\/paddleshifterz.com\/de\/wp-json\/wp\/v2\/types\/product"}],"wp:featuredmedia":[{"embeddable":true,"href":"https:\/\/paddleshifterz.com\/de\/wp-json\/wp\/v2\/media\/71686"}],"wp:attachment":[{"href":"https:\/\/paddleshifterz.com\/de\/wp-json\/wp\/v2\/media?parent=53303"}],"wp:term":[{"taxonomy":"product_brand","embeddable":true,"href":"https:\/\/paddleshifterz.com\/de\/wp-json\/wp\/v2\/product_brand?post=53303"},{"taxonomy":"product_cat","embeddable":true,"href":"https:\/\/paddleshifterz.com\/de\/wp-json\/wp\/v2\/product_cat?post=53303"},{"taxonomy":"product_tag","embeddable":true,"href":"https:\/\/paddleshifterz.com\/de\/wp-json\/wp\/v2\/product_tag?post=53303"}],"curies":[{"name":"wp","href":"https:\/\/api.w.org\/{rel}","templated":true}]}}