{"id":53636,"date":"2020-12-12T14:07:41","date_gmt":"2020-12-12T13:07:41","guid":{"rendered":"https:\/\/paddleshifterz.com\/?post_type=product&#038;p=53636"},"modified":"2026-04-04T22:27:01","modified_gmt":"2026-04-04T21:27:01","slug":"genuine-bmw-gear-shift-trim-cover-carbon-fiber-for-bmw-f8x-m3-m4","status":"publish","type":"product","link":"https:\/\/paddleshifterz.com\/de\/genuine-bmw-gear-shift-trim-cover-carbon-fiber-for-bmw-f8x-m3-m4\/","title":{"rendered":"OEM BMW Schalthebelabdeckung Carbon - BMW F8X M3\/M4"},"content":{"rendered":"<p>Erh\u00e4ltlich sowohl f\u00fcr Links- als auch f\u00fcr Rechtslenker. Bitte w\u00e4hlen Sie die richtige Variante aus dem Dropdown-Men\u00fc.<\/p>\n<h2>Unterst\u00fctzte Fahrzeuge<\/h2>\n<ul>\n<li>BMW F80 M3\/M3 LCI<\/li>\n<li>BMW F82 M4\/M4 LCI<\/li>\n<li>BMW F83 M4\/M4 LCI<\/li>\n<\/ul>\n<p>Nur f\u00fcr Fahrzeuge mit Automatikgetriebe<\/p>\n<h2>Unboxing<\/h2>\n<p>Schauen Sie sich das Unboxing-Video unten an, um zu sehen, was sich in der Schachtel befindet, und um sich das Produkt vor dem Kauf genauer anzusehen.<\/p>\n<p><iframe loading=\"lazy\" title=\"YouTube-Video-Player\" src=\"https:\/\/www.youtube.com\/embed\/CSpM75-ASa8\" width=\"560\" height=\"315\" frameborder=\"0\" allowfullscreen=\"allowfullscreen\"><\/iframe><\/p>","protected":false},"excerpt":{"rendered":"<p>Erh\u00f6hen Sie den Innenraum Ihres BMW F8X M3 oder M4 mit dieser sch\u00f6nen OEM BMW M Performance Kohlefaser und Alcantara trimmen.<\/p>","protected":false},"featured_media":64676,"template":"","meta":{"bwfblock_default_font":""},"product_brand":[],"product_cat":[593],"product_tag":[],"class_list":{"0":"post-53636","1":"product","2":"type-product","3":"status-publish","4":"has-post-thumbnail","6":"product_cat-interior","7":"product_shipping_class-shifterz","8":"pa_brand-bmw","9":"pa_product-type-oem-original-equipment-manufacturer","10":"pa_vehicles-bmw-f80-m3","11":"pa_vehicles-bmw-f82-m4","13":"first","14":"onbackorder","15":"taxable","16":"shipping-taxable","17":"purchasable","18":"product-type-variable","19":"has-default-attributes"},"bundled_by":[],"bundle_stock_status":"onbackorder","bundle_stock_quantity":0,"bundle_virtual":false,"bundle_layout":"","bundle_add_to_cart_form_location":"","bundle_editable_in_cart":false,"bundle_sold_individually_context":"","bundle_item_grouping":"","bundle_min_size":"","bundle_max_size":"","bundle_price":[],"bundled_items":[],"bundle_sell_ids":[],"_links":{"self":[{"href":"https:\/\/paddleshifterz.com\/de\/wp-json\/wp\/v2\/product\/53636","targetHints":{"allow":["GET"]}}],"collection":[{"href":"https:\/\/paddleshifterz.com\/de\/wp-json\/wp\/v2\/product"}],"about":[{"href":"https:\/\/paddleshifterz.com\/de\/wp-json\/wp\/v2\/types\/product"}],"wp:featuredmedia":[{"embeddable":true,"href":"https:\/\/paddleshifterz.com\/de\/wp-json\/wp\/v2\/media\/64676"}],"wp:attachment":[{"href":"https:\/\/paddleshifterz.com\/de\/wp-json\/wp\/v2\/media?parent=53636"}],"wp:term":[{"taxonomy":"product_brand","embeddable":true,"href":"https:\/\/paddleshifterz.com\/de\/wp-json\/wp\/v2\/product_brand?post=53636"},{"taxonomy":"product_cat","embeddable":true,"href":"https:\/\/paddleshifterz.com\/de\/wp-json\/wp\/v2\/product_cat?post=53636"},{"taxonomy":"product_tag","embeddable":true,"href":"https:\/\/paddleshifterz.com\/de\/wp-json\/wp\/v2\/product_tag?post=53636"}],"curies":[{"name":"wp","href":"https:\/\/api.w.org\/{rel}","templated":true}]}}