{"id":53676,"date":"2020-12-12T18:27:20","date_gmt":"2020-12-12T17:27:20","guid":{"rendered":"https:\/\/paddleshifterz.com\/?post_type=product&#038;p=53676"},"modified":"2026-03-23T09:58:22","modified_gmt":"2026-03-23T08:58:22","slug":"genuine-bmw-carbon-fiber-parking-brake-handle-alcantara-with-m-stitching","status":"publish","type":"product","link":"https:\/\/paddleshifterz.com\/de\/genuine-bmw-carbon-fiber-parking-brake-handle-alcantara-with-m-stitching\/","title":{"rendered":"OEM BMW Alcantara, Carbon Handbremsgriff"},"content":{"rendered":"","protected":false},"excerpt":{"rendered":"<p>Werten Sie den Innenraum Ihres BMW F8X M3 oder M4 mit dieser sch\u00f6nen OEM BMW M Performance Handbremse aus Kohlefaser und Alcantara auf.<\/p>\n<p>Erh\u00e4ltlich sowohl f\u00fcr Links- als auch f\u00fcr Rechtslenker. Bitte w\u00e4hlen Sie die richtige Variante aus dem Dropdown-Men\u00fc.<\/p>\n<p><strong>This product has been discontinued.<\/strong><\/p>","protected":false},"featured_media":64776,"template":"","meta":{"bwfblock_default_font":""},"product_brand":[],"product_cat":[593],"product_tag":[],"class_list":{"0":"post-53676","1":"product","2":"type-product","3":"status-publish","4":"has-post-thumbnail","6":"product_cat-interior","7":"product_shipping_class-shifterz","8":"pa_brand-bmw","9":"pa_product-type-oem-original-equipment-manufacturer","10":"pa_vehicles-bmw-f30","11":"pa_vehicles-bmw-f31","12":"pa_vehicles-bmw-f32","13":"pa_vehicles-bmw-f33","14":"pa_vehicles-bmw-f34","15":"pa_vehicles-bmw-f36","16":"pa_vehicles-bmw-f80-m3","17":"pa_vehicles-bmw-f82-m4","18":"pa_vehicles-4-series-f83-m4","20":"first","21":"onbackorder","22":"taxable","23":"shipping-taxable","24":"product-type-variable","25":"has-default-attributes"},"bundled_by":[],"bundle_stock_status":"onbackorder","bundle_stock_quantity":0,"bundle_virtual":false,"bundle_layout":"","bundle_add_to_cart_form_location":"","bundle_editable_in_cart":false,"bundle_sold_individually_context":"","bundle_item_grouping":"","bundle_min_size":"","bundle_max_size":"","bundle_price":[],"bundled_items":[],"bundle_sell_ids":[],"_links":{"self":[{"href":"https:\/\/paddleshifterz.com\/de\/wp-json\/wp\/v2\/product\/53676","targetHints":{"allow":["GET"]}}],"collection":[{"href":"https:\/\/paddleshifterz.com\/de\/wp-json\/wp\/v2\/product"}],"about":[{"href":"https:\/\/paddleshifterz.com\/de\/wp-json\/wp\/v2\/types\/product"}],"wp:featuredmedia":[{"embeddable":true,"href":"https:\/\/paddleshifterz.com\/de\/wp-json\/wp\/v2\/media\/64776"}],"wp:attachment":[{"href":"https:\/\/paddleshifterz.com\/de\/wp-json\/wp\/v2\/media?parent=53676"}],"wp:term":[{"taxonomy":"product_brand","embeddable":true,"href":"https:\/\/paddleshifterz.com\/de\/wp-json\/wp\/v2\/product_brand?post=53676"},{"taxonomy":"product_cat","embeddable":true,"href":"https:\/\/paddleshifterz.com\/de\/wp-json\/wp\/v2\/product_cat?post=53676"},{"taxonomy":"product_tag","embeddable":true,"href":"https:\/\/paddleshifterz.com\/de\/wp-json\/wp\/v2\/product_tag?post=53676"}],"curies":[{"name":"wp","href":"https:\/\/api.w.org\/{rel}","templated":true}]}}