{"id":53893,"date":"2020-12-17T19:29:50","date_gmt":"2020-12-17T18:29:50","guid":{"rendered":"https:\/\/paddleshifterz.com\/?post_type=product&#038;p=53893"},"modified":"2025-12-29T11:23:26","modified_gmt":"2025-12-29T10:23:26","slug":"genuine-bmw-m-performance-dry-carbon-fiber-interior-for-f87-m2","status":"publish","type":"product","link":"https:\/\/paddleshifterz.com\/de\/genuine-bmw-m-performance-dry-carbon-fiber-interior-for-f87-m2\/","title":{"rendered":"OEM BMW M Performance Interieurblenden - F2X\/F87 M2"},"content":{"rendered":"<h2>Unterst\u00fctzte Fahrzeuge<\/h2>\n<ul>\n<li>BMW F21 LCI<\/li>\n<li>BMW F22 LCI<\/li>\n<li>BMW F87 M2 LCI<\/li>\n<li>BMW F87 Wettbewerb<\/li>\n<li>BMW F87 M2 CS<\/li>\n<\/ul>\n<p>Passt f\u00fcr Fahrzeuge mit Links- und Rechtslenkung.<\/p>","protected":false},"excerpt":{"rendered":"<p>Original BMW M Performance Teile. Verbessern Sie den Innenraum Ihres BMW M2 mit diesem sch\u00f6nen Satz von trockenen Kohlefaser, Alcantara Innenraum Teile. Das Paket enth\u00e4lt: 2x T\u00fcrgriffe, 1x Armaturenbrettverkleidung, Mittelkonsolenverkleidung...<\/p>\n<p><strong>Teilenummern:<\/strong><br \/>\nLinkslenker: 51952454349 <strong>(aufgegeben)<\/strong><br \/>\nRechtslenker: 51952454350 <strong>(aufgegeben)<\/strong><\/p>\n<p><strong>Leider hat BMW die Produktion der Vor-LCI-Versionen eingestellt. Die LCI-Linkslenker-Version wurde ebenfalls eingestellt.<\/strong><\/p>","protected":false},"featured_media":66688,"template":"","meta":{"bwfblock_default_font":""},"product_brand":[],"product_cat":[593],"product_tag":[],"class_list":{"0":"post-53893","1":"product","2":"type-product","3":"status-publish","4":"has-post-thumbnail","6":"product_cat-interior","7":"product_shipping_class-shifterz","8":"pa_brand-bmw","9":"pa_brand-m-performance","10":"pa_product-type-oem-original-equipment-manufacturer","11":"pa_vehicles-bmw-f20-f21","12":"pa_vehicles-bmw-f22-f23","13":"pa_vehicles-bmw-f87-m2","15":"first","16":"onbackorder","17":"taxable","18":"shipping-taxable","19":"purchasable","20":"product-type-variable","21":"has-default-attributes"},"bundled_by":[],"bundle_stock_status":"onbackorder","bundle_stock_quantity":0,"bundle_virtual":false,"bundle_layout":"","bundle_add_to_cart_form_location":"","bundle_editable_in_cart":false,"bundle_sold_individually_context":"","bundle_item_grouping":"","bundle_min_size":"","bundle_max_size":"","bundle_price":[],"bundled_items":[],"bundle_sell_ids":[],"_links":{"self":[{"href":"https:\/\/paddleshifterz.com\/de\/wp-json\/wp\/v2\/product\/53893","targetHints":{"allow":["GET"]}}],"collection":[{"href":"https:\/\/paddleshifterz.com\/de\/wp-json\/wp\/v2\/product"}],"about":[{"href":"https:\/\/paddleshifterz.com\/de\/wp-json\/wp\/v2\/types\/product"}],"wp:featuredmedia":[{"embeddable":true,"href":"https:\/\/paddleshifterz.com\/de\/wp-json\/wp\/v2\/media\/66688"}],"wp:attachment":[{"href":"https:\/\/paddleshifterz.com\/de\/wp-json\/wp\/v2\/media?parent=53893"}],"wp:term":[{"taxonomy":"product_brand","embeddable":true,"href":"https:\/\/paddleshifterz.com\/de\/wp-json\/wp\/v2\/product_brand?post=53893"},{"taxonomy":"product_cat","embeddable":true,"href":"https:\/\/paddleshifterz.com\/de\/wp-json\/wp\/v2\/product_cat?post=53893"},{"taxonomy":"product_tag","embeddable":true,"href":"https:\/\/paddleshifterz.com\/de\/wp-json\/wp\/v2\/product_tag?post=53893"}],"curies":[{"name":"wp","href":"https:\/\/api.w.org\/{rel}","templated":true}]}}