{"id":54129,"date":"2020-12-22T10:58:15","date_gmt":"2020-12-22T09:58:15","guid":{"rendered":"https:\/\/paddleshifterz.com\/?post_type=product&#038;p=54129"},"modified":"2026-04-20T21:36:15","modified_gmt":"2026-04-20T20:36:15","slug":"bmw-floating-wheel-center-cap-set-112mm","status":"publish","type":"product","link":"https:\/\/paddleshifterz.com\/de\/bmw-floating-wheel-center-cap-set-112mm\/","title":{"rendered":"OEM BMW Nabenabdeckung feststehend Satz  112mm - 36122455268"},"content":{"rendered":"<p>Ein Satz von echten BMW schwimmenden Mittelkappen f\u00fcr Ihre R\u00e4der zu halten, dass BMW-Logo immer nivelliert f\u00fcr den polierten Look. Perfekt f\u00fcr Fotografen. Und f\u00fcr diejenigen, die f\u00fcr das gewisse Etwas suchen, um ihren Stolz und Freude mit dem fehlenden Touch zu beenden. Passt auf alle <a href=\"https:\/\/paddleshifterz.com\/de\/bmw-mini-wheels-and-tires\/\">BMW Leichtmetallr\u00e4der<\/a> mit einem 5x112mm Setup.<\/p>\n<h2>Spezifikationen<\/h2>\n<ul>\n<li><strong>Enth\u00e4lt:<\/strong> Satz mit vier schwimmenden Mittelkappen<\/li>\n<li><strong>Passt zu<\/strong> all BMW alloy wheels with a 5&#215;112 mm setup<\/li>\n<li>Super <strong>einfach<\/strong> Installation<\/li>\n<li><strong>Durchmesser:<\/strong> 56mm<\/li>\n<\/ul>\n<div>F\u00fcr gr\u00f6\u00dfere Durchmesser, bitte dieses Produkt w\u00e4hlen <a href=\"https:\/\/paddleshifterz.com\/de\/produkt\/bmw-floating-wheel-center-cap-set-120mm\/\">hier mit 5x120mm<\/a>.<\/div>","protected":false},"excerpt":{"rendered":"<p>Ein Satz von echten BMW schwimmenden Mittelkappen f\u00fcr Ihre R\u00e4der zu halten, dass BMW-Logo immer nivelliert f\u00fcr den polierten Look. Perfekt f\u00fcr Fotografen. Und f\u00fcr diejenigen, die f\u00fcr das gewisse Etwas suchen, um ihren Stolz und Freude mit dem fehlenden Touch zu beenden. Passt auf alle <a href=\"https:\/\/paddleshifterz.com\/de\/bmw-mini-wheels-and-tires\/\">BMW Leichtmetallr\u00e4der<\/a> mit einem 5x112mm Setup.<\/p>\n<p>SKU: 36122455268<\/p>","protected":false},"featured_media":64813,"template":"","meta":{"bwfblock_default_font":""},"product_brand":[],"product_cat":[1107],"product_tag":[],"class_list":{"0":"post-54129","1":"product","2":"type-product","3":"status-publish","4":"has-post-thumbnail","6":"product_cat-bmw-mini-wheels-and-tires","7":"product_shipping_class-shifterz","8":"pa_brand-bmw","9":"pa_product-type-oem-original-equipment-manufacturer","10":"pa_vehicles-bmw-f39-x2","11":"pa_vehicles-bmw-f40","12":"pa_vehicles-bmw-f44","13":"pa_vehicles-bmw-f45","14":"pa_vehicles-bmw-f46","15":"pa_vehicles-bmw-f48-x1","16":"pa_vehicles-bmw-f90-m5","17":"pa_vehicles-bmw-m8-f91-f92-f93","18":"pa_vehicles-bmw-f95-x5m","19":"pa_vehicles-bmw-f96-x6m","20":"pa_vehicles-bmw-f97-x3m","21":"pa_vehicles-bmw-f98-x4m","22":"pa_vehicles-bmw-g01-x3","23":"pa_vehicles-bmw-g02-x4","24":"pa_vehicles-bmw-g05-x5","25":"pa_vehicles-bmw-x6-g06","26":"pa_vehicles-bmw-g07-x7","27":"pa_vehicles-bmw-g07-x7-lci","28":"pa_vehicles-bmw-g11-g12","29":"pa_vehicles-bmw-g14-g15-g16","30":"pa_vehicles-bmw-g20","31":"pa_vehicles-bmw-g21","32":"pa_vehicles-bmw-g22","33":"pa_vehicles-bmw-g23","34":"pa_vehicles-bmw-g26-grancoupe","35":"pa_vehicles-bmw-z4-g29","36":"pa_vehicles-bmw-g30","37":"pa_vehicles-bmw-g31","38":"pa_vehicles-bmw-g32","39":"pa_vehicles-bmw-g42","40":"pa_vehicles-bmw-g45-x3","41":"pa_vehicles-bmw-g60","42":"pa_vehicles-bmw-g61","43":"pa_vehicles-bmw-g80-m3","44":"pa_vehicles-bmw-g81-m3-touring","45":"pa_vehicles-bmw-g82-m4-csl","46":"pa_vehicles-bmw-g82-m4","47":"pa_vehicles-bmw-g83-m4","48":"pa_vehicles-bmw-g87-m2","49":"pa_vehicles-bmw-i4-g26","50":"pa_vehicles-x-series-u10-x2","52":"first","53":"onbackorder","54":"taxable","55":"shipping-taxable","56":"purchasable","57":"product-type-simple"},"bundled_by":[],"bundle_stock_status":"onbackorder","bundle_stock_quantity":-44,"bundle_virtual":false,"bundle_layout":"","bundle_add_to_cart_form_location":"","bundle_editable_in_cart":false,"bundle_sold_individually_context":"","bundle_item_grouping":"","bundle_min_size":"","bundle_max_size":"","bundle_price":[],"bundled_items":[],"bundle_sell_ids":[],"_links":{"self":[{"href":"https:\/\/paddleshifterz.com\/de\/wp-json\/wp\/v2\/product\/54129","targetHints":{"allow":["GET"]}}],"collection":[{"href":"https:\/\/paddleshifterz.com\/de\/wp-json\/wp\/v2\/product"}],"about":[{"href":"https:\/\/paddleshifterz.com\/de\/wp-json\/wp\/v2\/types\/product"}],"wp:featuredmedia":[{"embeddable":true,"href":"https:\/\/paddleshifterz.com\/de\/wp-json\/wp\/v2\/media\/64813"}],"wp:attachment":[{"href":"https:\/\/paddleshifterz.com\/de\/wp-json\/wp\/v2\/media?parent=54129"}],"wp:term":[{"taxonomy":"product_brand","embeddable":true,"href":"https:\/\/paddleshifterz.com\/de\/wp-json\/wp\/v2\/product_brand?post=54129"},{"taxonomy":"product_cat","embeddable":true,"href":"https:\/\/paddleshifterz.com\/de\/wp-json\/wp\/v2\/product_cat?post=54129"},{"taxonomy":"product_tag","embeddable":true,"href":"https:\/\/paddleshifterz.com\/de\/wp-json\/wp\/v2\/product_tag?post=54129"}],"curies":[{"name":"wp","href":"https:\/\/api.w.org\/{rel}","templated":true}]}}