{"id":54272,"date":"2020-12-23T16:49:01","date_gmt":"2020-12-23T15:49:01","guid":{"rendered":"https:\/\/paddleshifterz.com\/?post_type=product&#038;p=54272"},"modified":"2025-11-03T07:23:59","modified_gmt":"2025-11-03T06:23:59","slug":"mini-jcw-gear-shifter-alcantara-carbon-fiber-f54-f55-f56-f57","status":"publish","type":"product","link":"https:\/\/paddleshifterz.com\/de\/mini-jcw-gear-shifter-alcantara-carbon-fiber-f54-f55-f56-f57\/","title":{"rendered":"MINI JCW Schalthebel Alcantara\/Kohlefaser - 34402469137"},"content":{"rendered":"","protected":false},"excerpt":{"rendered":"<p>Elevate the interior of your MINI with this MINI JCW gear shift knob in carbon fiber and alcantara boot.<\/p>\n<p>Similar to our <a href=\"https:\/\/paddleshifterz.com\/de\/produkt\/mini-jcw-carbon-handbrake-alcantara\/\">MINI JCW Handbremse<\/a>Dieses Teil enth\u00e4lt auch ein rotes Zierteil in der N\u00e4he des Halses des Knopfes sowie rote N\u00e4hte.<\/p>","protected":false},"featured_media":73291,"template":"","meta":{"bwfblock_default_font":""},"product_brand":[],"product_cat":[593],"product_tag":[],"class_list":{"0":"post-54272","1":"product","2":"type-product","3":"status-publish","4":"has-post-thumbnail","6":"product_cat-interior","7":"product_shipping_class-shifterz","8":"pa_brand-mini","9":"pa_brand-mini-jcw","10":"pa_product-type-oem-original-equipment-manufacturer","11":"pa_vehicles-mini-f54","12":"pa_vehicles-mini-f55","13":"pa_vehicles-mini-f56","14":"pa_vehicles-mini-f56-gp3","15":"pa_vehicles-mini-f57","16":"pa_vehicles-mini-f60-countryman","18":"first","19":"onbackorder","20":"taxable","21":"shipping-taxable","22":"purchasable","23":"product-type-simple"},"bundled_by":[],"bundle_stock_status":"onbackorder","bundle_stock_quantity":-1,"bundle_virtual":false,"bundle_layout":"","bundle_add_to_cart_form_location":"","bundle_editable_in_cart":false,"bundle_sold_individually_context":"","bundle_item_grouping":"","bundle_min_size":"","bundle_max_size":"","bundle_price":[],"bundled_items":[],"bundle_sell_ids":[],"_links":{"self":[{"href":"https:\/\/paddleshifterz.com\/de\/wp-json\/wp\/v2\/product\/54272","targetHints":{"allow":["GET"]}}],"collection":[{"href":"https:\/\/paddleshifterz.com\/de\/wp-json\/wp\/v2\/product"}],"about":[{"href":"https:\/\/paddleshifterz.com\/de\/wp-json\/wp\/v2\/types\/product"}],"wp:featuredmedia":[{"embeddable":true,"href":"https:\/\/paddleshifterz.com\/de\/wp-json\/wp\/v2\/media\/73291"}],"wp:attachment":[{"href":"https:\/\/paddleshifterz.com\/de\/wp-json\/wp\/v2\/media?parent=54272"}],"wp:term":[{"taxonomy":"product_brand","embeddable":true,"href":"https:\/\/paddleshifterz.com\/de\/wp-json\/wp\/v2\/product_brand?post=54272"},{"taxonomy":"product_cat","embeddable":true,"href":"https:\/\/paddleshifterz.com\/de\/wp-json\/wp\/v2\/product_cat?post=54272"},{"taxonomy":"product_tag","embeddable":true,"href":"https:\/\/paddleshifterz.com\/de\/wp-json\/wp\/v2\/product_tag?post=54272"}],"curies":[{"name":"wp","href":"https:\/\/api.w.org\/{rel}","templated":true}]}}