{"id":54275,"date":"2020-12-23T16:53:33","date_gmt":"2020-12-23T15:53:33","guid":{"rendered":"https:\/\/paddleshifterz.com\/?post_type=product&#038;p=54275"},"modified":"2025-12-08T07:39:12","modified_gmt":"2025-12-08T06:39:12","slug":"mini-jcw-alcantara-carbon-steering-wheel-for-mini-cooper-32302364770","status":"publish","type":"product","link":"https:\/\/paddleshifterz.com\/de\/mini-jcw-alcantara-carbon-steering-wheel-for-mini-cooper-32302364770\/","title":{"rendered":"MINI JCW Alcantara Lenkrad - 32302364770"},"content":{"rendered":"<p>Erh\u00f6hen Sie Ihr Interieur auf die n\u00e4chste Stufe mit diesem echten MINI JCW Alcantara-Lenkrad mit Kohlefaserverkleidung f\u00fcr Mini Cooper. Die Verwendung von Alcantara und Kohlefaser ist nicht nur langlebig (mit der richtigen Wartung), sondern auch ideal f\u00fcr High-Performance-Fahrten, so dass der Fahrer eine bessere Kontrolle und Komfort.<\/p>\n<h2>Spezifikationen<\/h2>\n<ul>\n<li><strong>F<\/strong><b>Design des Lenkrads mit flachem Boden<\/b>der von Rennwagen inspiriert ist und ein sportlicheres Fahrgef\u00fchl vermittelt, der <b>Rote 12-Stunden-Markierung<\/b> auf der Oberseite, die f\u00fcr einen Hauch von Pr\u00e4zision f\u00fcr Leistungsfahrer sorgt<\/li>\n<li>Die matte Kohlefaseroberfl\u00e4che verleiht ihm eine elegante, moderne \u00c4sthetik, die durch die JCW-Logos auf der unteren Speiche erg\u00e4nzt wird und den sportlichen Look des MINI-Innenraums unterstreicht.<\/li>\n<li><b>Perfekte Passform<\/b>: Es ist konzipiert f\u00fcr <b>MINI Cooper Modelle<\/b>, einschlie\u00dflich der <b>F54, F55, F56, F57 und F60<\/b> Varianten, die eine perfekte Passform f\u00fcr mehrere Fahrzeugtypen innerhalb der MINI Palette gew\u00e4hrleisten<\/li>\n<li>Das Lenkrad ist ein direkter Ersatz f\u00fcr bestehende MINI Modelle und bleibt mit den werkseitig eingebauten Schaltwippen kompatibel. Es ist nicht mit einem Airbag oder Tasten ausgestattet, aber diese Komponenten k\u00f6nnen leicht von Ihrem aktuellen Lenkrad ausgetauscht werden. Diese Funktion gew\u00e4hrleistet eine nahtlose Integration in die bestehende Ausstattung Ihres MINI. Alternativ k\u00f6nnen Sie auch das <a href=\"https:\/\/paddleshifterz.com\/de\/paddle-shifters\/?filter_vehicle-compatibility=mini\">unsere Schaltwippen hier kaufen<\/a>.<\/li>\n<\/ul>","protected":false},"excerpt":{"rendered":"<p>Heben Sie den Innenraum Ihres MINI auf das n\u00e4chste Level mit diesem original MINI JCW Alcantara-Lenkrad mit Karbon-Verkleidung f\u00fcr Mini-Coopers.<\/p>\n<p><strong>F\u00fcr Fahrzeuge mit Schaltwippen. <\/strong><\/p>\n<p><em>For vehicles without paddle shifters &#8211; manual gearbox, or without paddle shifters &#8211; <a href=\"https:\/\/paddleshifterz.com\/de\/mini-jcw-alcantara-carbon-fiber-steering-wheel-w-o-paddles-f54-f55-f56-f57\/\">Bitte w\u00e4hlen Sie dieses Lenkrad aus.<\/a><\/em><\/p>","protected":false},"featured_media":67312,"template":"","meta":{"bwfblock_default_font":""},"product_brand":[],"product_cat":[593,617],"product_tag":[],"class_list":{"0":"post-54275","1":"product","2":"type-product","3":"status-publish","4":"has-post-thumbnail","6":"product_cat-interior","7":"product_cat-bmw-steering-wheels","8":"product_shipping_class-shifterz","9":"pa_brand-mini","10":"pa_brand-mini-jcw","11":"pa_product-type-oem-original-equipment-manufacturer","12":"pa_vehicles-mini-f54","13":"pa_vehicles-mini-f55","14":"pa_vehicles-mini-f56","15":"pa_vehicles-mini-f56-gp3","16":"pa_vehicles-mini-f57","17":"pa_vehicles-mini-f60-countryman","19":"first","20":"onbackorder","21":"taxable","22":"shipping-taxable","23":"purchasable","24":"product-type-simple"},"bundled_by":[],"bundle_stock_status":"onbackorder","bundle_stock_quantity":0,"bundle_virtual":false,"bundle_layout":"","bundle_add_to_cart_form_location":"","bundle_editable_in_cart":false,"bundle_sold_individually_context":"","bundle_item_grouping":"","bundle_min_size":"","bundle_max_size":"","bundle_price":[],"bundled_items":[],"bundle_sell_ids":[],"_links":{"self":[{"href":"https:\/\/paddleshifterz.com\/de\/wp-json\/wp\/v2\/product\/54275","targetHints":{"allow":["GET"]}}],"collection":[{"href":"https:\/\/paddleshifterz.com\/de\/wp-json\/wp\/v2\/product"}],"about":[{"href":"https:\/\/paddleshifterz.com\/de\/wp-json\/wp\/v2\/types\/product"}],"wp:featuredmedia":[{"embeddable":true,"href":"https:\/\/paddleshifterz.com\/de\/wp-json\/wp\/v2\/media\/67312"}],"wp:attachment":[{"href":"https:\/\/paddleshifterz.com\/de\/wp-json\/wp\/v2\/media?parent=54275"}],"wp:term":[{"taxonomy":"product_brand","embeddable":true,"href":"https:\/\/paddleshifterz.com\/de\/wp-json\/wp\/v2\/product_brand?post=54275"},{"taxonomy":"product_cat","embeddable":true,"href":"https:\/\/paddleshifterz.com\/de\/wp-json\/wp\/v2\/product_cat?post=54275"},{"taxonomy":"product_tag","embeddable":true,"href":"https:\/\/paddleshifterz.com\/de\/wp-json\/wp\/v2\/product_tag?post=54275"}],"curies":[{"name":"wp","href":"https:\/\/api.w.org\/{rel}","templated":true}]}}