{"id":54284,"date":"2020-12-23T18:17:17","date_gmt":"2020-12-23T17:17:17","guid":{"rendered":"https:\/\/paddleshifterz.com\/?post_type=product&#038;p=54284"},"modified":"2026-03-30T14:26:39","modified_gmt":"2026-03-30T13:26:39","slug":"m-performance-dry-carbon-fiber-and-alcantara-armrest","status":"publish","type":"product","link":"https:\/\/paddleshifterz.com\/de\/m-performance-dry-carbon-fiber-and-alcantara-armrest\/","title":{"rendered":"OEM M Performance Carbon und Alcantara Armlehne"},"content":{"rendered":"<h2>Unboxing<\/h2>\n<p>Schauen Sie sich das Unboxing-Video unten an, um zu sehen, was sich in der Schachtel befindet, und um sich das Produkt vor dem Kauf genauer anzusehen.<\/p>\n<p><iframe loading=\"lazy\" title=\"YouTube-Video-Player\" src=\"https:\/\/www.youtube.com\/embed\/EtKsK7uNssY\" width=\"560\" height=\"315\" frameborder=\"0\" allowfullscreen=\"allowfullscreen\"><span data-mce-type=\"bookmark\" style=\"display: inline-block; width: 0px; overflow: hidden; line-height: 0;\" class=\"mce_SELRES_start\"><\/span><\/iframe><\/p>","protected":false},"excerpt":{"rendered":"<p>Erh\u00f6hen Sie den Innenraum Ihres BMW F20\/F21\/F23 mit dieser sch\u00f6nen OEM BMW M Performance Mittelarmlehne, bezogen mit Alcantara mit wei\u00dfen N\u00e4hten und trockenen Kohlefaser Endst\u00fcck.<\/p>\n<p>Erh\u00e4ltlich f\u00fcr Fahrzeuge mit Links- und Rechtslenkung <strong>(Rechtslenker-Version ist nicht mehr erh\u00e4ltlich)<\/strong>Stellen Sie sicher, dass Sie das richtige aus dem Dropdown-Men\u00fc ausw\u00e4hlen.<\/p>\n<p>SKU: 51162405915, 51162405916<\/p>","protected":false},"featured_media":64605,"template":"","meta":{"bwfblock_default_font":""},"product_brand":[],"product_cat":[593],"product_tag":[],"class_list":{"0":"post-54284","1":"product","2":"type-product","3":"status-publish","4":"has-post-thumbnail","6":"product_cat-interior","7":"product_shipping_class-shifterz","8":"pa_brand-bmw","9":"pa_brand-m-performance","10":"pa_product-type-oem-original-equipment-manufacturer","11":"pa_vehicles-bmw-f20-f21","12":"pa_vehicles-bmw-f22-f23","13":"pa_vehicles-bmw-f87-m2","15":"first","16":"onbackorder","17":"taxable","18":"shipping-taxable","19":"purchasable","20":"product-type-variable","21":"has-default-attributes"},"bundled_by":[],"bundle_stock_status":"onbackorder","bundle_stock_quantity":null,"bundle_virtual":false,"bundle_layout":"","bundle_add_to_cart_form_location":"","bundle_editable_in_cart":false,"bundle_sold_individually_context":"","bundle_item_grouping":"","bundle_min_size":"","bundle_max_size":"","bundle_price":[],"bundled_items":[],"bundle_sell_ids":[],"_links":{"self":[{"href":"https:\/\/paddleshifterz.com\/de\/wp-json\/wp\/v2\/product\/54284","targetHints":{"allow":["GET"]}}],"collection":[{"href":"https:\/\/paddleshifterz.com\/de\/wp-json\/wp\/v2\/product"}],"about":[{"href":"https:\/\/paddleshifterz.com\/de\/wp-json\/wp\/v2\/types\/product"}],"wp:featuredmedia":[{"embeddable":true,"href":"https:\/\/paddleshifterz.com\/de\/wp-json\/wp\/v2\/media\/64605"}],"wp:attachment":[{"href":"https:\/\/paddleshifterz.com\/de\/wp-json\/wp\/v2\/media?parent=54284"}],"wp:term":[{"taxonomy":"product_brand","embeddable":true,"href":"https:\/\/paddleshifterz.com\/de\/wp-json\/wp\/v2\/product_brand?post=54284"},{"taxonomy":"product_cat","embeddable":true,"href":"https:\/\/paddleshifterz.com\/de\/wp-json\/wp\/v2\/product_cat?post=54284"},{"taxonomy":"product_tag","embeddable":true,"href":"https:\/\/paddleshifterz.com\/de\/wp-json\/wp\/v2\/product_tag?post=54284"}],"curies":[{"name":"wp","href":"https:\/\/api.w.org\/{rel}","templated":true}]}}