{"id":55143,"date":"2021-01-25T13:43:50","date_gmt":"2021-01-25T12:43:50","guid":{"rendered":"https:\/\/paddleshifterz.com\/?post_type=product&#038;p=55143"},"modified":"2026-03-30T11:01:13","modified_gmt":"2026-03-30T10:01:13","slug":"m-performance-dry-carbon-fiber-and-alcantara-armrest-individual","status":"publish","type":"product","link":"https:\/\/paddleshifterz.com\/de\/m-performance-dry-carbon-fiber-and-alcantara-armrest-individual\/","title":{"rendered":"OEM M Performance Alcantara Armlehne - Individuell"},"content":{"rendered":"","protected":false},"excerpt":{"rendered":"<p>Erh\u00f6hen Sie den Innenraum Ihres BMW F20\/F21\/F23\/F87 mit dieser wundersch\u00f6nen, individuell angepassten OEM BMW M Performance Mittelarmlehne, bezogen mit Alcantara mit trockenem Kohlefaser-Endst\u00fcck.<\/p>\n<ul>\n<li>Alcantara-Armlehne mit individuellen N\u00e4hten (abgebildet mit blauen N\u00e4hten vom BMW M2)<\/li>\n<li>Endst\u00fcck aus trockenem Kohlenstoff<\/li>\n<li>Original BMW M Performance Teil individualisiert<\/li>\n<\/ul>\n<p>Erh\u00e4ltlich f\u00fcr Fahrzeuge mit Links- und Rechtslenkung <strong>(Rechtslenker-Version ist nicht mehr erh\u00e4ltlich)<\/strong>Stellen Sie sicher, dass Sie das richtige aus dem Dropdown-Men\u00fc ausw\u00e4hlen.<\/p>","protected":false},"featured_media":64698,"template":"","meta":{"bwfblock_default_font":""},"product_brand":[],"product_cat":[593],"product_tag":[],"class_list":{"0":"post-55143","1":"product","2":"type-product","3":"status-publish","4":"has-post-thumbnail","6":"product_cat-interior","7":"product_shipping_class-shifterz","8":"pa_brand-bmw","9":"pa_brand-m-performance","10":"pa_product-type-oem-original-equipment-manufacturer","11":"pa_vehicles-bmw-f20-f21","12":"pa_vehicles-bmw-f22-f23","13":"pa_vehicles-bmw-f87-m2","15":"first","16":"onbackorder","17":"taxable","18":"shipping-taxable","19":"purchasable","20":"product-type-variable"},"bundled_by":[],"bundle_stock_status":"onbackorder","bundle_stock_quantity":null,"bundle_virtual":false,"bundle_layout":"","bundle_add_to_cart_form_location":"","bundle_editable_in_cart":false,"bundle_sold_individually_context":"","bundle_item_grouping":"","bundle_min_size":"","bundle_max_size":"","bundle_price":[],"bundled_items":[],"bundle_sell_ids":[],"_links":{"self":[{"href":"https:\/\/paddleshifterz.com\/de\/wp-json\/wp\/v2\/product\/55143","targetHints":{"allow":["GET"]}}],"collection":[{"href":"https:\/\/paddleshifterz.com\/de\/wp-json\/wp\/v2\/product"}],"about":[{"href":"https:\/\/paddleshifterz.com\/de\/wp-json\/wp\/v2\/types\/product"}],"wp:featuredmedia":[{"embeddable":true,"href":"https:\/\/paddleshifterz.com\/de\/wp-json\/wp\/v2\/media\/64698"}],"wp:attachment":[{"href":"https:\/\/paddleshifterz.com\/de\/wp-json\/wp\/v2\/media?parent=55143"}],"wp:term":[{"taxonomy":"product_brand","embeddable":true,"href":"https:\/\/paddleshifterz.com\/de\/wp-json\/wp\/v2\/product_brand?post=55143"},{"taxonomy":"product_cat","embeddable":true,"href":"https:\/\/paddleshifterz.com\/de\/wp-json\/wp\/v2\/product_cat?post=55143"},{"taxonomy":"product_tag","embeddable":true,"href":"https:\/\/paddleshifterz.com\/de\/wp-json\/wp\/v2\/product_tag?post=55143"}],"curies":[{"name":"wp","href":"https:\/\/api.w.org\/{rel}","templated":true}]}}