{"id":55147,"date":"2021-01-25T13:52:30","date_gmt":"2021-01-25T12:52:30","guid":{"rendered":"https:\/\/paddleshifterz.com\/?post_type=product&#038;p=55147"},"modified":"2026-03-15T19:56:54","modified_gmt":"2026-03-15T18:56:54","slug":"bmw-dry-carbon-fiber-alcantara-parking-brake-individual","status":"publish","type":"product","link":"https:\/\/paddleshifterz.com\/de\/bmw-dry-carbon-fiber-alcantara-parking-brake-individual\/","title":{"rendered":"OEM BMW Carbon Alcantara Handbremse - Individuell"},"content":{"rendered":"","protected":false},"excerpt":{"rendered":"<p>Erh\u00f6hen Sie den Innenraum Ihres BMW mit diesem sch\u00f6nen OEM BMW M Performance trocken Kohlefaser und Alcantara Handbremse. Wir bieten Individualisierung Option, k\u00f6nnen Sie die N\u00e4hte Ihrer neuen Handbremse anpassen.<\/p>\n<ul>\n<li>Alcantara-Handbremse mit individuellen N\u00e4hten (hier mit blauen N\u00e4hten vom BMW M2)<\/li>\n<li>Trockener Carbongriff<\/li>\n<li>Original BMW M Performance Teil individualisiert<\/li>\n<\/ul>\n<p>Erh\u00e4ltlich sowohl f\u00fcr Links- als auch f\u00fcr Rechtslenker. Bitte w\u00e4hlen Sie die richtige Variante aus dem Dropdown-Men\u00fc.<\/p>","protected":false},"featured_media":64707,"template":"","meta":{"bwfblock_default_font":""},"product_brand":[],"product_cat":[593],"product_tag":[],"class_list":{"0":"post-55147","1":"product","2":"type-product","3":"status-publish","4":"has-post-thumbnail","6":"product_cat-interior","7":"product_shipping_class-shifterz","8":"pa_brand-bmw","9":"pa_product-type-oem-original-equipment-manufacturer","10":"pa_vehicles-bmw-f20-f21","11":"pa_vehicles-bmw-f22-f23","12":"pa_vehicles-bmw-f87-m2","14":"first","15":"onbackorder","16":"taxable","17":"shipping-taxable","18":"purchasable","19":"product-type-variable"},"bundled_by":[],"bundle_stock_status":"onbackorder","bundle_stock_quantity":-4,"bundle_virtual":false,"bundle_layout":"","bundle_add_to_cart_form_location":"","bundle_editable_in_cart":false,"bundle_sold_individually_context":"","bundle_item_grouping":"","bundle_min_size":"","bundle_max_size":"","bundle_price":[],"bundled_items":[],"bundle_sell_ids":[],"_links":{"self":[{"href":"https:\/\/paddleshifterz.com\/de\/wp-json\/wp\/v2\/product\/55147","targetHints":{"allow":["GET"]}}],"collection":[{"href":"https:\/\/paddleshifterz.com\/de\/wp-json\/wp\/v2\/product"}],"about":[{"href":"https:\/\/paddleshifterz.com\/de\/wp-json\/wp\/v2\/types\/product"}],"wp:featuredmedia":[{"embeddable":true,"href":"https:\/\/paddleshifterz.com\/de\/wp-json\/wp\/v2\/media\/64707"}],"wp:attachment":[{"href":"https:\/\/paddleshifterz.com\/de\/wp-json\/wp\/v2\/media?parent=55147"}],"wp:term":[{"taxonomy":"product_brand","embeddable":true,"href":"https:\/\/paddleshifterz.com\/de\/wp-json\/wp\/v2\/product_brand?post=55147"},{"taxonomy":"product_cat","embeddable":true,"href":"https:\/\/paddleshifterz.com\/de\/wp-json\/wp\/v2\/product_cat?post=55147"},{"taxonomy":"product_tag","embeddable":true,"href":"https:\/\/paddleshifterz.com\/de\/wp-json\/wp\/v2\/product_tag?post=55147"}],"curies":[{"name":"wp","href":"https:\/\/api.w.org\/{rel}","templated":true}]}}