{"id":57149,"date":"2021-03-21T11:46:07","date_gmt":"2021-03-21T10:46:07","guid":{"rendered":"https:\/\/paddleshifterz.com\/?post_type=product&#038;p=57149"},"modified":"2025-11-03T07:24:05","modified_gmt":"2025-11-03T06:24:05","slug":"oem-carbon-fiber-sidemirror-cover-bmw-m-performance","status":"publish","type":"product","link":"https:\/\/paddleshifterz.com\/de\/oem-carbon-fiber-sidemirror-cover-bmw-m-performance\/","title":{"rendered":"OEM BMW M Performance Carbon Fiber Seitenspiegelabdeckungen"},"content":{"rendered":"","protected":false},"excerpt":{"rendered":"<p>In aufw\u00e4ndiger Handarbeit aus Carbon gefertigt: Die markanten M Performance Au\u00dfenspiegelkappen unterstreichen den Hightech-Charakter des Fahrzeugs. Ihr dynamisches Design sorgt f\u00fcr eine besonders hochwertige Optik und setzt individuelle sportliche Akzente.<\/p>\n<p>Die Vorteile der M Performance Au\u00dfenspiegelkappe Carbon (rechts) auf einen Blick:<\/p>\n<ul>\n<li>Aufwendig handgefertigt.<\/li>\n<li>Mehrere Schichten Lack und Hochglanzpolitur f\u00fcr eine optimale Tiefenwirkung.<\/li>\n<li>Perfekt auf das Design und die Geometrie des Fahrzeugs abgestimmt.<\/li>\n<li>Qualit\u00e4t durch Lichtechtheitstests gepr\u00fcft.<\/li>\n<\/ul>\n<p>Material:<\/p>\n<ul>\n<li>Die Au\u00dfenspiegelkappe besteht aus kohlefaserverst\u00e4rktem Kunststoff (CFK, Carbon) und ist mit Klarlack versiegelt.<\/li>\n<\/ul>\n<p>Das Material ist UV-, temperatur- und wasserbest\u00e4ndig.<br \/>\nInformationen zum Material: Die Carbonrahmen werden in Handarbeit hergestellt. Das Zuschneiden und Drapieren der Gewebelagen, der Aush\u00e4rtungsprozess der Kunststoffmatrix und das Fr\u00e4sen der Rohteile dauern mehrere Stunden. Eine besondere Herausforderung stellt die anschlie\u00dfende Lackierung dar. Um die unverwechselbare Tiefenwirkung des Carbongewebes zu verst\u00e4rken, werden die Bauteile mehrfach lackiert. Jede einzelne Lackschicht muss getrocknet und anschlie\u00dfend geschliffen werden. Nach dem Auftragen der letzten Lackschicht wird das Carbonteil auf Hochglanz poliert (mit Ausnahme der offenporigen Carbonversionen). Die Carbonteile werden nach der aktuellen BMW-Norm qualifiziert. Nur so kann sichergestellt werden, dass die hohen Anforderungen, z.B. an die Alterungs- und Temperaturbest\u00e4ndigkeit, erf\u00fcllt werden, ohne dass es zu Rissbildungen oder Lackabplatzungen kommt und ein Vergilben der Matrix vermieden wird. Dieser hohe manuelle Arbeits- und Qualifizierungsaufwand ist f\u00fcr den Preis verantwortlich.<\/p>\n<p>Technische Informationen:<\/p>\n<ul>\n<li>Die Spiegelkappe ist bereits in der EG-Betriebserlaubnis eingetragen, so dass keine ABE (Allgemeine Betriebserlaubnis) erforderlich ist.<\/li>\n<\/ul>\n<p>&nbsp;<\/p>\n<p>Teilenummern:<\/p>\n<p>LHD:51162462824-51162462825<\/p>\n<p>RHD: 51162462827-51162462826<\/p>","protected":false},"featured_media":65080,"template":"","meta":{"bwfblock_default_font":""},"product_brand":[],"product_cat":[1113,1114],"product_tag":[],"class_list":{"0":"post-57149","1":"product","2":"type-product","3":"status-publish","4":"has-post-thumbnail","6":"product_cat-exterior","7":"product_cat-mirror-caps-accessories","8":"product_shipping_class-shifterz","9":"pa_brand-bmw","10":"pa_brand-m-performance","11":"pa_product-type-oem-original-equipment-manufacturer","12":"pa_vehicles-bmw-g20","13":"pa_vehicles-bmw-g21","14":"pa_vehicles-bmw-g22","15":"pa_vehicles-bmw-g23","16":"pa_vehicles-bmw-g26-grancoupe","17":"pa_vehicles-bmw-g42","18":"pa_vehicles-bmw-i4-g26","20":"first","21":"onbackorder","22":"taxable","23":"shipping-taxable","24":"purchasable","25":"product-type-variable","26":"has-default-attributes"},"bundled_by":[],"bundle_stock_status":"onbackorder","bundle_stock_quantity":0,"bundle_virtual":false,"bundle_layout":"","bundle_add_to_cart_form_location":"","bundle_editable_in_cart":false,"bundle_sold_individually_context":"","bundle_item_grouping":"","bundle_min_size":"","bundle_max_size":"","bundle_price":[],"bundled_items":[],"bundle_sell_ids":[],"_links":{"self":[{"href":"https:\/\/paddleshifterz.com\/de\/wp-json\/wp\/v2\/product\/57149","targetHints":{"allow":["GET"]}}],"collection":[{"href":"https:\/\/paddleshifterz.com\/de\/wp-json\/wp\/v2\/product"}],"about":[{"href":"https:\/\/paddleshifterz.com\/de\/wp-json\/wp\/v2\/types\/product"}],"wp:featuredmedia":[{"embeddable":true,"href":"https:\/\/paddleshifterz.com\/de\/wp-json\/wp\/v2\/media\/65080"}],"wp:attachment":[{"href":"https:\/\/paddleshifterz.com\/de\/wp-json\/wp\/v2\/media?parent=57149"}],"wp:term":[{"taxonomy":"product_brand","embeddable":true,"href":"https:\/\/paddleshifterz.com\/de\/wp-json\/wp\/v2\/product_brand?post=57149"},{"taxonomy":"product_cat","embeddable":true,"href":"https:\/\/paddleshifterz.com\/de\/wp-json\/wp\/v2\/product_cat?post=57149"},{"taxonomy":"product_tag","embeddable":true,"href":"https:\/\/paddleshifterz.com\/de\/wp-json\/wp\/v2\/product_tag?post=57149"}],"curies":[{"name":"wp","href":"https:\/\/api.w.org\/{rel}","templated":true}]}}