{"id":57739,"date":"2021-04-09T21:46:17","date_gmt":"2021-04-09T20:46:17","guid":{"rendered":"https:\/\/paddleshifterz.com\/?post_type=product&#038;p=57739"},"modified":"2026-01-21T12:33:45","modified_gmt":"2026-01-21T11:33:45","slug":"bmw-floating-wheel-center-cap-set-120mm","status":"publish","type":"product","link":"https:\/\/paddleshifterz.com\/de\/bmw-floating-wheel-center-cap-set-120mm\/","title":{"rendered":"OEM BMW Nabenabdeckung feststehend  - 36122455269"},"content":{"rendered":"<p>Perfekt f\u00fcr Fotografen und Enthusiasten, die auf der Suche nach dem gewissen Extra sind, um ihren Stolz und ihre Freude mit dem fehlenden Touch zu veredeln. Diese Kappe kann auf alle BMW-Leichtmetallfelgen mit einem 5x120mm Setup montiert werden.<\/p>\n<h2>Spezifikationen<\/h2>\n<ul>\n<li>Enth\u00e4lt: Satz mit 4 schwimmenden Radkappen<\/li>\n<li>Passend f\u00fcr alle BMW-Leichtmetallr\u00e4der mit 5\u00d7120 mm, zum Beispiel f\u00fcr den BMW F80 M3<\/li>\n<li>Bolzenmuster: 5\u00d7120 mm<\/li>\n<li>Gr\u00f6\u00dfe: 68 mm<\/li>\n<li>Superleichte Installation<\/li>\n<li><strong>Alternative:<\/strong>\n<ul>\n<li><strong>For 5&#215;112 bolt pattern, <\/strong><a href=\"https:\/\/paddleshifterz.com\/de\/produkt\/bmw-floating-wheel-center-cap-set-112mm\/\"><strong>please select this product instead<\/strong>.<\/a><\/li>\n<\/ul>\n<\/li>\n<\/ul>","protected":false},"excerpt":{"rendered":"<p>Ein Satz schwimmend gelagerter BMW Original-Zentrierkappen f\u00fcr Ihre R\u00e4der, um das BMW Logo immer in der richtigen H\u00f6he zu halten und den polierten Look zu erhalten.<\/p>","protected":false},"featured_media":101803,"template":"","meta":{"bwfblock_default_font":""},"product_brand":[],"product_cat":[1107],"product_tag":[],"class_list":{"0":"post-57739","1":"product","2":"type-product","3":"status-publish","4":"has-post-thumbnail","6":"product_cat-bmw-mini-wheels-and-tires","7":"product_shipping_class-shifterz","8":"pa_brand-bmw","9":"pa_product-type-oem-original-equipment-manufacturer","10":"pa_vehicles-e90-m3","11":"pa_vehicles-bmw-f06-f12-f13","12":"pa_vehicles-bmw-m6-f06-f12-f13","13":"pa_vehicles-bmw-f07-gt","14":"pa_vehicles-bmw-m5-f10","15":"pa_vehicles-bmw-f10-f11","16":"pa_vehicles-bmw-f15-x5","17":"pa_vehicles-bmw-f16-x6","18":"pa_vehicles-bmw-f20-f21","19":"pa_vehicles-bmw-f22-f23","20":"pa_vehicles-bmw-f25-x3","21":"pa_vehicles-bmw-f26-x4","22":"pa_vehicles-bmw-f30","23":"pa_vehicles-bmw-f31","24":"pa_vehicles-bmw-f32","25":"pa_vehicles-bmw-f33","26":"pa_vehicles-bmw-f34","27":"pa_vehicles-bmw-f36","28":"pa_vehicles-bmw-f39-x2","29":"pa_vehicles-bmw-f45","30":"pa_vehicles-bmw-f46","31":"pa_vehicles-bmw-f48-x1","32":"pa_vehicles-bmw-f80-m3","33":"pa_vehicles-bmw-f82-m4","34":"pa_vehicles-4-series-f83-m4","35":"pa_vehicles-bmw-f85-x5m","36":"pa_vehicles-bmw-f86-x6m","37":"pa_vehicles-bmw-f87-m2","38":"pa_vehicles-bmw-i8","39":"pa_vehicles-mini-f56-gp3","41":"first","42":"onbackorder","43":"taxable","44":"shipping-taxable","45":"purchasable","46":"product-type-simple"},"bundled_by":[],"bundle_stock_status":"onbackorder","bundle_stock_quantity":-16,"bundle_virtual":false,"bundle_layout":"","bundle_add_to_cart_form_location":"","bundle_editable_in_cart":false,"bundle_sold_individually_context":"","bundle_item_grouping":"","bundle_min_size":"","bundle_max_size":"","bundle_price":[],"bundled_items":[],"bundle_sell_ids":[],"_links":{"self":[{"href":"https:\/\/paddleshifterz.com\/de\/wp-json\/wp\/v2\/product\/57739","targetHints":{"allow":["GET"]}}],"collection":[{"href":"https:\/\/paddleshifterz.com\/de\/wp-json\/wp\/v2\/product"}],"about":[{"href":"https:\/\/paddleshifterz.com\/de\/wp-json\/wp\/v2\/types\/product"}],"wp:featuredmedia":[{"embeddable":true,"href":"https:\/\/paddleshifterz.com\/de\/wp-json\/wp\/v2\/media\/101803"}],"wp:attachment":[{"href":"https:\/\/paddleshifterz.com\/de\/wp-json\/wp\/v2\/media?parent=57739"}],"wp:term":[{"taxonomy":"product_brand","embeddable":true,"href":"https:\/\/paddleshifterz.com\/de\/wp-json\/wp\/v2\/product_brand?post=57739"},{"taxonomy":"product_cat","embeddable":true,"href":"https:\/\/paddleshifterz.com\/de\/wp-json\/wp\/v2\/product_cat?post=57739"},{"taxonomy":"product_tag","embeddable":true,"href":"https:\/\/paddleshifterz.com\/de\/wp-json\/wp\/v2\/product_tag?post=57739"}],"curies":[{"name":"wp","href":"https:\/\/api.w.org\/{rel}","templated":true}]}}