{"id":58091,"date":"2021-04-24T07:33:59","date_gmt":"2021-04-24T06:33:59","guid":{"rendered":"https:\/\/paddleshifterz.com\/?post_type=product&#038;p=58091"},"modified":"2025-12-24T22:41:35","modified_gmt":"2025-12-24T21:41:35","slug":"bmw-gear-shift-trim-cover-dry-carbon-fiber","status":"publish","type":"product","link":"https:\/\/paddleshifterz.com\/de\/bmw-gear-shift-trim-cover-dry-carbon-fiber\/","title":{"rendered":"OEM BMW Carbon Schalthebelabdeckung - F3X"},"content":{"rendered":"","protected":false},"excerpt":{"rendered":"<p>Erh\u00f6hen Sie den Innenraum Ihres BMW F3X mit diesem sch\u00f6nen OEM BMW M Performance trocken Kohlefaser und Alcantara trimmen.<\/p>\n<p>Erh\u00e4ltlich sowohl f\u00fcr Links- als auch f\u00fcr Rechtslenker. Bitte w\u00e4hlen Sie die richtige Variante aus dem Dropdown-Men\u00fc.<\/p>\n<p>Unterst\u00fctzte Fahrzeuge:<\/p>\n<p>BMW F30\/31<br \/>\nBMW F32\/F33\/F36<\/p>","protected":false},"featured_media":65101,"template":"","meta":{"bwfblock_default_font":""},"product_brand":[],"product_cat":[593],"product_tag":[],"class_list":{"0":"post-58091","1":"product","2":"type-product","3":"status-publish","4":"has-post-thumbnail","6":"product_cat-interior","7":"product_shipping_class-shifterz","8":"pa_brand-bmw","9":"pa_product-type-oem-original-equipment-manufacturer","10":"pa_vehicles-bmw-f30","11":"pa_vehicles-bmw-f31","12":"pa_vehicles-bmw-f32","13":"pa_vehicles-bmw-f33","14":"pa_vehicles-bmw-f34","15":"pa_vehicles-bmw-f36","17":"first","18":"onbackorder","19":"taxable","20":"shipping-taxable","21":"purchasable","22":"product-type-variable","23":"has-default-attributes"},"bundled_by":[],"bundle_stock_status":"onbackorder","bundle_stock_quantity":0,"bundle_virtual":false,"bundle_layout":"","bundle_add_to_cart_form_location":"","bundle_editable_in_cart":false,"bundle_sold_individually_context":"","bundle_item_grouping":"","bundle_min_size":"","bundle_max_size":"","bundle_price":[],"bundled_items":[],"bundle_sell_ids":[],"_links":{"self":[{"href":"https:\/\/paddleshifterz.com\/de\/wp-json\/wp\/v2\/product\/58091","targetHints":{"allow":["GET"]}}],"collection":[{"href":"https:\/\/paddleshifterz.com\/de\/wp-json\/wp\/v2\/product"}],"about":[{"href":"https:\/\/paddleshifterz.com\/de\/wp-json\/wp\/v2\/types\/product"}],"wp:featuredmedia":[{"embeddable":true,"href":"https:\/\/paddleshifterz.com\/de\/wp-json\/wp\/v2\/media\/65101"}],"wp:attachment":[{"href":"https:\/\/paddleshifterz.com\/de\/wp-json\/wp\/v2\/media?parent=58091"}],"wp:term":[{"taxonomy":"product_brand","embeddable":true,"href":"https:\/\/paddleshifterz.com\/de\/wp-json\/wp\/v2\/product_brand?post=58091"},{"taxonomy":"product_cat","embeddable":true,"href":"https:\/\/paddleshifterz.com\/de\/wp-json\/wp\/v2\/product_cat?post=58091"},{"taxonomy":"product_tag","embeddable":true,"href":"https:\/\/paddleshifterz.com\/de\/wp-json\/wp\/v2\/product_tag?post=58091"}],"curies":[{"name":"wp","href":"https:\/\/api.w.org\/{rel}","templated":true}]}}