{"id":58101,"date":"2021-04-24T07:56:37","date_gmt":"2021-04-24T06:56:37","guid":{"rendered":"https:\/\/paddleshifterz.com\/?post_type=product&#038;p=58101"},"modified":"2025-11-17T21:30:01","modified_gmt":"2025-11-17T20:30:01","slug":"m-performance-dry-carbon-fiber-and-alcantara-armrest-2","status":"publish","type":"product","link":"https:\/\/paddleshifterz.com\/de\/m-performance-dry-carbon-fiber-and-alcantara-armrest-2\/","title":{"rendered":"OEM BMW M Performance dry carbon and alcantara armrest &#8211; F3X"},"content":{"rendered":"","protected":false},"excerpt":{"rendered":"<p>Erh\u00f6hen Sie den Innenraum Ihres BMW F3X mit dieser sch\u00f6nen OEM BMW M Performance Mittelarmlehne, in Alcantara mit wei\u00dfen N\u00e4hten und trockenen Kohlefaser Endst\u00fcck abgedeckt.<\/p>\n<p>Erh\u00e4ltlich sowohl f\u00fcr Links- als auch f\u00fcr Rechtslenker. Bitte w\u00e4hlen Sie die richtige Variante aus dem Dropdown-Men\u00fc.<\/p>","protected":false},"featured_media":65113,"template":"","meta":{"bwfblock_default_font":""},"product_brand":[],"product_cat":[593],"product_tag":[],"class_list":{"0":"post-58101","1":"product","2":"type-product","3":"status-publish","4":"has-post-thumbnail","6":"product_cat-interior","7":"product_shipping_class-shifterz","8":"pa_brand-bmw","9":"pa_brand-m-performance","10":"pa_product-type-oem-original-equipment-manufacturer","11":"pa_vehicles-bmw-f30","12":"pa_vehicles-bmw-f31","13":"pa_vehicles-bmw-f32","14":"pa_vehicles-bmw-f33","15":"pa_vehicles-bmw-f34","16":"pa_vehicles-bmw-f36","18":"first","19":"onbackorder","20":"taxable","21":"shipping-taxable","22":"purchasable","23":"product-type-variable"},"bundled_by":[],"bundle_stock_status":"onbackorder","bundle_stock_quantity":-3,"bundle_virtual":false,"bundle_layout":"","bundle_add_to_cart_form_location":"","bundle_editable_in_cart":false,"bundle_sold_individually_context":"","bundle_item_grouping":"","bundle_min_size":"","bundle_max_size":"","bundle_price":[],"bundled_items":[],"bundle_sell_ids":[],"_links":{"self":[{"href":"https:\/\/paddleshifterz.com\/de\/wp-json\/wp\/v2\/product\/58101","targetHints":{"allow":["GET"]}}],"collection":[{"href":"https:\/\/paddleshifterz.com\/de\/wp-json\/wp\/v2\/product"}],"about":[{"href":"https:\/\/paddleshifterz.com\/de\/wp-json\/wp\/v2\/types\/product"}],"wp:featuredmedia":[{"embeddable":true,"href":"https:\/\/paddleshifterz.com\/de\/wp-json\/wp\/v2\/media\/65113"}],"wp:attachment":[{"href":"https:\/\/paddleshifterz.com\/de\/wp-json\/wp\/v2\/media?parent=58101"}],"wp:term":[{"taxonomy":"product_brand","embeddable":true,"href":"https:\/\/paddleshifterz.com\/de\/wp-json\/wp\/v2\/product_brand?post=58101"},{"taxonomy":"product_cat","embeddable":true,"href":"https:\/\/paddleshifterz.com\/de\/wp-json\/wp\/v2\/product_cat?post=58101"},{"taxonomy":"product_tag","embeddable":true,"href":"https:\/\/paddleshifterz.com\/de\/wp-json\/wp\/v2\/product_tag?post=58101"}],"curies":[{"name":"wp","href":"https:\/\/api.w.org\/{rel}","templated":true}]}}