{"id":58364,"date":"2021-05-03T16:03:07","date_gmt":"2021-05-03T15:03:07","guid":{"rendered":"https:\/\/paddleshifterz.com\/?post_type=product&#038;p=58364"},"modified":"2025-11-03T07:24:15","modified_gmt":"2025-11-03T06:24:15","slug":"bmw-m-performance-steering-wheel-m3-g80-m4-g82","status":"publish","type":"product","link":"https:\/\/paddleshifterz.com\/de\/bmw-m-performance-steering-wheel-m3-g80-m4-g82\/","title":{"rendered":"OEM BMW M Performance Lenkrad G Serie - 32302462910"},"content":{"rendered":"<ul>\n<li>Rennsport: Das M Performance Lenkrad vermittelt durch die markante Geometrie und die extrem ausgepr\u00e4gte Grifffl\u00e4che aus Alcantara sofort Motorsport-Atmosph\u00e4re.<\/li>\n<li>Besseres Gef\u00fchl und bessere Griffigkeit: Alcantara ist das perfekte Material f\u00fcr Sportlenkr\u00e4der. Es sorgt f\u00fcr optimalen Grip am Lenkrad in extremen Fahrsituationen und bietet eine gleichbleibend angenehme Haptik bei allen Temperaturverh\u00e4ltnissen. Durch die zus\u00e4tzliche Unterf\u00fctterung bietet der Bereich des Alcantara die n\u00f6tige Weichheit f\u00fcr optimalen Grip.<\/li>\n<li>Der Spezialschaum in den lederbezogenen Bereichen betont die markanten Konturen und Kanten des Lenkrads und bietet dennoch eine angenehme Haptik.<\/li>\n<li><strong>Nicht einbaubar in Fahrzeuge mit Fahrassistent (SA5AT bzw. SA5AU).<\/strong><\/li>\n<li><span style=\"text-decoration: underline;\">Bei Einbau mit Lenkradheizung (SA248) entf\u00e4llt die Heizfunktion<\/span>. Eine Codierung ist nicht erforderlich. Die Blende mit dem Lenkradheizungsschalter kann verwendet werden, aber die <span style=\"text-decoration: underline;\">Schalter bleibt ohne Funktion<\/span>. Alternativ kann auch eine neue Blende ohne Aussparung f\u00fcr den Schalter der Lenkradheizung bestellt werden.<\/li>\n<li>Wenn im Fahrzeug ab Werk keine Schaltwippen vorhanden sind (Schaltgetriebe), muss auch die \"hintere Lenkradabdeckung\" montiert werden.<\/li>\n<li>F\u00fcr das Lenkrad ist kein Zusatz in den Fahrzeugpapieren oder eine mitzuf\u00fchrende Betriebserlaubnis erforderlich. Die Zulassung ist f\u00fcr die entsprechenden Fahrzeuge im Rahmen der EG-Gesamtzulassung geregelt.<\/li>\n<li>Das Produkt wird nicht mit Airbag geliefert, Sie m\u00fcssen Ihren alten Airbag austauschen<\/li>\n<li>Das Produkt wird nicht mit Schaltwippen geliefert, Sie m\u00fcssen diese austauschen. Sie k\u00f6nnen einen der folgenden kaufen\u00a0<a href=\"https:\/\/paddleshifterz.com\/de\/produkt\/carbon-fiber-paddle-shifters-for-f-g-series\/\">unsere Carbonfaser-Schaltwippen hier<\/a>Teilenummer: <span data-sheets-value=\"{&quot;1&quot;:3,&quot;3&quot;:32302462910}\" data-sheets-userformat=\"{&quot;2&quot;:6721,&quot;3&quot;:{&quot;1&quot;:0},&quot;9&quot;:0,&quot;12&quot;:0,&quot;14&quot;:{&quot;1&quot;:2,&quot;2&quot;:0},&quot;15&quot;:&quot;Arial, Verdana, sans-serif&quot;}\">32302462910<\/span><\/li>\n<\/ul>\n<p>F\u00fcr Fahrzeuge mit Schaltgetriebe oder EVs, bitte <a href=\"https:\/\/paddleshifterz.com\/de\/produkt\/oem-bmw-steering-wheel-rear-shifters-cover-32305a29d29\/\">Legen Sie auch dieses Produkt in Ihren Warenkorb.<\/a><\/p>","protected":false},"excerpt":{"rendered":"<p>Heben Sie Ihr Interieur mit diesem BMW M Performance Lederlenkrad in Alcantara-Optik auf das n\u00e4chste Level.<\/p>","protected":false},"featured_media":69240,"template":"","meta":{"bwfblock_default_font":""},"product_brand":[],"product_cat":[593,617],"product_tag":[],"class_list":{"0":"post-58364","1":"product","2":"type-product","3":"status-publish","4":"has-post-thumbnail","6":"product_cat-interior","7":"product_cat-bmw-steering-wheels","8":"product_shipping_class-shifterz","9":"pa_brand-bmw","10":"pa_brand-m-performance","11":"pa_product-type-oem-original-equipment-manufacturer","12":"pa_vehicles-bmw-g20","13":"pa_vehicles-bmw-g21","14":"pa_vehicles-bmw-g22","15":"pa_vehicles-bmw-g23","16":"pa_vehicles-bmw-g26-grancoupe","17":"pa_vehicles-bmw-z4-g29","18":"pa_vehicles-bmw-g42","19":"pa_vehicles-bmw-g80-m3","20":"pa_vehicles-bmw-g81-m3-touring","21":"pa_vehicles-bmw-g82-m4-csl","22":"pa_vehicles-bmw-g82-m4","23":"pa_vehicles-bmw-g87-m2","24":"pa_vehicles-bmw-i4-g26","26":"first","27":"onbackorder","28":"taxable","29":"shipping-taxable","30":"purchasable","31":"product-type-simple"},"bundled_by":[],"bundle_stock_status":"onbackorder","bundle_stock_quantity":-8,"bundle_virtual":false,"bundle_layout":"","bundle_add_to_cart_form_location":"","bundle_editable_in_cart":false,"bundle_sold_individually_context":"","bundle_item_grouping":"","bundle_min_size":"","bundle_max_size":"","bundle_price":[],"bundled_items":[],"bundle_sell_ids":[],"_links":{"self":[{"href":"https:\/\/paddleshifterz.com\/de\/wp-json\/wp\/v2\/product\/58364","targetHints":{"allow":["GET"]}}],"collection":[{"href":"https:\/\/paddleshifterz.com\/de\/wp-json\/wp\/v2\/product"}],"about":[{"href":"https:\/\/paddleshifterz.com\/de\/wp-json\/wp\/v2\/types\/product"}],"wp:featuredmedia":[{"embeddable":true,"href":"https:\/\/paddleshifterz.com\/de\/wp-json\/wp\/v2\/media\/69240"}],"wp:attachment":[{"href":"https:\/\/paddleshifterz.com\/de\/wp-json\/wp\/v2\/media?parent=58364"}],"wp:term":[{"taxonomy":"product_brand","embeddable":true,"href":"https:\/\/paddleshifterz.com\/de\/wp-json\/wp\/v2\/product_brand?post=58364"},{"taxonomy":"product_cat","embeddable":true,"href":"https:\/\/paddleshifterz.com\/de\/wp-json\/wp\/v2\/product_cat?post=58364"},{"taxonomy":"product_tag","embeddable":true,"href":"https:\/\/paddleshifterz.com\/de\/wp-json\/wp\/v2\/product_tag?post=58364"}],"curies":[{"name":"wp","href":"https:\/\/api.w.org\/{rel}","templated":true}]}}