{"id":58367,"date":"2021-05-03T16:13:30","date_gmt":"2021-05-03T15:13:30","guid":{"rendered":"https:\/\/paddleshifterz.com\/?post_type=product&#038;p=58367"},"modified":"2026-02-16T11:41:05","modified_gmt":"2026-02-16T10:41:05","slug":"oem-bmw-m-performance-carbon-fiber-side-gills-m4-51132469622-51132469623","status":"publish","type":"product","link":"https:\/\/paddleshifterz.com\/de\/oem-bmw-m-performance-carbon-fiber-side-gills-m4-51132469622-51132469623\/","title":{"rendered":"OEM BMW M Performance Carbon Seitenwand Kiemen G Serie M4"},"content":{"rendered":"<h2>Spezifikationen<\/h2>\n<ul>\n<li>Original BMW Produkt, spezielle Entwicklung f\u00fcr das M4 Coup\u00e9 (G82) garantiert 100% Passgenauigkeit<\/li>\n<li>Optimales Zusammenspiel mit allen anderen M Performance Parts<\/li>\n<li>Aufwendige Fertigung der Komponenten f\u00fcr ein hochwertiges Erscheinungsbild<\/li>\n<li>Pr\u00fcfung und Zulassung nach strengen BMW Group Qualit\u00e4tsrichtlinien<\/li>\n<li>Erf\u00fcllung aller gesetzlichen Anforderungen<\/li>\n<li>Einfache Montage wie bei den Serienkomponenten<\/li>\n<li>Keine T\u00dcV-Eintragung erforderlich<\/li>\n<li>Teilenummern: 51132469622, 51132469623<\/li>\n<\/ul>\n<p>Eine ABE (Allgemeine Betriebserlaubnis) ist nicht erforderlich, da die Teilegr\u00f6\u00dfen bereits mit dem Gesamtfahrzeug homologiert sind.<\/p>\n<h2>Unboxing<\/h2>\n<p>Schauen Sie sich das Unboxing-Video unten an, um zu sehen, was sich in der Schachtel befindet, und um sich das Produkt vor dem Kauf genauer anzusehen.<\/p>\n<h2>Passende Fahrzeuge<\/h2>\n<p>Passend f\u00fcr die folgenden Fahrzeuge. Kann auch an den G82 M4 CS und CSL Modellen montiert werden.<\/p>\n<ul>\n<li><a href=\"https:\/\/paddleshifterz.com\/de\/vehicles\/bmw-g82-m4\/\">BMW G82 M4<\/a><\/li>\n<li><a href=\"https:\/\/paddleshifterz.com\/de\/vehicles\/bmw-g83-m4\/\">BMW G83 M4<\/a><\/li>\n<\/ul>\n<p>F\u00fcr den G80 M3 und G81 M3 Touring, <a href=\"https:\/\/paddleshifterz.com\/de\/produkt\/oem-bmw-m-performance-carbon-fiber-side-gills-m3-g80\/\">Bitte w\u00e4hlen Sie diesen Satz Kohlefaser-Seitenkiemen.<\/a><\/p>","protected":false},"excerpt":{"rendered":"<p>OEM M Performance Ziergitter (Kiemen) f\u00fcr den G82 M4 und G83 M4 sind aus hochwertigem Carbon gefertigt und unterstreichen den sportlichen Look des Fahrzeugs. Die M Performance Kiemen der Seitenwand sind speziell f\u00fcr das M4 Coup\u00e9 (G82) entwickelt und k\u00f6nnen auch ohne das optionale Carbon-Paket montiert werden.<\/p>","protected":false},"featured_media":65507,"template":"","meta":{"bwfblock_default_font":""},"product_brand":[],"product_cat":[1113],"product_tag":[],"class_list":{"0":"post-58367","1":"product","2":"type-product","3":"status-publish","4":"has-post-thumbnail","6":"product_cat-exterior","7":"product_shipping_class-shifterz","8":"pa_brand-bmw","9":"pa_brand-m-performance","10":"pa_product-type-oem-original-equipment-manufacturer","11":"pa_vehicles-bmw-g82-m4-csl","12":"pa_vehicles-bmw-g82-m4","14":"first","15":"onbackorder","16":"taxable","17":"shipping-taxable","18":"purchasable","19":"product-type-variable"},"bundled_by":[],"bundle_stock_status":"onbackorder","bundle_stock_quantity":null,"bundle_virtual":false,"bundle_layout":"","bundle_add_to_cart_form_location":"","bundle_editable_in_cart":false,"bundle_sold_individually_context":"","bundle_item_grouping":"","bundle_min_size":"","bundle_max_size":"","bundle_price":[],"bundled_items":[],"bundle_sell_ids":[],"_links":{"self":[{"href":"https:\/\/paddleshifterz.com\/de\/wp-json\/wp\/v2\/product\/58367","targetHints":{"allow":["GET"]}}],"collection":[{"href":"https:\/\/paddleshifterz.com\/de\/wp-json\/wp\/v2\/product"}],"about":[{"href":"https:\/\/paddleshifterz.com\/de\/wp-json\/wp\/v2\/types\/product"}],"wp:featuredmedia":[{"embeddable":true,"href":"https:\/\/paddleshifterz.com\/de\/wp-json\/wp\/v2\/media\/65507"}],"wp:attachment":[{"href":"https:\/\/paddleshifterz.com\/de\/wp-json\/wp\/v2\/media?parent=58367"}],"wp:term":[{"taxonomy":"product_brand","embeddable":true,"href":"https:\/\/paddleshifterz.com\/de\/wp-json\/wp\/v2\/product_brand?post=58367"},{"taxonomy":"product_cat","embeddable":true,"href":"https:\/\/paddleshifterz.com\/de\/wp-json\/wp\/v2\/product_cat?post=58367"},{"taxonomy":"product_tag","embeddable":true,"href":"https:\/\/paddleshifterz.com\/de\/wp-json\/wp\/v2\/product_tag?post=58367"}],"curies":[{"name":"wp","href":"https:\/\/api.w.org\/{rel}","templated":true}]}}