{"id":58373,"date":"2021-05-03T16:23:22","date_gmt":"2021-05-03T15:23:22","guid":{"rendered":"https:\/\/paddleshifterz.com\/?post_type=product&#038;p=58373"},"modified":"2026-04-05T16:03:07","modified_gmt":"2026-04-05T15:03:07","slug":"bmw-m-performance-carbon-fiber-door-sill-trim-51472472521","status":"publish","type":"product","link":"https:\/\/paddleshifterz.com\/de\/bmw-m-performance-carbon-fiber-door-sill-trim-51472472521\/","title":{"rendered":"OEM BMW M Performance Carbon Einstiegleisten - 51472472521"},"content":{"rendered":"<h2>Spezifikationen<\/h2>\n<ul>\n<li>Material: ABS mit lackiertem Kohlefasereinsatz<\/li>\n<li>verleiht dem Fahrzeug einen individuellen Charakter<\/li>\n<li>unterstreicht das sportliche Design des Fahrzeugs<\/li>\n<li>rundet das M Performance Exterieurpaket perfekt ab<\/li>\n<li>optimal und genau auf die Fahrzeuggeometrie abgestimmt<\/li>\n<li>einfache Montage in weniger als 10 Minuten<\/li>\n<li>links (Fahrerseite) und rechts (Beifahrerseite) identisch<\/li>\n<\/ul>\n<p>Zum Lieferumfang geh\u00f6ren eine M Performance Einstiegsplatte Carbon sowie das ben\u00f6tigte Befestigungsmaterial.<\/p>\n<p><strong>Paket enth\u00e4lt 2 St\u00fcck, f\u00fcr beide T\u00fcrschweller.<\/strong><\/p>","protected":false},"excerpt":{"rendered":"<p><strong>This product has been discontinued.<\/strong><\/p>\n<p>OEM BMW M Performance Einstiegleisten aus Carbon - 51472472521 f\u00fcr BMW G22, G23, G42, G87 M2 und G82, G83 M4<\/p>","protected":false},"featured_media":66911,"template":"","meta":{"bwfblock_default_font":""},"product_brand":[],"product_cat":[593],"product_tag":[],"class_list":{"0":"post-58373","1":"product","2":"type-product","3":"status-publish","4":"has-post-thumbnail","6":"product_cat-interior","7":"product_shipping_class-shifterz","8":"pa_brand-bmw","9":"pa_brand-m-performance","10":"pa_product-type-oem-original-equipment-manufacturer","11":"pa_vehicles-bmw-g22","12":"pa_vehicles-bmw-g23","13":"pa_vehicles-bmw-g42","14":"pa_vehicles-bmw-g82-m4-csl","15":"pa_vehicles-bmw-g82-m4","16":"pa_vehicles-bmw-g83-m4","18":"first","19":"outofstock","20":"taxable","21":"shipping-taxable","22":"purchasable","23":"product-type-simple"},"bundled_by":[],"bundle_stock_status":"outofstock","bundle_stock_quantity":-10,"bundle_virtual":false,"bundle_layout":"","bundle_add_to_cart_form_location":"","bundle_editable_in_cart":false,"bundle_sold_individually_context":"","bundle_item_grouping":"","bundle_min_size":"","bundle_max_size":"","bundle_price":[],"bundled_items":[],"bundle_sell_ids":[],"_links":{"self":[{"href":"https:\/\/paddleshifterz.com\/de\/wp-json\/wp\/v2\/product\/58373","targetHints":{"allow":["GET"]}}],"collection":[{"href":"https:\/\/paddleshifterz.com\/de\/wp-json\/wp\/v2\/product"}],"about":[{"href":"https:\/\/paddleshifterz.com\/de\/wp-json\/wp\/v2\/types\/product"}],"wp:featuredmedia":[{"embeddable":true,"href":"https:\/\/paddleshifterz.com\/de\/wp-json\/wp\/v2\/media\/66911"}],"wp:attachment":[{"href":"https:\/\/paddleshifterz.com\/de\/wp-json\/wp\/v2\/media?parent=58373"}],"wp:term":[{"taxonomy":"product_brand","embeddable":true,"href":"https:\/\/paddleshifterz.com\/de\/wp-json\/wp\/v2\/product_brand?post=58373"},{"taxonomy":"product_cat","embeddable":true,"href":"https:\/\/paddleshifterz.com\/de\/wp-json\/wp\/v2\/product_cat?post=58373"},{"taxonomy":"product_tag","embeddable":true,"href":"https:\/\/paddleshifterz.com\/de\/wp-json\/wp\/v2\/product_tag?post=58373"}],"curies":[{"name":"wp","href":"https:\/\/api.w.org\/{rel}","templated":true}]}}