{"id":58376,"date":"2021-05-03T16:28:59","date_gmt":"2021-05-03T15:28:59","guid":{"rendered":"https:\/\/paddleshifterz.com\/?post_type=product&#038;p=58376"},"modified":"2026-03-21T07:43:41","modified_gmt":"2026-03-21T06:43:41","slug":"bmw-m-performance-floor-mats-g22-g23-g82-g83-m4","status":"publish","type":"product","link":"https:\/\/paddleshifterz.com\/de\/bmw-m-performance-floor-mats-g22-g23-g82-g83-m4\/","title":{"rendered":"OEM BMW M Performance Fu\u00dfmatten G22\/G82 RL - 51475A14E79"},"content":{"rendered":"<p>Versehen mit dem M Performance Schriftzug und einer Fahne in den typischen M Farben unterstreichen die Fu\u00dfmatten den sportlichen Look. Eine Einfassung in Lederoptik mit farblich abgesetzter Ziernaht rundet die hochwertige Optik ab.<\/p>\n<h2>Das Paket enth\u00e4lt<\/h2>\n<ul>\n<li>4-tlg. Satz Fu\u00dfmatten vorne und hinten, Klettelemente mit Bajonettverschluss (4 St\u00fcck), Montagehinweise<\/li>\n<\/ul>\n<p><strong>Nur f\u00fcr Fahrzeuge mit Rechtslenkung.<\/strong><\/p>","protected":false},"excerpt":{"rendered":"<p>Die OEM M Performance Fu\u00dfmatten (Rechtslenker: 51475A14E79) erg\u00e4nzen das sportliche Erscheinungsbild des BMW, insbesondere f\u00fcr Fahrzeuge mit vorhandenen M Performance Produkten. Nur f\u00fcr Fahrzeuge mit Rechtslenkung, f\u00fcr Modelle mit Linkslenkung (LHD), <a href=\"https:\/\/paddleshifterz.com\/de\/oem-bmw-m-performance-floor-mats-g22-g23-g82-g83-m4-lhd-vehicles-51475a14e76\/\">besuchen Sie dieses Produkt hier.<\/a><\/p>\n<p>SKU: 51475A14E79<\/p>","protected":false},"featured_media":65122,"template":"","meta":{"bwfblock_default_font":""},"product_brand":[],"product_cat":[1115,593],"product_tag":[],"class_list":{"0":"post-58376","1":"product","2":"type-product","3":"status-publish","4":"has-post-thumbnail","6":"product_cat-floor-mats","7":"product_cat-interior","8":"product_shipping_class-shifterz","9":"pa_brand-bmw","10":"pa_brand-m-performance","11":"pa_product-type-oem-original-equipment-manufacturer","12":"pa_vehicles-bmw-g22","13":"pa_vehicles-bmw-g82-m4-csl","14":"pa_vehicles-bmw-g82-m4","16":"first","17":"onbackorder","18":"taxable","19":"shipping-taxable","20":"purchasable","21":"product-type-simple"},"bundled_by":[],"bundle_stock_status":"onbackorder","bundle_stock_quantity":-15,"bundle_virtual":false,"bundle_layout":"","bundle_add_to_cart_form_location":"","bundle_editable_in_cart":false,"bundle_sold_individually_context":"","bundle_item_grouping":"","bundle_min_size":"","bundle_max_size":"","bundle_price":[],"bundled_items":[],"bundle_sell_ids":[],"_links":{"self":[{"href":"https:\/\/paddleshifterz.com\/de\/wp-json\/wp\/v2\/product\/58376","targetHints":{"allow":["GET"]}}],"collection":[{"href":"https:\/\/paddleshifterz.com\/de\/wp-json\/wp\/v2\/product"}],"about":[{"href":"https:\/\/paddleshifterz.com\/de\/wp-json\/wp\/v2\/types\/product"}],"wp:featuredmedia":[{"embeddable":true,"href":"https:\/\/paddleshifterz.com\/de\/wp-json\/wp\/v2\/media\/65122"}],"wp:attachment":[{"href":"https:\/\/paddleshifterz.com\/de\/wp-json\/wp\/v2\/media?parent=58376"}],"wp:term":[{"taxonomy":"product_brand","embeddable":true,"href":"https:\/\/paddleshifterz.com\/de\/wp-json\/wp\/v2\/product_brand?post=58376"},{"taxonomy":"product_cat","embeddable":true,"href":"https:\/\/paddleshifterz.com\/de\/wp-json\/wp\/v2\/product_cat?post=58376"},{"taxonomy":"product_tag","embeddable":true,"href":"https:\/\/paddleshifterz.com\/de\/wp-json\/wp\/v2\/product_tag?post=58376"}],"curies":[{"name":"wp","href":"https:\/\/api.w.org\/{rel}","templated":true}]}}