{"id":58617,"date":"2021-05-07T09:15:54","date_gmt":"2021-05-07T08:15:54","guid":{"rendered":"https:\/\/paddleshifterz.com\/?post_type=product&#038;p=58617"},"modified":"2026-02-28T11:37:20","modified_gmt":"2026-02-28T10:37:20","slug":"bmw-gear-shift-trim-cover-dry-carbon-fiber-f2x","status":"publish","type":"product","link":"https:\/\/paddleshifterz.com\/de\/bmw-gear-shift-trim-cover-dry-carbon-fiber-f2x\/","title":{"rendered":"OEM BMW Carbon Schalthebelabdeckung - F2X"},"content":{"rendered":"<p>Erh\u00e4ltlich f\u00fcr Links- und Rechtslenker, stellen Sie sicher, dass Sie das richtige aus dem Dropdown-Men\u00fc ausw\u00e4hlen. Passt nicht f\u00fcr die M2 Competition oder M2 CS Modelle, f\u00fcr diese bitte <a href=\"https:\/\/paddleshifterz.com\/de\/genuine-bmw-m-performance-dry-carbon-fiber-gear-shifter-for-f87-m2\/\">w\u00e4hlen Sie dieses Produkt.<\/a><\/p>","protected":false},"excerpt":{"rendered":"<p>Erh\u00f6hen Sie den Innenraum Ihres BMW F2X mit diesem sch\u00f6nen OEM BMW M Performance trocken Kohlefaser und Alcantara trimmen.<\/p>\n<p>SKU: 51162343739, <strong>51162343740 (discontinued)<\/strong><\/p>","protected":false},"featured_media":66713,"template":"","meta":{"bwfblock_default_font":""},"product_brand":[],"product_cat":[593],"product_tag":[],"class_list":{"0":"post-58617","1":"product","2":"type-product","3":"status-publish","4":"has-post-thumbnail","6":"product_cat-interior","7":"product_shipping_class-shifterz","8":"pa_brand-bmw","9":"pa_product-type-oem-original-equipment-manufacturer","10":"pa_vehicles-bmw-f20-f21","11":"pa_vehicles-bmw-f22-f23","12":"pa_vehicles-bmw-f87-m2","14":"first","15":"onbackorder","16":"taxable","17":"shipping-taxable","18":"purchasable","19":"product-type-variable","20":"has-default-attributes"},"bundled_by":[],"bundle_stock_status":"onbackorder","bundle_stock_quantity":null,"bundle_virtual":false,"bundle_layout":"","bundle_add_to_cart_form_location":"","bundle_editable_in_cart":false,"bundle_sold_individually_context":"","bundle_item_grouping":"","bundle_min_size":"","bundle_max_size":"","bundle_price":[],"bundled_items":[],"bundle_sell_ids":[],"_links":{"self":[{"href":"https:\/\/paddleshifterz.com\/de\/wp-json\/wp\/v2\/product\/58617","targetHints":{"allow":["GET"]}}],"collection":[{"href":"https:\/\/paddleshifterz.com\/de\/wp-json\/wp\/v2\/product"}],"about":[{"href":"https:\/\/paddleshifterz.com\/de\/wp-json\/wp\/v2\/types\/product"}],"wp:featuredmedia":[{"embeddable":true,"href":"https:\/\/paddleshifterz.com\/de\/wp-json\/wp\/v2\/media\/66713"}],"wp:attachment":[{"href":"https:\/\/paddleshifterz.com\/de\/wp-json\/wp\/v2\/media?parent=58617"}],"wp:term":[{"taxonomy":"product_brand","embeddable":true,"href":"https:\/\/paddleshifterz.com\/de\/wp-json\/wp\/v2\/product_brand?post=58617"},{"taxonomy":"product_cat","embeddable":true,"href":"https:\/\/paddleshifterz.com\/de\/wp-json\/wp\/v2\/product_cat?post=58617"},{"taxonomy":"product_tag","embeddable":true,"href":"https:\/\/paddleshifterz.com\/de\/wp-json\/wp\/v2\/product_tag?post=58617"}],"curies":[{"name":"wp","href":"https:\/\/api.w.org\/{rel}","templated":true}]}}