{"id":58731,"date":"2021-05-16T09:29:52","date_gmt":"2021-05-16T08:29:52","guid":{"rendered":"https:\/\/paddleshifterz.com\/?post_type=product&#038;p=58731"},"modified":"2026-03-30T10:46:43","modified_gmt":"2026-03-30T09:46:43","slug":"bmw-m-performance-fuel-tank-cap-carbon-fiber","status":"publish","type":"product","link":"https:\/\/paddleshifterz.com\/de\/bmw-m-performance-fuel-tank-cap-carbon-fiber\/","title":{"rendered":"OEM BMW M Performance Carbon Tankdeckel - 16112472988"},"content":{"rendered":"<h2>Spezifikationen<\/h2>\n<ul>\n<li>Material: Kohlefaser<\/li>\n<li>Deutliche optische Aufwertung des bestehenden Tankdeckels<\/li>\n<li>Modernes, hochwertiges Aussehen<\/li>\n<li>M Performance-Schriftzug auf geb\u00fcrstetem Aluminium<\/li>\n<li>\u00c4u\u00dferst hohe Qualit\u00e4t<\/li>\n<li>Optimale Passform<\/li>\n<li>Beste Best\u00e4ndigkeit gegen Benzin- und Dieselkraftstoffe<\/li>\n<li>Einfache Montage<\/li>\n<li>Getestet und gepr\u00fcft nach den strengen BMW Standards<\/li>\n<li>Keine Einschr\u00e4nkung der Funktion des vorhandenen Tankverschlusses<\/li>\n<li>Kann bei einem Fahrzeugwechsel mit in das neue Fahrzeug genommen werden<\/li>\n<\/ul>\n<p>Funktionsweise: Auf der Innenseite des Carbon-Tankdeckels sind Klebepads angebracht, die zur Befestigung am vorhandenen Tankdeckel dienen. F\u00fcr die einfache Montage (Verkleben) ist kein Werkstattbesuch notwendig.<\/p>","protected":false},"excerpt":{"rendered":"<p>OEM BMW M Performance Kohlefaser Tankdeckel f\u00fcr BMW und BMW M Modelle. Der Tankdeckel passt f\u00fcr alle Fahrzeuge ab 2010.<\/p>\n<p>SKU: 16112472988<\/p>","protected":false},"featured_media":64557,"template":"","meta":{"bwfblock_default_font":""},"product_brand":[],"product_cat":[1113],"product_tag":[],"class_list":{"0":"post-58731","1":"product","2":"type-product","3":"status-publish","4":"has-post-thumbnail","6":"product_cat-exterior","7":"product_shipping_class-shifterz","8":"pa_brand-bmw","9":"pa_brand-m-performance","10":"pa_product-type-oem-original-equipment-manufacturer","11":"pa_vehicles-3-series-e90","12":"pa_vehicles-3-series-e91","13":"pa_vehicles-3-series-e92","14":"pa_vehicles-e90-m3","15":"pa_vehicles-bmw-f06-f12-f13","16":"pa_vehicles-bmw-m6-f06-f12-f13","17":"pa_vehicles-bmw-f07-gt","18":"pa_vehicles-bmw-m5-f10","19":"pa_vehicles-bmw-f10-f11","20":"pa_vehicles-bmw-f15-x5","21":"pa_vehicles-bmw-f16-x6","22":"pa_vehicles-bmw-f20-f21","23":"pa_vehicles-bmw-f22-f23","24":"pa_vehicles-bmw-f25-x3","25":"pa_vehicles-bmw-f26-x4","26":"pa_vehicles-bmw-f30","27":"pa_vehicles-bmw-f31","28":"pa_vehicles-bmw-f32","29":"pa_vehicles-bmw-f33","30":"pa_vehicles-bmw-f34","31":"pa_vehicles-bmw-f36","32":"pa_vehicles-bmw-f39-x2","33":"pa_vehicles-bmw-f40","34":"pa_vehicles-bmw-f44","35":"pa_vehicles-bmw-f45","36":"pa_vehicles-bmw-f46","37":"pa_vehicles-bmw-f48-x1","38":"pa_vehicles-bmw-f70","39":"pa_vehicles-bmw-f80-m3","40":"pa_vehicles-bmw-f82-m4","41":"pa_vehicles-4-series-f83-m4","42":"pa_vehicles-bmw-f85-x5m","43":"pa_vehicles-bmw-f86-x6m","44":"pa_vehicles-bmw-f87-m2","45":"pa_vehicles-bmw-f90-m5","46":"pa_vehicles-bmw-m8-f91-f92-f93","47":"pa_vehicles-bmw-f95-x5m","48":"pa_vehicles-bmw-f96-x6m","49":"pa_vehicles-bmw-f97-x3m","50":"pa_vehicles-bmw-f98-x4m","51":"pa_vehicles-bmw-g01-x3","52":"pa_vehicles-bmw-g02-x4","53":"pa_vehicles-bmw-g05-x5","54":"pa_vehicles-bmw-x6-g06","55":"pa_vehicles-bmw-g07-x7","56":"pa_vehicles-bmw-g07-x7-lci","57":"pa_vehicles-bmw-g09-xm","58":"pa_vehicles-bmw-g11-g12","59":"pa_vehicles-bmw-g14-g15-g16","60":"pa_vehicles-bmw-g20","61":"pa_vehicles-bmw-g21","62":"pa_vehicles-bmw-g22","63":"pa_vehicles-bmw-g23","64":"pa_vehicles-bmw-g26-grancoupe","65":"pa_vehicles-bmw-z4-g29","66":"pa_vehicles-bmw-g30","67":"pa_vehicles-bmw-g31","68":"pa_vehicles-bmw-g32","69":"pa_vehicles-bmw-g42","70":"pa_vehicles-bmw-g60","71":"pa_vehicles-bmw-g61","72":"pa_vehicles-bmw-g80-m3","73":"pa_vehicles-bmw-g81-m3-touring","74":"pa_vehicles-bmw-g82-m4-csl","75":"pa_vehicles-bmw-g82-m4","76":"pa_vehicles-bmw-g83-m4","77":"pa_vehicles-bmw-g87-m2","78":"pa_vehicles-bmw-g90-m5","79":"pa_vehicles-bmw-g99-m5","80":"pa_vehicles-bmw-i8","82":"first","83":"onbackorder","84":"taxable","85":"shipping-taxable","86":"purchasable","87":"product-type-simple"},"bundled_by":[],"bundle_stock_status":"onbackorder","bundle_stock_quantity":-125,"bundle_virtual":false,"bundle_layout":"","bundle_add_to_cart_form_location":"","bundle_editable_in_cart":false,"bundle_sold_individually_context":"","bundle_item_grouping":"","bundle_min_size":"","bundle_max_size":"","bundle_price":[],"bundled_items":[],"bundle_sell_ids":[],"_links":{"self":[{"href":"https:\/\/paddleshifterz.com\/de\/wp-json\/wp\/v2\/product\/58731","targetHints":{"allow":["GET"]}}],"collection":[{"href":"https:\/\/paddleshifterz.com\/de\/wp-json\/wp\/v2\/product"}],"about":[{"href":"https:\/\/paddleshifterz.com\/de\/wp-json\/wp\/v2\/types\/product"}],"wp:featuredmedia":[{"embeddable":true,"href":"https:\/\/paddleshifterz.com\/de\/wp-json\/wp\/v2\/media\/64557"}],"wp:attachment":[{"href":"https:\/\/paddleshifterz.com\/de\/wp-json\/wp\/v2\/media?parent=58731"}],"wp:term":[{"taxonomy":"product_brand","embeddable":true,"href":"https:\/\/paddleshifterz.com\/de\/wp-json\/wp\/v2\/product_brand?post=58731"},{"taxonomy":"product_cat","embeddable":true,"href":"https:\/\/paddleshifterz.com\/de\/wp-json\/wp\/v2\/product_cat?post=58731"},{"taxonomy":"product_tag","embeddable":true,"href":"https:\/\/paddleshifterz.com\/de\/wp-json\/wp\/v2\/product_tag?post=58731"}],"curies":[{"name":"wp","href":"https:\/\/api.w.org\/{rel}","templated":true}]}}