{"id":58751,"date":"2021-05-19T20:03:15","date_gmt":"2021-05-19T19:03:15","guid":{"rendered":"https:\/\/paddleshifterz.com\/?post_type=product&#038;p=58751"},"modified":"2025-12-08T07:39:14","modified_gmt":"2025-12-08T06:39:14","slug":"bmw-m-performance-tail-lights-f30-f80-63212450105","status":"publish","type":"product","link":"https:\/\/paddleshifterz.com\/de\/bmw-m-performance-tail-lights-f30-f80-63212450105\/","title":{"rendered":"OEM BMW M Performance R\u00fcckleuchten - F30, F80 - 63212450105"},"content":{"rendered":"<div id=\"text-1452014990\" class=\"text product_detail_description_content\">\n\t\t\n<h2>R\u00fcsten Sie Ihren BMW F30 oder F80 M3 mit BMW M Performance R\u00fcckleuchten auf<\/h2>\n<p>Verbessern Sie den Stil und die Sicherheit Ihres <a href=\"https:\/\/paddleshifterz.com\/de\/vehicles\/bmw-f30\/\">BMW F30 3er Reihe<\/a> oder <a href=\"https:\/\/paddleshifterz.com\/de\/vehicles\/bmw-f80-m3\/\">F80 M3<\/a> mit diesen eleganten, leistungsstarken BMW M Performance R\u00fcckleuchten (Teilenummer: 63212450105). Diese OEM M Performance R\u00fcckleuchten wurden entwickelt, um dem Heck Ihres Fahrzeugs einen sportlichen und aggressiven Touch zu verleihen. Sie kombinieren moderne \u00c4sthetik mit fortschrittlicher Lichttechnologie f\u00fcr bessere Sichtbarkeit auf der Stra\u00dfe.<\/p>\n<p>Ganz gleich, ob Sie f\u00fcr eine bessere Leistung bei Nachtfahrten aufr\u00fcsten oder Ihrem BMW einfach nur einen Hauch von M-Styling verleihen m\u00f6chten, diese original BMW M Performance R\u00fcckleuchten bieten die perfekte L\u00f6sung. Sie werden nach den anspruchsvollen Standards von BMW gefertigt und gew\u00e4hrleisten eine perfekte Passform und nahtlose Integration in die vorhandenen Systeme Ihres Fahrzeugs.<\/p>\n<h2>Unboxing<\/h2>\n<p>Schauen Sie sich das Unboxing-Video unten an, um zu sehen, was sich in der Schachtel befindet, und um sich das Produkt vor dem Kauf genauer anzusehen.<\/p>\n<p><iframe loading=\"lazy\" title=\"YouTube-Video-Player\" src=\"https:\/\/www.youtube.com\/embed\/O805X8dAqUQ\" width=\"560\" height=\"315\" frameborder=\"0\" allowfullscreen=\"allowfullscreen\"><span data-mce-type=\"bookmark\" style=\"display: inline-block; width: 0px; overflow: hidden; line-height: 0;\" class=\"mce_SELRES_start\"><\/span><\/iframe><\/p>\n<h2>Die wichtigsten Merkmale der BMW M Performance R\u00fccklichter<\/h2>\n<ul>\n<li><strong>Original OEM BMW Teil:<\/strong> Diese von BMW hergestellten R\u00fcckleuchten entsprechen den h\u00f6chsten Qualit\u00e4tsstandards und sind so konzipiert, dass sie perfekt zu Ihrem F30 3er oder F80 M3 passen.<\/li>\n<li><strong>Dynamische LED-Beleuchtung:<\/strong> Diese R\u00fcckleuchten sind mit fortschrittlicher LED-Technologie ausgestattet und sorgen f\u00fcr eine hellere Ausleuchtung, die sowohl die Sichtbarkeit als auch die Gesamt\u00e4sthetik Ihres Fahrzeugs verbessert.<\/li>\n<li><strong>M Performance Design:<\/strong> Diese R\u00fcckleuchten verleihen Ihrem BMW einen sportlichen, hochwertigen Touch und verst\u00e4rken sein aggressives Heckprofil.<\/li>\n<li><strong>ECE-gepr\u00fcft:<\/strong> Diese Leuchten entsprechen den europ\u00e4ischen Sicherheitsnormen (ECE), so dass sie in Europa stra\u00dfenzugelassen sind und den weltweiten Sicherheitsvorschriften entsprechen.<\/li>\n<\/ul>\n<h2>Perfekte Passform f\u00fcr BMW F30 3er und F80 M3<\/h2>\n<p>Diese BMW M Performance R\u00fcckleuchten sind eine direkte Passform f\u00fcr F30 3er und F80 M3 Modelle und gew\u00e4hrleisten eine perfekte und nahtlose Installation. Als echtes OEM-Teil, kommen sie mit BMWs Garantie f\u00fcr Qualit\u00e4t und Haltbarkeit, so dass Sie darauf vertrauen k\u00f6nnen, dass diese R\u00fcckleuchten einwandfrei aussehen und funktionieren werden.<\/p>\n<ul>\n<li><strong>Direkter OEM-Ersatz:<\/strong> Diese R\u00fccklichter sind als direkter Ersatz f\u00fcr die werksseitigen R\u00fccklichter konzipiert und erm\u00f6glichen einen einfachen Einbau.<\/li>\n<li><strong>Plug-and-Play-Installation:<\/strong> Es sind keine umfangreichen Modifikationen erforderlich. Entfernen Sie einfach die vorhandenen R\u00fcckleuchten und installieren Sie die M Performance diejenigen f\u00fcr ein sofortiges Upgrade. F\u00fcr pre-LCI Fahrzeuge wird ein zus\u00e4tzlicher Kabelsatz ben\u00f6tigt (Teilenummer: 61122410220), dieser kann separat erworben werden.<\/li>\n<\/ul>\n<h2>Kompatibilit\u00e4t<\/h2>\n<p>Die BMW M Performance R\u00fcckleuchten (Art.-Nr.: 63212450105) sind mit den folgenden Modellen kompatibel:<\/p>\n<ul>\n<li><a href=\"https:\/\/paddleshifterz.com\/de\/vehicles\/bmw-f30\/\">BMW F30 3er Limousine (2012-2018)<\/a><\/li>\n<li><a href=\"https:\/\/paddleshifterz.com\/de\/vehicles\/bmw-f80-m3\/\">BMW F80 M3 Limousine (2014-2018)<\/a><\/li>\n<li>F\u00fcr Kunden mit einer <a href=\"https:\/\/paddleshifterz.com\/de\/produkt\/bmw-m-performance-tail-lights-f31\/\">BMW F31, w\u00e4hlen Sie bitte dieses R\u00fcckleuchten-Kit.<\/a><\/li>\n<\/ul>\n<p>Wenn Sie sich nicht sicher sind, ob diese R\u00fcckleuchten zu Ihrem Fahrzeug passen, k\u00f6nnen Sie uns gerne kontaktieren, um weitere Informationen zu erhalten.<\/p>\n<h2>H\u00e4ufig gestellte Fragen<\/h2>\n<ol>\n<li><strong>Sind diese R\u00fcckleuchten mit allen F30- und F80-Modellen kompatibel?<\/strong>\n<ol>\n<li>Diese R\u00fcckleuchten sind speziell f\u00fcr den BMW F30 3er und F80 M3 entwickelt worden und passen perfekt f\u00fcr diese Modelle. Wenn Sie nicht sicher sind, ob sie f\u00fcr Ihr Fahrzeug passen, kontaktieren Sie unser Support-Team f\u00fcr Hilfe.<\/li>\n<\/ol>\n<\/li>\n<li>Was sind die Vorteile von LED-R\u00fcckleuchten?\n<ol>\n<li><span style=\"color: #555555; font-size: 14.4px;\">LED-R\u00fcckleuchten bieten eine hellere und effizientere Beleuchtung als herk\u00f6mmliche Halogenbirnen. Sie halten auch l\u00e4nger, bieten bessere Sicht und verbrauchen weniger Energie, was sie zu einer zuverl\u00e4ssigen und umweltfreundlichen Option macht.<\/span><\/li>\n<\/ol>\n<\/li>\n<li><strong>Kann ich diese R\u00fcckleuchten selbst einbauen?<\/strong>\n<ol>\n<li>Ja, die BMW M Performance R\u00fcckleuchten sind f\u00fcr eine Plug-and-Play-Installation konzipiert, d.h. es sind keine besonderen Modifikationen erforderlich. Allerdings, wenn Sie nicht bequem mit dem Installationsprozess sind, empfehlen wir professionelle Hilfe.<\/li>\n<\/ol>\n<\/li>\n<li>Sind diese R\u00fcckleuchten mit dem M Performance-Logo versehen?\n<ol>\n<li>Diese R\u00fcckleuchten sind zwar Teil der M Performance Linie, haben aber kein sichtbares Logo. Allerdings sind sie mit den gleichen hohen Standards und Premium-Design mit BMW M Performance Teile assoziiert entworfen.<\/li>\n<\/ol>\n<\/li>\n<\/ol>\n\t\t\t<\/div>","protected":false},"excerpt":{"rendered":"<p>Die Vorteile der BMW M Performance R\u00fcckleuchten auf einen Blick:<\/p>\n<ul>\n<li>Edles, hochwertiges Aussehen, keine orangefarbene Fl\u00e4che f\u00fcr den Indikator.<\/li>\n<li>Hohe Leuchtkraft, genau wie bei herk\u00f6mmlichen Leuchten.<\/li>\n<li>Perfekte Spaltma\u00dfe und 100 Prozent Passgenauigkeit.<\/li>\n<li>Alle Innenfl\u00e4chen in elegantem Schwarz.<\/li>\n<li>Moderne LED-Technik mit grau get\u00f6nten Au\u00dfenlinsen.<\/li>\n<li>L\u00e4sst sich perfekt mit allen Au\u00dfenfarben kombinieren.<\/li>\n<\/ul>","protected":false},"featured_media":76367,"template":"","meta":{"bwfblock_default_font":""},"product_brand":[],"product_cat":[1113,1094],"product_tag":[],"class_list":{"0":"post-58751","1":"product","2":"type-product","3":"status-publish","4":"has-post-thumbnail","6":"product_cat-exterior","7":"product_cat-headlights-taillights","8":"product_shipping_class-shifterz","9":"pa_brand-bmw","10":"pa_brand-m-performance","11":"pa_product-type-oem-original-equipment-manufacturer","12":"pa_vehicles-bmw-f30","13":"pa_vehicles-bmw-f80-m3","15":"first","16":"onbackorder","17":"taxable","18":"shipping-taxable","19":"purchasable","20":"product-type-simple"},"bundled_by":[],"bundle_stock_status":"onbackorder","bundle_stock_quantity":-2,"bundle_virtual":false,"bundle_layout":"","bundle_add_to_cart_form_location":"","bundle_editable_in_cart":false,"bundle_sold_individually_context":"","bundle_item_grouping":"","bundle_min_size":"","bundle_max_size":"","bundle_price":[],"bundled_items":[],"bundle_sell_ids":[],"_links":{"self":[{"href":"https:\/\/paddleshifterz.com\/de\/wp-json\/wp\/v2\/product\/58751","targetHints":{"allow":["GET"]}}],"collection":[{"href":"https:\/\/paddleshifterz.com\/de\/wp-json\/wp\/v2\/product"}],"about":[{"href":"https:\/\/paddleshifterz.com\/de\/wp-json\/wp\/v2\/types\/product"}],"wp:featuredmedia":[{"embeddable":true,"href":"https:\/\/paddleshifterz.com\/de\/wp-json\/wp\/v2\/media\/76367"}],"wp:attachment":[{"href":"https:\/\/paddleshifterz.com\/de\/wp-json\/wp\/v2\/media?parent=58751"}],"wp:term":[{"taxonomy":"product_brand","embeddable":true,"href":"https:\/\/paddleshifterz.com\/de\/wp-json\/wp\/v2\/product_brand?post=58751"},{"taxonomy":"product_cat","embeddable":true,"href":"https:\/\/paddleshifterz.com\/de\/wp-json\/wp\/v2\/product_cat?post=58751"},{"taxonomy":"product_tag","embeddable":true,"href":"https:\/\/paddleshifterz.com\/de\/wp-json\/wp\/v2\/product_tag?post=58751"}],"curies":[{"name":"wp","href":"https:\/\/api.w.org\/{rel}","templated":true}]}}