{"id":59637,"date":"2021-07-03T06:45:34","date_gmt":"2021-07-03T05:45:34","guid":{"rendered":"https:\/\/paddleshifterz.com\/?post_type=product&#038;p=59637"},"modified":"2026-04-04T14:12:11","modified_gmt":"2026-04-04T13:12:11","slug":"bmw-m-performance-alcantara-knee-pads","status":"publish","type":"product","link":"https:\/\/paddleshifterz.com\/de\/bmw-m-performance-alcantara-knee-pads\/","title":{"rendered":"OEM BMW M Performance Alcantara Kneepads f\u00fcr G-Serie"},"content":{"rendered":"<h2>BMW M Performance Knieschoner aus Alcantara<\/h2>\n<p>Die BMW M Performance Alcantara-Kniepolster wurden entwickelt, um dem Innenraum Ihres Fahrzeugs einen erstklassigen Touch von Komfort und Stil zu verleihen. Diese hochwertigen Alcantara-Knieschoner bieten nicht nur zus\u00e4tzlichen Halt bei sportlicher Fahrweise, sondern werten auch die \u00c4sthetik des Innenraums Ihres BMW mit ihrem luxuri\u00f6sen Aussehen und Gef\u00fchl auf. Perfekt f\u00fcr BMW Enthusiasten, die sowohl Form als auch Funktion zu sch\u00e4tzen wissen, bieten diese Polster ein authentisches M Performance Upgrade, das Ihr Fahrerlebnis auf die n\u00e4chste Stufe hebt.<\/p>\n<h2>Einbau und Spezifikationen<\/h2>\n<p>Passend f\u00fcr alle BMW G-Serien ab 2 (au\u00dfer <a href=\"https:\/\/paddleshifterz.com\/de\/vehicles\/bmw-f44\/\">F44 GranCoupe<\/a>) bis hin zu Modellen der 4er-Reihe, wie dem BMW G20 und <a href=\"https:\/\/paddleshifterz.com\/de\/vehicles\/bmw-g87-m2\/\">G87 M2<\/a>. Erh\u00e4ltlich in Links- und Rechtslenker-Version, leider <strong>passt nicht zu<\/strong> Fahrzeuge mit Schaltgetriebe. Die BMW M Performance Alcantara Knee Pads sind mit einer Vielzahl von BMW Modellen kompatibel. Dazu geh\u00f6ren die folgenden Modelle:<\/p>\n<ul>\n<li><a href=\"https:\/\/paddleshifterz.com\/de\/vehicles\/bmw-g42\/\">BMW G42 2er Reihe<\/a><\/li>\n<li><a href=\"https:\/\/paddleshifterz.com\/de\/vehicles\/bmw-g20\/\">BMW G20 3er Reihe<\/a><\/li>\n<li><a href=\"https:\/\/paddleshifterz.com\/de\/vehicles\/bmw-g21\/\">BMW G21 Touring 3er Reihe<\/a><\/li>\n<li><a href=\"https:\/\/paddleshifterz.com\/de\/vehicles\/bmw-g22\/\">BMW G22 4er Reihe<\/a><\/li>\n<li><a href=\"https:\/\/paddleshifterz.com\/de\/vehicles\/bmw-g23\/\">BMW G23 4er Reihe<\/a><\/li>\n<li><a href=\"https:\/\/paddleshifterz.com\/de\/vehicles\/bmw-g26-grancoupe\/\">BMW G26 4er Reihe<\/a><\/li>\n<li><a href=\"https:\/\/paddleshifterz.com\/de\/vehicles\/bmw-i4-g26\/\">BMW G26 i4 4er Reihe<\/a><\/li>\n<li><a href=\"https:\/\/paddleshifterz.com\/de\/vehicles\/bmw-g87-m2\/\">BMW G87 M2<\/a><\/li>\n<li><a href=\"https:\/\/paddleshifterz.com\/de\/vehicles\/bmw-g80-m3\/\">BMW G80 M3 Wettbewerb<\/a><\/li>\n<li><a href=\"https:\/\/paddleshifterz.com\/de\/vehicles\/bmw-g81-m3-touring\/\">BMW G81 M3 Wettbewerb<\/a><\/li>\n<li><a href=\"https:\/\/paddleshifterz.com\/de\/vehicles\/bmw-g82-m4\/\">BMW G82 M4 Wettbewerb<\/a><\/li>\n<li><a href=\"https:\/\/paddleshifterz.com\/de\/vehicles\/bmw-g83-m4\/\">BMW G83 M4 Wettbewerb<\/a><\/li>\n<\/ul>\n<p>Sie sind nicht sicher, ob diese Knieschoner f\u00fcr Ihr Fahrzeug geeignet sind? Wenden Sie sich an unseren Kundendienst, und wir helfen Ihnen, herauszufinden, ob dieses Upgrade mit Ihrem BMW kompatibel ist.<\/p>\n<p><strong>Hochwertiges Alcantara-Material:<\/strong> Alcantara ist f\u00fcr seine weiche, wildleder\u00e4hnliche Textur bekannt und bietet ein luxuri\u00f6ses Gef\u00fchl, das das Fahrerlebnis insgesamt verbessert und gleichzeitig eine hervorragende Haltbarkeit bietet.<\/p>\n<ul>\n<li>Perfekte OEM-Passung: Diese Kniesch\u00fctzer sind echte BMW M Performance Teile, die eine pr\u00e4zise Passform und einfache Installation in verschiedenen BMW Modellen gew\u00e4hrleisten.<\/li>\n<li>Komfort und Unterst\u00fctzung: Entwickelt, um Ihnen bei hohen Geschwindigkeiten oder langen Fahrten zus\u00e4tzlichen Halt f\u00fcr die Knie zu geben und Ihr Fahrerlebnis komfortabler zu machen.<\/li>\n<\/ul>\n<h2>Einfacher Installationsprozess<\/h2>\n<p>Der Einbau der BMW M Performance Alcantara-Kniepolster ist einfach und erfordert nur wenig Werkzeug. Als OEM-Teil, ist es entworfen, um einen direkten Ersatz oder Upgrade f\u00fcr die bestehenden Kniepolster Abschnitte Ihres BMW Innenraum sein. Der Einbau ist zwar einfach, aber f\u00fcr eine perfekte Passform wird immer ein professioneller Einbau empfohlen. Brauchen Sie eine Einbauanleitung f\u00fcr dieses Produkt? Bitte <a href=\"https:\/\/paddleshifterz.com\/de\/contact\/\">Nehmen Sie Kontakt mit unserem Team auf<\/a> und wir senden Ihnen eine Installationsanleitung zu.<\/p>\n<p><strong>Teilenummern:<\/strong><\/p>\n<ul>\n<li>Linkslenker: 51955A271B6<\/li>\n<li>Rechtslenker: 51955A27343<\/li>\n<\/ul>\n<h2>H\u00e4ufig gestellte Fragen<\/h2>\n<ol>\n<li><strong>Sind diese Knieschoner mit allen BMW Modellen kompatibel?<\/strong>\n<ol>\n<li>Die BMW M Performance Alcantara Knieschoner sind mit verschiedenen BMW Modellen kompatibel, einschlie\u00dflich der G20 3er Serie, G22 4er Serie und M Modellen wie dem G80 M3 und G82 M4. Eine wichtige Sache zu erw\u00e4hnen ist, dass es nicht passen Fahrzeuge mit einem manuellen Getriebe. F\u00fcr weitere Passform \u00dcberpr\u00fcfung, <a href=\"https:\/\/paddleshifterz.com\/de\/contact\/\">Kontakt zu unserem Team<\/a>.<\/li>\n<\/ol>\n<\/li>\n<li>Wie kann ich Alcantara pflegen und reinigen?\n<ol>\n<li>Alcantara ist leicht zu pflegen. Wir empfehlen die Verwendung einer milden Seifenl\u00f6sung oder eines speziellen Alcantara-Reinigers, um das Material frisch zu halten. Vermeiden Sie scharfe Chemikalien, die die Oberfl\u00e4che besch\u00e4digen k\u00f6nnten.<\/li>\n<\/ol>\n<\/li>\n<li>Wie sieht der Installationsprozess aus?\n<ol>\n<li>Der Einbau ist einfach und erfordert den Austausch der vorhandenen Kniepolsterteile in Ihrem BMW. Wenn Sie sich beim Einbau unsicher sind, empfehlen wir professionelle Hilfe, um eine perfekte Passform zu gew\u00e4hrleisten.<\/li>\n<\/ol>\n<\/li>\n<\/ol>","protected":false},"excerpt":{"rendered":"<p><strong>These products have been discontinued.<\/strong><\/p>\n<p>Die original BMW M Performance Alcantara Kniepolster sind die perfekte Erg\u00e4nzung zur offenporigen M Performance Carbon\/Alcantara Innenraumverkleidung. Sie runden die sportlich-exklusive Optik Ihres Fahrzeuginnenraums perfekt ab und sorgen f\u00fcr einen zus\u00e4tzlichen Blickfang.<\/p>\n<p>SKU: 51955A271B6, 51955A27343<\/p>","protected":false},"featured_media":66164,"template":"","meta":{"bwfblock_default_font":""},"product_brand":[],"product_cat":[593],"product_tag":[],"class_list":{"0":"post-59637","1":"product","2":"type-product","3":"status-publish","4":"has-post-thumbnail","6":"product_cat-interior","7":"product_shipping_class-shifterz","8":"pa_brand-bmw","9":"pa_brand-m-performance","10":"pa_product-type-oem-original-equipment-manufacturer","11":"pa_vehicles-bmw-g20","12":"pa_vehicles-bmw-g21","13":"pa_vehicles-bmw-g22","14":"pa_vehicles-bmw-g23","15":"pa_vehicles-bmw-g26-grancoupe","16":"pa_vehicles-bmw-g42","17":"pa_vehicles-bmw-g80-m3","18":"pa_vehicles-bmw-g81-m3-touring","19":"pa_vehicles-bmw-g82-m4","20":"pa_vehicles-bmw-g83-m4","21":"pa_vehicles-bmw-g87-m2","22":"pa_vehicles-bmw-i4-g26","24":"first","25":"outofstock","26":"taxable","27":"shipping-taxable","28":"product-type-variable"},"bundled_by":[],"bundle_stock_status":"outofstock","bundle_stock_quantity":null,"bundle_virtual":false,"bundle_layout":"","bundle_add_to_cart_form_location":"","bundle_editable_in_cart":false,"bundle_sold_individually_context":"","bundle_item_grouping":"","bundle_min_size":"","bundle_max_size":"","bundle_price":[],"bundled_items":[],"bundle_sell_ids":[],"_links":{"self":[{"href":"https:\/\/paddleshifterz.com\/de\/wp-json\/wp\/v2\/product\/59637","targetHints":{"allow":["GET"]}}],"collection":[{"href":"https:\/\/paddleshifterz.com\/de\/wp-json\/wp\/v2\/product"}],"about":[{"href":"https:\/\/paddleshifterz.com\/de\/wp-json\/wp\/v2\/types\/product"}],"wp:featuredmedia":[{"embeddable":true,"href":"https:\/\/paddleshifterz.com\/de\/wp-json\/wp\/v2\/media\/66164"}],"wp:attachment":[{"href":"https:\/\/paddleshifterz.com\/de\/wp-json\/wp\/v2\/media?parent=59637"}],"wp:term":[{"taxonomy":"product_brand","embeddable":true,"href":"https:\/\/paddleshifterz.com\/de\/wp-json\/wp\/v2\/product_brand?post=59637"},{"taxonomy":"product_cat","embeddable":true,"href":"https:\/\/paddleshifterz.com\/de\/wp-json\/wp\/v2\/product_cat?post=59637"},{"taxonomy":"product_tag","embeddable":true,"href":"https:\/\/paddleshifterz.com\/de\/wp-json\/wp\/v2\/product_tag?post=59637"}],"curies":[{"name":"wp","href":"https:\/\/api.w.org\/{rel}","templated":true}]}}