{"id":60862,"date":"2021-09-27T11:24:07","date_gmt":"2021-09-27T10:24:07","guid":{"rendered":"https:\/\/paddleshifterz.com\/?post_type=product&#038;p=60862"},"modified":"2026-03-05T12:30:27","modified_gmt":"2026-03-05T11:30:27","slug":"bmw-motorsport-m2-cs-carbon-fiber-racing-wing-51628324118","status":"publish","type":"product","link":"https:\/\/paddleshifterz.com\/de\/bmw-motorsport-m2-cs-carbon-fiber-racing-wing-51628324118\/","title":{"rendered":"OEM BMW Motorsport M2 CS Carbon Heckfl\u00fcgel - 51628324118"},"content":{"rendered":"<h3>Einzelheiten<\/h3>\n<ul>\n<li>OEM BMW Motorsport Teil<\/li>\n<li>Inklusive aller Befestigungselemente und Zubeh\u00f6r<\/li>\n<li>Muss  individuell beim T\u00dcV angemeldet werden (BMW stellt daf\u00fcr keine Papiere zur Verf\u00fcgung)<\/li>\n<\/ul>\n<h2>Unboxing<\/h2>\n<p>Schauen Sie sich das Unboxing-Video unten an, um zu sehen, was sich in der Schachtel befindet, und um sich das Produkt vor dem Kauf genauer anzusehen.<\/p>\n<p><iframe loading=\"lazy\" title=\"YouTube-Video-Player\" src=\"https:\/\/www.youtube.com\/embed\/ZVbZW5HQfwA\" width=\"560\" height=\"315\" frameborder=\"0\" allowfullscreen=\"allowfullscreen\"><span data-mce-type=\"bookmark\" style=\"display: inline-block; width: 0px; overflow: hidden; line-height: 0;\" class=\"mce_SELRES_start\"><\/span><\/iframe><\/p>\n<h2>Passende Fahrzeuge<\/h2>\n<ul>\n<li>BMW F2x 2er-Serie<\/li>\n<li>BMW F87 M2<\/li>\n<\/ul>\n<h3>Dieses Paket enth\u00e4lt folgende Teile<\/h3>\n<ul>\n<li>Fl\u00fcgel: 1x 51628324118<\/li>\n<li>Halter links, Heckfl\u00fcgel links: 1x 51628324119<\/li>\n<li>Halter rechts, Heckfl\u00fcgel rechts: 1x 51628324120<\/li>\n<li>Dichtung: 2x 51628324121<\/li>\n<li>Linsenschraube mit Bund M6x20 10.9 ZNSW: 2x 41008436023<\/li>\n<li>Senkschraube M8x20 10.9 ZNSW: 2x 41008436144<\/li>\n<\/ul>","protected":false},"excerpt":{"rendered":"<p>OEM BMW Motorsport F87 M2 CS Carbon Rennfl\u00fcgel, der urspr\u00fcnglich f\u00fcr den BMW F87 M2 CS Rennwagen eingef\u00fchrt wurde.<\/p>","protected":false},"featured_media":66861,"template":"","meta":{"bwfblock_default_font":""},"product_brand":[],"product_cat":[1211,1113],"product_tag":[],"class_list":{"0":"post-60862","1":"product","2":"type-product","3":"status-publish","4":"has-post-thumbnail","6":"product_cat-carbon-fibre-rear-spoiler","7":"product_cat-exterior","8":"product_shipping_class-bulky-goods","9":"pa_brand-bmw","10":"pa_brand-bmw-m-motorsport","11":"pa_product-type-oem-original-equipment-manufacturer","12":"pa_vehicles-bmw-f22-f23","13":"pa_vehicles-bmw-f87-m2","15":"first","16":"onbackorder","17":"taxable","18":"shipping-taxable","19":"purchasable","20":"product-type-simple"},"bundled_by":[],"bundle_stock_status":"onbackorder","bundle_stock_quantity":-13,"bundle_virtual":false,"bundle_layout":"","bundle_add_to_cart_form_location":"","bundle_editable_in_cart":false,"bundle_sold_individually_context":"","bundle_item_grouping":"","bundle_min_size":"","bundle_max_size":"","bundle_price":[],"bundled_items":[],"bundle_sell_ids":[],"_links":{"self":[{"href":"https:\/\/paddleshifterz.com\/de\/wp-json\/wp\/v2\/product\/60862","targetHints":{"allow":["GET"]}}],"collection":[{"href":"https:\/\/paddleshifterz.com\/de\/wp-json\/wp\/v2\/product"}],"about":[{"href":"https:\/\/paddleshifterz.com\/de\/wp-json\/wp\/v2\/types\/product"}],"wp:featuredmedia":[{"embeddable":true,"href":"https:\/\/paddleshifterz.com\/de\/wp-json\/wp\/v2\/media\/66861"}],"wp:attachment":[{"href":"https:\/\/paddleshifterz.com\/de\/wp-json\/wp\/v2\/media?parent=60862"}],"wp:term":[{"taxonomy":"product_brand","embeddable":true,"href":"https:\/\/paddleshifterz.com\/de\/wp-json\/wp\/v2\/product_brand?post=60862"},{"taxonomy":"product_cat","embeddable":true,"href":"https:\/\/paddleshifterz.com\/de\/wp-json\/wp\/v2\/product_cat?post=60862"},{"taxonomy":"product_tag","embeddable":true,"href":"https:\/\/paddleshifterz.com\/de\/wp-json\/wp\/v2\/product_tag?post=60862"}],"curies":[{"name":"wp","href":"https:\/\/api.w.org\/{rel}","templated":true}]}}