{"id":62182,"date":"2021-11-07T09:45:22","date_gmt":"2021-11-07T08:45:22","guid":{"rendered":"https:\/\/paddleshifterz.com\/?post_type=product&#038;p=62182"},"modified":"2025-11-03T07:24:32","modified_gmt":"2025-11-03T06:24:32","slug":"front-carbon-attachment-leftright-oem-bmw-m-performance-f90-m5","status":"publish","type":"product","link":"https:\/\/paddleshifterz.com\/de\/front-carbon-attachment-leftright-oem-bmw-m-performance-f90-m5\/","title":{"rendered":"OEM BMW M Performance Front Carbon Anbauteile - F90 M5"},"content":{"rendered":"","protected":false},"excerpt":{"rendered":"<p>Das neue Design des BMW M Performance Frontaufsatzes Carbon l\u00e4sst die Front Ihres Fahrzeugs deutlich kraftvoller wirken und erm\u00f6glicht eine sportlichere Fahrweise.<\/p>\n<ul>\n<li>attraktive, sportliche Optik<\/li>\n<li>optimale Abstimmung auf das Fahrzeug<\/li>\n<li>einfache Montage<\/li>\n<li>Herstellung der Carbonteile erfolgt in aufwendiger Handarbeit<\/li>\n<li>optimierte aerodynamische Werte<\/li>\n<li>UV- und temperaturbest\u00e4ndiges Material<\/li>\n<\/ul>\n<p>Eine T\u00dcV-Eintragung ist nicht notwendig. Eine ABE (Allgemeine Betriebserlaubnis) ist nicht erforderlich, da die Teileumf\u00e4nge bereits mit dem Gesamtfahrzeug homologiert sind.<\/p>\n<p>Der Frontaufsatz wurde u. a. auf Fu\u00dfg\u00e4ngerschutzanforderungen gepr\u00fcft. Alle gesetzlichen Vorgaben werden dabei erf\u00fcllt.\u00a0Der Frontaufsatz Carbon ist wegen der aerodynamischen Balance nur in Verbindung mit dem Serien-Heckspoiler oder dem Heckspoiler Carbon freigegeben.\u00a0Alle Teile sind vor Verbau am Fahrzeug auf Passgenauigkeit zu pr\u00fcfen.\u00a0Eventuelle Klebefl\u00e4chen m\u00fcssen absolut trocken, sauber, wachs- und fettfrei sein.<\/p>\n<p>Die Montage muss in einem Temperaturbereich von 18 \u00b0C bis 35 \u00b0C erfolgen. Bei der Zuhilfenahme von Fl\u00fcssigkleber (z.B. Klebstoff 1K) sind die Aush\u00e4rtezeiten zu beachten:<\/p>\n<ul>\n<li>Im Regelfall gilt, dass das Fahrzeug 24 Stunden nicht bewegt werden darf.<\/li>\n<li>Das Fahrzeug ist erst nach 48 Stunden waschanlagentauglich.<\/li>\n<\/ul>","protected":false},"featured_media":64980,"template":"","meta":{"bwfblock_default_font":""},"product_brand":[],"product_cat":[1113,1317],"product_tag":[],"class_list":{"0":"post-62182","1":"product","2":"type-product","3":"status-publish","4":"has-post-thumbnail","6":"product_cat-exterior","7":"product_cat-front-bumper-and-accessories","8":"product_shipping_class-shifterz","9":"pa_brand-bmw","10":"pa_brand-m-performance","11":"pa_product-type-oem-original-equipment-manufacturer","12":"pa_vehicles-bmw-f90-m5","14":"first","15":"onbackorder","16":"taxable","17":"shipping-taxable","18":"purchasable","19":"product-type-simple"},"bundled_by":[],"bundle_stock_status":"onbackorder","bundle_stock_quantity":0,"bundle_virtual":false,"bundle_layout":"","bundle_add_to_cart_form_location":"","bundle_editable_in_cart":false,"bundle_sold_individually_context":"","bundle_item_grouping":"","bundle_min_size":"","bundle_max_size":"","bundle_price":[],"bundled_items":[],"bundle_sell_ids":[],"_links":{"self":[{"href":"https:\/\/paddleshifterz.com\/de\/wp-json\/wp\/v2\/product\/62182","targetHints":{"allow":["GET"]}}],"collection":[{"href":"https:\/\/paddleshifterz.com\/de\/wp-json\/wp\/v2\/product"}],"about":[{"href":"https:\/\/paddleshifterz.com\/de\/wp-json\/wp\/v2\/types\/product"}],"wp:featuredmedia":[{"embeddable":true,"href":"https:\/\/paddleshifterz.com\/de\/wp-json\/wp\/v2\/media\/64980"}],"wp:attachment":[{"href":"https:\/\/paddleshifterz.com\/de\/wp-json\/wp\/v2\/media?parent=62182"}],"wp:term":[{"taxonomy":"product_brand","embeddable":true,"href":"https:\/\/paddleshifterz.com\/de\/wp-json\/wp\/v2\/product_brand?post=62182"},{"taxonomy":"product_cat","embeddable":true,"href":"https:\/\/paddleshifterz.com\/de\/wp-json\/wp\/v2\/product_cat?post=62182"},{"taxonomy":"product_tag","embeddable":true,"href":"https:\/\/paddleshifterz.com\/de\/wp-json\/wp\/v2\/product_tag?post=62182"}],"curies":[{"name":"wp","href":"https:\/\/api.w.org\/{rel}","templated":true}]}}