{"id":64284,"date":"2021-11-13T19:39:04","date_gmt":"2021-11-13T18:39:04","guid":{"rendered":"https:\/\/paddleshifterz.com\/?post_type=product&#038;p=64284"},"modified":"2026-01-02T23:24:16","modified_gmt":"2026-01-02T22:24:16","slug":"oem-bmw-m-performance-gear-shifter-carbon-fiber-g-series-61315a40305-61315a40306","status":"publish","type":"product","link":"https:\/\/paddleshifterz.com\/de\/oem-bmw-m-performance-gear-shifter-carbon-fiber-g-series-61315a40305-61315a40306\/","title":{"rendered":"OEM BMW M Performance Schalthebel, Carbon\/Alcantara"},"content":{"rendered":"<p><strong>Erh\u00e4ltlich f\u00fcr Fahrzeuge mit Links- und Rechtslenkung.<\/strong><\/p>\n<p>Sp\u00fcrbare Sportlichkeit: Motorsport-Materialien Carbon oder Alcantara sorgen f\u00fcr einen besonderen Grip und werten den Fahrzeuginnenraum nicht nur optisch, sondern auch haptisch auf.<br \/>\nHightech \/ Rennsport: Die Carbonabdeckung des Schaltknaufs unterstreicht das Thema Leichtbau und vermittelt unmittelbar Motorsport-Atmosph\u00e4re.<br \/>\nPerfekt abgestimmt: Der feine 1K-Carbon-Stoff passt perfekt zur M Performance-Innenausstattung f\u00fcr den G2x sowie zum M Performance-Lenkrad mit Carbonabdeckung und Carbon-Schaltpaddles.<br \/>\nMaterial<\/p>\n<p>Offenporiger Kohlenstoff: In einem aufw\u00e4ndigen manuellen Verfahren wird eine echte Carbonfaserschicht auf einen Kunststofftr\u00e4ger aufgebracht, mit einem speziellen F\u00fcllstoff versiegelt und anschlie\u00dfend mit einem Schutzlack seidenmatt veredelt. Die Struktur der Carbonfaser bleibt dabei offen und f\u00fchlbar.<\/p>\n<p><em><strong>For G01 X3 and G02 X4 customers:<\/strong> this product can only be installed to the LCI\/facelift models.<\/em><\/p>","protected":false},"excerpt":{"rendered":"<p>Die ergonomische Form der hinteren Griffschalen und ihre besondere Materialit\u00e4t sorgen f\u00fcr ein dynamisches, sportliches Fahrerlebnis. Der M Performance W\u00e4hlhebel ist in zwei Varianten erh\u00e4ltlich: mit R\u00fcckenschalen aus offenporigem 1K-Carbongewebe oder aus Alcantara. Als besonderes Highlight wurde bei beiden Versionen die metallische M Plakette auf der Oberseite angebracht.<\/p>\n<p><strong>Dieses Produkt ist nicht f\u00fcr den Einbau durch den Endkunden vorgesehen. Der Einbau muss ausschlie\u00dflich von einem Mechaniker mit entsprechender Fachausbildung oder von einem Kfz-Fachbetrieb durchgef\u00fchrt werden. Das Produkt kann nicht zur\u00fcckgegeben werden.<\/strong><\/p>","protected":false},"featured_media":79334,"template":"","meta":{"bwfblock_default_font":""},"product_brand":[],"product_cat":[593],"product_tag":[],"class_list":{"0":"post-64284","1":"product","2":"type-product","3":"status-publish","4":"has-post-thumbnail","6":"product_cat-interior","7":"product_shipping_class-shifterz","8":"pa_brand-bmw","9":"pa_brand-m-performance","10":"pa_product-type-oem-original-equipment-manufacturer","11":"pa_vehicles-bmw-f40","12":"pa_vehicles-bmw-f44","13":"pa_vehicles-bmw-g01-x3","14":"pa_vehicles-bmw-g02-x4","15":"pa_vehicles-bmw-g05-x5","16":"pa_vehicles-bmw-x6-g06","17":"pa_vehicles-bmw-g14-g15-g16","18":"pa_vehicles-bmw-g20","19":"pa_vehicles-bmw-g21","20":"pa_vehicles-bmw-g22","21":"pa_vehicles-bmw-g23","22":"pa_vehicles-bmw-g26-grancoupe","23":"pa_vehicles-bmw-g42","24":"pa_vehicles-bmw-i4-g26","26":"first","27":"onbackorder","28":"taxable","29":"shipping-taxable","30":"purchasable","31":"product-type-variable"},"bundled_by":[],"bundle_stock_status":"onbackorder","bundle_stock_quantity":null,"bundle_virtual":false,"bundle_layout":"","bundle_add_to_cart_form_location":"","bundle_editable_in_cart":false,"bundle_sold_individually_context":"","bundle_item_grouping":"","bundle_min_size":"","bundle_max_size":"","bundle_price":[],"bundled_items":[],"bundle_sell_ids":[],"_links":{"self":[{"href":"https:\/\/paddleshifterz.com\/de\/wp-json\/wp\/v2\/product\/64284","targetHints":{"allow":["GET"]}}],"collection":[{"href":"https:\/\/paddleshifterz.com\/de\/wp-json\/wp\/v2\/product"}],"about":[{"href":"https:\/\/paddleshifterz.com\/de\/wp-json\/wp\/v2\/types\/product"}],"wp:featuredmedia":[{"embeddable":true,"href":"https:\/\/paddleshifterz.com\/de\/wp-json\/wp\/v2\/media\/79334"}],"wp:attachment":[{"href":"https:\/\/paddleshifterz.com\/de\/wp-json\/wp\/v2\/media?parent=64284"}],"wp:term":[{"taxonomy":"product_brand","embeddable":true,"href":"https:\/\/paddleshifterz.com\/de\/wp-json\/wp\/v2\/product_brand?post=64284"},{"taxonomy":"product_cat","embeddable":true,"href":"https:\/\/paddleshifterz.com\/de\/wp-json\/wp\/v2\/product_cat?post=64284"},{"taxonomy":"product_tag","embeddable":true,"href":"https:\/\/paddleshifterz.com\/de\/wp-json\/wp\/v2\/product_tag?post=64284"}],"curies":[{"name":"wp","href":"https:\/\/api.w.org\/{rel}","templated":true}]}}