{"id":64287,"date":"2021-11-13T19:42:32","date_gmt":"2021-11-13T18:42:32","guid":{"rendered":"https:\/\/paddleshifterz.com\/?post_type=product&#038;p=64287"},"modified":"2026-01-01T11:06:59","modified_gmt":"2026-01-01T10:06:59","slug":"oem-bmw-m-performance-seat-backs-carbon-fiber-g-series","status":"publish","type":"product","link":"https:\/\/paddleshifterz.com\/de\/oem-bmw-m-performance-seat-backs-carbon-fiber-g-series\/","title":{"rendered":"OEM BMW M Performance Sitzr\u00fcckwand matt Carbon f\u00fcr G Serie"},"content":{"rendered":"<h2>Spezifikationen<\/h2>\n<ul>\n<li>Original BMW Produkt<\/li>\n<li>Enth\u00e4lt 2 Sitzlehnen f\u00fcr beide Vordersitze<\/li>\n<li>Mattes Kohlefaser-Finish mit M Performance-Logo<\/li>\n<li>Voll-Alcantara mit wei\u00dfen N\u00e4hten<\/li>\n<li>Passt nicht auf die Carbon-Schalensitze, sondern nur auf die M Sport-Sitze.<\/li>\n<\/ul>\n<p>Es sind 2 Versionen erh\u00e4ltlich, eine f\u00fcr Fahrzeuge ohne und eine mit Klappsitz! Bitte w\u00e4hlen Sie die entsprechende Version aus und geben Sie Ihre VIN-Nummer ein, damit wir sie f\u00fcr Sie \u00fcberpr\u00fcfen k\u00f6nnen.<\/p>","protected":false},"excerpt":{"rendered":"<p>Der Kopfst\u00fctzenbezug ist aus hochwertigem Carbon gefertigt. Der Carbon-Look f\u00fcgt sich perfekt in das \u00fcbrige Innendesign ein. Enth\u00e4lt 2 R\u00fccksitzbez\u00fcge.<\/p>","protected":false},"featured_media":75861,"template":"","meta":{"bwfblock_default_font":""},"product_brand":[],"product_cat":[593,1311],"product_tag":[],"class_list":{"0":"post-64287","1":"product","2":"type-product","3":"status-publish","4":"has-post-thumbnail","6":"product_cat-interior","7":"product_cat-seats-accessories","8":"product_shipping_class-shifterz","9":"pa_brand-bmw","10":"pa_brand-m-performance","11":"pa_product-type-oem-original-equipment-manufacturer","12":"pa_vehicles-bmw-m8-f91-f92-f93","13":"pa_vehicles-bmw-f97-x3m","14":"pa_vehicles-bmw-f98-x4m","15":"pa_vehicles-bmw-g14-g15-g16","16":"pa_vehicles-bmw-g20","17":"pa_vehicles-bmw-g21","18":"pa_vehicles-bmw-g22","19":"pa_vehicles-bmw-g23","20":"pa_vehicles-bmw-g26-grancoupe","21":"pa_vehicles-bmw-g42","22":"pa_vehicles-bmw-g80-m3","23":"pa_vehicles-bmw-g81-m3-touring","24":"pa_vehicles-bmw-g82-m4","25":"pa_vehicles-bmw-g83-m4","26":"pa_vehicles-bmw-g87-m2","27":"pa_vehicles-bmw-i4-g26","29":"first","30":"onbackorder","31":"taxable","32":"shipping-taxable","33":"purchasable","34":"product-type-variable"},"bundled_by":[],"bundle_stock_status":"onbackorder","bundle_stock_quantity":null,"bundle_virtual":false,"bundle_layout":"","bundle_add_to_cart_form_location":"","bundle_editable_in_cart":false,"bundle_sold_individually_context":"","bundle_item_grouping":"","bundle_min_size":"","bundle_max_size":"","bundle_price":[],"bundled_items":[],"bundle_sell_ids":[],"_links":{"self":[{"href":"https:\/\/paddleshifterz.com\/de\/wp-json\/wp\/v2\/product\/64287","targetHints":{"allow":["GET"]}}],"collection":[{"href":"https:\/\/paddleshifterz.com\/de\/wp-json\/wp\/v2\/product"}],"about":[{"href":"https:\/\/paddleshifterz.com\/de\/wp-json\/wp\/v2\/types\/product"}],"wp:featuredmedia":[{"embeddable":true,"href":"https:\/\/paddleshifterz.com\/de\/wp-json\/wp\/v2\/media\/75861"}],"wp:attachment":[{"href":"https:\/\/paddleshifterz.com\/de\/wp-json\/wp\/v2\/media?parent=64287"}],"wp:term":[{"taxonomy":"product_brand","embeddable":true,"href":"https:\/\/paddleshifterz.com\/de\/wp-json\/wp\/v2\/product_brand?post=64287"},{"taxonomy":"product_cat","embeddable":true,"href":"https:\/\/paddleshifterz.com\/de\/wp-json\/wp\/v2\/product_cat?post=64287"},{"taxonomy":"product_tag","embeddable":true,"href":"https:\/\/paddleshifterz.com\/de\/wp-json\/wp\/v2\/product_tag?post=64287"}],"curies":[{"name":"wp","href":"https:\/\/api.w.org\/{rel}","templated":true}]}}