{"id":64298,"date":"2021-11-13T19:57:02","date_gmt":"2021-11-13T18:57:02","guid":{"rendered":"https:\/\/paddleshifterz.com\/?post_type=product&#038;p=64298"},"modified":"2025-11-24T12:14:03","modified_gmt":"2025-11-24T11:14:03","slug":"oem-bmw-m-performance-seat-backs-gloss-carbon-fiber-g-series","status":"publish","type":"product","link":"https:\/\/paddleshifterz.com\/de\/oem-bmw-m-performance-seat-backs-gloss-carbon-fiber-g-series\/","title":{"rendered":"OEM BMW M Performance Carbon R\u00fcckwand - G Serie"},"content":{"rendered":"<h2>Spezifikationen<\/h2>\n<ul>\n<li>Enth\u00e4lt beide, 2 R\u00fccksitzlehnenbez\u00fcge.<\/li>\n<li>Einfache Installation<\/li>\n<li>Original BMW Produkt<\/li>\n<li>Gl\u00e4nzende Kohlefaser<\/li>\n<li>Hochwertige Materialien: Kohlefaser und Alcantara<\/li>\n<li>M Performance-Logo auf der R\u00fcckseite<\/li>\n<li>Erh\u00e4ltlich in 2 Versionen, eine f\u00fcr Fahrzeuge ohne Klappsitz (z.B. im BMW 3er G20), und eine mit Klappsitzen (wie im BMW G87 M2).\n<ul>\n<li><strong>F\u00fcr Klappsitze: 52105A40303 (wie im G87 M2)<\/strong><\/li>\n<li><strong>F\u00fcr Sitze ohne Klappoption: 52105A40304 (wie im G80 M3)<\/strong><\/li>\n<\/ul>\n<\/li>\n<li><a href=\"https:\/\/paddleshifterz.com\/de\/oem-bmw-m-performance-seat-backs-carbon-fiber-g-series\/\">Hier auch in strukturierter oder trockener Kohlefaser erh\u00e4ltlich<\/a><\/li>\n<\/ul>\n<h2>Passende Fahrzeuge<\/h2>\n<p>Passt nur f\u00fcr die M Sport-Sitze, nicht f\u00fcr die Standardsitze und auch nicht f\u00fcr die Carbon-Schalensitze. Passt f\u00fcr die folgenden Modelle:<\/p>\n<ul>\n<li>BMW G42<\/li>\n<li>BMW G87 M2<\/li>\n<li>BMW G20<\/li>\n<li>BMW G21 Touring<\/li>\n<li>BMW G22<\/li>\n<li>BMW G23<\/li>\n<li>BMW G26<\/li>\n<li>BMW G26 i4<\/li>\n<li>BMW G80 M3<\/li>\n<li>BMW G81 Touring<\/li>\n<li>BMW G82 M4<\/li>\n<li>BMW G83 M4<\/li>\n<li>BMW F97 X3M<\/li>\n<li>BMW F98 X4M<\/li>\n<li>BMW F91, F92, F93 M8<\/li>\n<\/ul>","protected":false},"excerpt":{"rendered":"<p>Die Kopfst\u00fctzenabdeckung ist aus hochwertiger, gl\u00e4nzender Carbonfaser gefertigt. Der Carbon-Look f\u00fcgt sich perfekt in das \u00fcbrige Innendesign ein.<\/p>\n<p><strong>52105A40303 &#8211; has been discontinued.<br \/>\n52105A40304 &#8211; has been discontinued.<br \/>\n<\/strong><\/p>","protected":false},"featured_media":69195,"template":"","meta":{"bwfblock_default_font":""},"product_brand":[],"product_cat":[593,1311],"product_tag":[],"class_list":{"0":"post-64298","1":"product","2":"type-product","3":"status-publish","4":"has-post-thumbnail","6":"product_cat-interior","7":"product_cat-seats-accessories","8":"product_shipping_class-shifterz","9":"pa_brand-bmw","10":"pa_brand-m-performance","11":"pa_product-type-oem-original-equipment-manufacturer","13":"first","14":"outofstock","15":"taxable","16":"shipping-taxable","17":"purchasable","18":"product-type-variable"},"bundled_by":[],"bundle_stock_status":"outofstock","bundle_stock_quantity":null,"bundle_virtual":false,"bundle_layout":"","bundle_add_to_cart_form_location":"","bundle_editable_in_cart":false,"bundle_sold_individually_context":"","bundle_item_grouping":"","bundle_min_size":"","bundle_max_size":"","bundle_price":[],"bundled_items":[],"bundle_sell_ids":[],"_links":{"self":[{"href":"https:\/\/paddleshifterz.com\/de\/wp-json\/wp\/v2\/product\/64298","targetHints":{"allow":["GET"]}}],"collection":[{"href":"https:\/\/paddleshifterz.com\/de\/wp-json\/wp\/v2\/product"}],"about":[{"href":"https:\/\/paddleshifterz.com\/de\/wp-json\/wp\/v2\/types\/product"}],"wp:featuredmedia":[{"embeddable":true,"href":"https:\/\/paddleshifterz.com\/de\/wp-json\/wp\/v2\/media\/69195"}],"wp:attachment":[{"href":"https:\/\/paddleshifterz.com\/de\/wp-json\/wp\/v2\/media?parent=64298"}],"wp:term":[{"taxonomy":"product_brand","embeddable":true,"href":"https:\/\/paddleshifterz.com\/de\/wp-json\/wp\/v2\/product_brand?post=64298"},{"taxonomy":"product_cat","embeddable":true,"href":"https:\/\/paddleshifterz.com\/de\/wp-json\/wp\/v2\/product_cat?post=64298"},{"taxonomy":"product_tag","embeddable":true,"href":"https:\/\/paddleshifterz.com\/de\/wp-json\/wp\/v2\/product_tag?post=64298"}],"curies":[{"name":"wp","href":"https:\/\/api.w.org\/{rel}","templated":true}]}}