{"id":65626,"date":"2021-11-22T19:12:12","date_gmt":"2021-11-22T18:12:12","guid":{"rendered":"https:\/\/paddleshifterz.com\/?post_type=product&#038;p=65626"},"modified":"2026-04-06T11:09:40","modified_gmt":"2026-04-06T10:09:40","slug":"oem-bmw-m-performance-carbon-fiber-and-titanium-exhaust-pipes-m3-g80-m4-g82-g83","status":"publish","type":"product","link":"https:\/\/paddleshifterz.com\/de\/oem-bmw-m-performance-carbon-fiber-and-titanium-exhaust-pipes-m3-g80-m4-g82-g83\/","title":{"rendered":"OEM BMW M Performance Auspuffendrohre aus Carbon und Titan"},"content":{"rendered":"<p>Material: carbon (sheathing), titanium (outer tube, inner structure, connection to tailpipe or adapter tube) The round M Performance tailpipe trims titanium \/ carbon can only be installed on the standard silencer.<\/p>","protected":false},"excerpt":{"rendered":"<p>Die runden M Performance Endrohrblenden aus Titan und Carbon ersetzen die serienm\u00e4\u00dfigen, runden Endrohrblenden und werten das Heck des Fahrzeugs durch ihre hochwertige und sportliche Optik auf. Das gepr\u00e4gte M Logo auf der Oberseite der Endrohrblenden unterstreicht den Motorsportcharakter und setzt einen zus\u00e4tzlichen sportlichen Akzent.<\/p>\n<p>SKU: 18305A291B7, 18305A291B8<\/p>","protected":false},"featured_media":65634,"template":"","meta":{"bwfblock_default_font":""},"product_brand":[],"product_cat":[1101,1727],"product_tag":[],"class_list":{"0":"post-65626","1":"product","2":"type-product","3":"status-publish","4":"has-post-thumbnail","6":"product_cat-exhausts","7":"product_cat-performance","8":"product_shipping_class-shifterz","9":"pa_brand-bmw","10":"pa_brand-m-performance","11":"pa_product-type-oem-original-equipment-manufacturer","12":"pa_vehicles-bmw-g80-m3","13":"pa_vehicles-bmw-g81-m3-touring","14":"pa_vehicles-bmw-g82-m4-csl","15":"pa_vehicles-bmw-g82-m4","16":"pa_vehicles-bmw-g83-m4","17":"pa_vehicles-bmw-g87-m2","19":"first","20":"onbackorder","21":"taxable","22":"shipping-taxable","23":"purchasable","24":"product-type-variable"},"bundled_by":[],"bundle_stock_status":"onbackorder","bundle_stock_quantity":null,"bundle_virtual":false,"bundle_layout":"","bundle_add_to_cart_form_location":"","bundle_editable_in_cart":false,"bundle_sold_individually_context":"","bundle_item_grouping":"","bundle_min_size":"","bundle_max_size":"","bundle_price":[],"bundled_items":[],"bundle_sell_ids":[],"_links":{"self":[{"href":"https:\/\/paddleshifterz.com\/de\/wp-json\/wp\/v2\/product\/65626","targetHints":{"allow":["GET"]}}],"collection":[{"href":"https:\/\/paddleshifterz.com\/de\/wp-json\/wp\/v2\/product"}],"about":[{"href":"https:\/\/paddleshifterz.com\/de\/wp-json\/wp\/v2\/types\/product"}],"wp:featuredmedia":[{"embeddable":true,"href":"https:\/\/paddleshifterz.com\/de\/wp-json\/wp\/v2\/media\/65634"}],"wp:attachment":[{"href":"https:\/\/paddleshifterz.com\/de\/wp-json\/wp\/v2\/media?parent=65626"}],"wp:term":[{"taxonomy":"product_brand","embeddable":true,"href":"https:\/\/paddleshifterz.com\/de\/wp-json\/wp\/v2\/product_brand?post=65626"},{"taxonomy":"product_cat","embeddable":true,"href":"https:\/\/paddleshifterz.com\/de\/wp-json\/wp\/v2\/product_cat?post=65626"},{"taxonomy":"product_tag","embeddable":true,"href":"https:\/\/paddleshifterz.com\/de\/wp-json\/wp\/v2\/product_tag?post=65626"}],"curies":[{"name":"wp","href":"https:\/\/api.w.org\/{rel}","templated":true}]}}