{"id":65641,"date":"2021-11-22T19:25:53","date_gmt":"2021-11-22T18:25:53","guid":{"rendered":"https:\/\/paddleshifterz.com\/?post_type=product&#038;p=65641"},"modified":"2025-12-08T07:39:35","modified_gmt":"2025-12-08T06:39:35","slug":"oem-bmw-m-performance-carbon-fiber-aero-flicks-m3-g80-m4-g82-g83","status":"publish","type":"product","link":"https:\/\/paddleshifterz.com\/de\/oem-bmw-m-performance-carbon-fiber-aero-flicks-m3-g80-m4-g82-g83\/","title":{"rendered":"OEM BMW M Performance Kohlefaser Aero Flicks - G8X"},"content":{"rendered":"<p>Bei der Verklebung von Au\u00dfenteilen mit Hilfe von Fl\u00fcssigklebstoff (z.B. Betalink 1K) sind die Aush\u00e4rtezeiten der verwendeten Klebstoffe zu beachten. In der Regel darf das Fahrzeug 24 Stunden lang nicht bewegt werden. Erst nach 48 Stunden ist das Fahrzeug f\u00fcr eine Waschanlage geeignet. Alle Klebefl\u00e4chen m\u00fcssen absolut trocken, sauber, wachs- und fettfrei sein.<\/p>\n<h2>Lieferumfang<\/h2>\n<ul>\n<li>Original BMW Produkt<\/li>\n<li>Eine oder beide Seiten der Aero-Flicks (je nach Wahl)<\/li>\n<li>Vorlage f\u00fcr die Installation<\/li>\n<li>Eine ABE (Allgemeine Betriebserlaubnis) ist nicht erforderlich, da der Umfang der Teile bereits mit dem Gesamtfahrzeug homologiert wurde.<\/li>\n<\/ul>","protected":false},"excerpt":{"rendered":"<p>Passend zur Sonderausstattung Carbon-Paket (SA71C) unterstreichen die OEM BMW M Performance Aero Flicks aus Carbon den sportlichen Auftritt des BMW G80, G81 M3 oder G82, G83 M4. Die M Performance Aero Flicks aus Carbon verleihen dem Fahrzeug eine unverwechselbare und charakteristische Frontansicht.<\/p>","protected":false},"featured_media":73162,"template":"","meta":{"bwfblock_default_font":""},"product_brand":[],"product_cat":[1113,1317],"product_tag":[],"class_list":{"0":"post-65641","1":"product","2":"type-product","3":"status-publish","4":"has-post-thumbnail","6":"product_cat-exterior","7":"product_cat-front-bumper-and-accessories","8":"product_shipping_class-shifterz","9":"pa_brand-bmw","10":"pa_brand-m-performance","11":"pa_product-type-oem-original-equipment-manufacturer","12":"pa_vehicles-bmw-g80-m3","13":"pa_vehicles-bmw-g81-m3-touring","14":"pa_vehicles-bmw-g82-m4-csl","15":"pa_vehicles-bmw-g82-m4","16":"pa_vehicles-bmw-g83-m4","18":"first","19":"onbackorder","20":"taxable","21":"shipping-taxable","22":"purchasable","23":"product-type-variable"},"bundled_by":[],"bundle_stock_status":"onbackorder","bundle_stock_quantity":null,"bundle_virtual":false,"bundle_layout":"","bundle_add_to_cart_form_location":"","bundle_editable_in_cart":false,"bundle_sold_individually_context":"","bundle_item_grouping":"","bundle_min_size":"","bundle_max_size":"","bundle_price":[],"bundled_items":[],"bundle_sell_ids":[],"_links":{"self":[{"href":"https:\/\/paddleshifterz.com\/de\/wp-json\/wp\/v2\/product\/65641","targetHints":{"allow":["GET"]}}],"collection":[{"href":"https:\/\/paddleshifterz.com\/de\/wp-json\/wp\/v2\/product"}],"about":[{"href":"https:\/\/paddleshifterz.com\/de\/wp-json\/wp\/v2\/types\/product"}],"wp:featuredmedia":[{"embeddable":true,"href":"https:\/\/paddleshifterz.com\/de\/wp-json\/wp\/v2\/media\/73162"}],"wp:attachment":[{"href":"https:\/\/paddleshifterz.com\/de\/wp-json\/wp\/v2\/media?parent=65641"}],"wp:term":[{"taxonomy":"product_brand","embeddable":true,"href":"https:\/\/paddleshifterz.com\/de\/wp-json\/wp\/v2\/product_brand?post=65641"},{"taxonomy":"product_cat","embeddable":true,"href":"https:\/\/paddleshifterz.com\/de\/wp-json\/wp\/v2\/product_cat?post=65641"},{"taxonomy":"product_tag","embeddable":true,"href":"https:\/\/paddleshifterz.com\/de\/wp-json\/wp\/v2\/product_tag?post=65641"}],"curies":[{"name":"wp","href":"https:\/\/api.w.org\/{rel}","templated":true}]}}