{"id":65674,"date":"2021-11-22T20:30:53","date_gmt":"2021-11-22T19:30:53","guid":{"rendered":"https:\/\/paddleshifterz.com\/?post_type=product&#038;p=65674"},"modified":"2025-11-03T07:24:39","modified_gmt":"2025-11-03T06:24:39","slug":"bmw-m-performance-interior-trim-carbon-with-alcantara-f30-f31-f34-f36","status":"publish","type":"product","link":"https:\/\/paddleshifterz.com\/de\/bmw-m-performance-interior-trim-carbon-with-alcantara-f30-f31-f34-f36\/","title":{"rendered":"OEM BMW M Performance Carbonfaser Innenverkleidung"},"content":{"rendered":"<h2>Unboxing<\/h2>\n<p>Schauen Sie sich das Unboxing-Video unten an, um zu sehen, was sich in der Schachtel befindet, und um sich das Produkt vor dem Kauf genauer anzusehen.<\/p>\n<p><iframe loading=\"lazy\" title=\"YouTube-Video-Player\" src=\"https:\/\/www.youtube.com\/embed\/mYw3mnuH4T4\" width=\"560\" height=\"315\" frameborder=\"0\" allowfullscreen=\"allowfullscreen\"><span data-mce-type=\"bookmark\" style=\"display: inline-block; width: 0px; overflow: hidden; line-height: 0;\" class=\"mce_SELRES_start\"><\/span><\/iframe><\/p>","protected":false},"excerpt":{"rendered":"<p><strong>Seit 2023. 27. Dezember: Die Linkslenker-Version dieses Produkts ist nicht mehr erh\u00e4ltlich, Ersatz ist nicht verf\u00fcgbar.<br \/>\n<\/strong><strong>Seit 2024. 27. Dezember: Die Rechtslenker-Version dieses Produkts ist nicht mehr erh\u00e4ltlich, Ersatz ist nicht verf\u00fcgbar.<\/strong><\/p>\n<p>Offenporiger (oder so genannter \"trockener\") Kohlefaser-Innenausstattungssatz mit Alcantara und M Performance Schriftzug. Passend f\u00fcr BMW F30, F31, F34, F80 M3 und F36, erh\u00e4ltlich f\u00fcr Links- und Rechtslenkerfahrzeuge. F\u00fcr 2-t\u00fcrige Fahrzeuge (4er F32, F82 M4), siehe <a href=\"\/de\/produkt\/oem-bmw-m-performance-carbon-fiber-interior-trim-kit-f32-f82\/\">dieses Produkt<\/a>.<\/p>\n<p>Das Kit enth\u00e4lt die folgenden Teile:<\/p>\n<ul>\n<li>langes Armaturenbrettst\u00fcck<\/li>\n<li>kleine Entl\u00fcftungs\u00f6ffnung auf der Fahrerseite<\/li>\n<li>4x T\u00fcrgriffe<\/li>\n<\/ul>\n<p><strong>Teilenummern:<\/strong><\/p>\n<p>(Nicht verf\u00fcgbar: Left hand drive - 51952230351)<br \/>\n(Nicht verf\u00fcgbar: Rechtslenker - 51952250264)<\/p>","protected":false},"featured_media":65675,"template":"","meta":{"bwfblock_default_font":""},"product_brand":[],"product_cat":[593],"product_tag":[],"class_list":{"0":"post-65674","1":"product","2":"type-product","3":"status-publish","4":"has-post-thumbnail","6":"product_cat-interior","7":"product_shipping_class-shifterz","8":"pa_brand-bmw","9":"pa_brand-m-performance","10":"pa_product-type-oem-original-equipment-manufacturer","11":"pa_vehicles-bmw-f30","12":"pa_vehicles-bmw-f31","13":"pa_vehicles-bmw-f32","14":"pa_vehicles-bmw-f34","15":"pa_vehicles-bmw-f36","16":"pa_vehicles-bmw-f80-m3","17":"pa_vehicles-bmw-f82-m4","19":"first","20":"outofstock","21":"taxable","22":"shipping-taxable","23":"purchasable","24":"product-type-variable"},"bundled_by":[],"bundle_stock_status":"outofstock","bundle_stock_quantity":null,"bundle_virtual":false,"bundle_layout":"","bundle_add_to_cart_form_location":"","bundle_editable_in_cart":false,"bundle_sold_individually_context":"","bundle_item_grouping":"","bundle_min_size":"","bundle_max_size":"","bundle_price":[],"bundled_items":[],"bundle_sell_ids":[],"_links":{"self":[{"href":"https:\/\/paddleshifterz.com\/de\/wp-json\/wp\/v2\/product\/65674","targetHints":{"allow":["GET"]}}],"collection":[{"href":"https:\/\/paddleshifterz.com\/de\/wp-json\/wp\/v2\/product"}],"about":[{"href":"https:\/\/paddleshifterz.com\/de\/wp-json\/wp\/v2\/types\/product"}],"wp:featuredmedia":[{"embeddable":true,"href":"https:\/\/paddleshifterz.com\/de\/wp-json\/wp\/v2\/media\/65675"}],"wp:attachment":[{"href":"https:\/\/paddleshifterz.com\/de\/wp-json\/wp\/v2\/media?parent=65674"}],"wp:term":[{"taxonomy":"product_brand","embeddable":true,"href":"https:\/\/paddleshifterz.com\/de\/wp-json\/wp\/v2\/product_brand?post=65674"},{"taxonomy":"product_cat","embeddable":true,"href":"https:\/\/paddleshifterz.com\/de\/wp-json\/wp\/v2\/product_cat?post=65674"},{"taxonomy":"product_tag","embeddable":true,"href":"https:\/\/paddleshifterz.com\/de\/wp-json\/wp\/v2\/product_tag?post=65674"}],"curies":[{"name":"wp","href":"https:\/\/api.w.org\/{rel}","templated":true}]}}