{"id":65707,"date":"2021-11-24T07:01:42","date_gmt":"2021-11-24T06:01:42","guid":{"rendered":"https:\/\/paddleshifterz.com\/?post_type=product&#038;p=65707"},"modified":"2025-12-08T07:39:15","modified_gmt":"2025-12-08T06:39:15","slug":"mini-jcw-lufteinlassblende-motorhaube-carbon-f54-f55-f56-f56-bev-f57","status":"publish","type":"product","link":"https:\/\/paddleshifterz.com\/de\/mini-jcw-lufteinlassblende-motorhaube-carbon-f54-f55-f56-f56-bev-f57\/","title":{"rendered":"MINI JCW Motorhaube Lufteinlass Kohlefaser - F Serie"},"content":{"rendered":"","protected":false},"excerpt":{"rendered":"<p>Echte Rennsportbegeisterung. Die John Cooper Works Lufteinlassblende besteht aus hochwertigem, gen\u00e4htem Carbon und pr\u00e4sentiert sich in einem v\u00f6llig neuen Look. Das innovative Herstellungsverfahren des neuen Carbon-Materials unterstreicht den typischen Pioniergeist von MINI. Das neue JCW Design vermittelt das MINI Go-Kart-Feeling auf eine neue, moderne Art und Weise und verbindet so Tradition und Moderne. F\u00fcr einen ultimativen und unverwechselbaren Auftritt an der Front des Fahrzeugs.<\/p>","protected":false},"featured_media":80791,"template":"","meta":{"bwfblock_default_font":""},"product_brand":[],"product_cat":[1113],"product_tag":[],"class_list":{"0":"post-65707","1":"product","2":"type-product","3":"status-publish","4":"has-post-thumbnail","6":"product_cat-exterior","7":"product_shipping_class-shifterz","8":"pa_brand-mini","9":"pa_brand-mini-jcw","10":"pa_product-type-oem-original-equipment-manufacturer","11":"pa_vehicles-mini-f54","12":"pa_vehicles-mini-f55","13":"pa_vehicles-mini-f56","14":"pa_vehicles-mini-f56-gp3","15":"pa_vehicles-mini-f57","17":"first","18":"onbackorder","19":"taxable","20":"shipping-taxable","21":"purchasable","22":"product-type-simple"},"bundled_by":[],"bundle_stock_status":"onbackorder","bundle_stock_quantity":-4,"bundle_virtual":false,"bundle_layout":"","bundle_add_to_cart_form_location":"","bundle_editable_in_cart":false,"bundle_sold_individually_context":"","bundle_item_grouping":"","bundle_min_size":"","bundle_max_size":"","bundle_price":[],"bundled_items":[],"bundle_sell_ids":[],"_links":{"self":[{"href":"https:\/\/paddleshifterz.com\/de\/wp-json\/wp\/v2\/product\/65707","targetHints":{"allow":["GET"]}}],"collection":[{"href":"https:\/\/paddleshifterz.com\/de\/wp-json\/wp\/v2\/product"}],"about":[{"href":"https:\/\/paddleshifterz.com\/de\/wp-json\/wp\/v2\/types\/product"}],"wp:featuredmedia":[{"embeddable":true,"href":"https:\/\/paddleshifterz.com\/de\/wp-json\/wp\/v2\/media\/80791"}],"wp:attachment":[{"href":"https:\/\/paddleshifterz.com\/de\/wp-json\/wp\/v2\/media?parent=65707"}],"wp:term":[{"taxonomy":"product_brand","embeddable":true,"href":"https:\/\/paddleshifterz.com\/de\/wp-json\/wp\/v2\/product_brand?post=65707"},{"taxonomy":"product_cat","embeddable":true,"href":"https:\/\/paddleshifterz.com\/de\/wp-json\/wp\/v2\/product_cat?post=65707"},{"taxonomy":"product_tag","embeddable":true,"href":"https:\/\/paddleshifterz.com\/de\/wp-json\/wp\/v2\/product_tag?post=65707"}],"curies":[{"name":"wp","href":"https:\/\/api.w.org\/{rel}","templated":true}]}}