{"id":65716,"date":"2021-11-24T07:17:02","date_gmt":"2021-11-24T06:17:02","guid":{"rendered":"https:\/\/paddleshifterz.com\/?post_type=product&#038;p=65716"},"modified":"2025-11-03T07:24:40","modified_gmt":"2025-11-03T06:24:40","slug":"mini-jcw-carbon-fiber-trunk-lid-grip-f55-f56-f56-bev-f57","status":"publish","type":"product","link":"https:\/\/paddleshifterz.com\/de\/mini-jcw-carbon-fiber-trunk-lid-grip-f55-f56-f56-bev-f57\/","title":{"rendered":"MINI JCW Kohlefaser Kofferraumdeckelgriff - 51912465236"},"content":{"rendered":"","protected":false},"excerpt":{"rendered":"<p>Neue Designma\u00dfst\u00e4be: Der JCW Griffb\u00fcgel an der Heckklappe aus hochwertigem gen\u00e4htem Carbon in v\u00f6llig neuer Optik verleiht dem Heck des Fahrzeugs eine au\u00dfergew\u00f6hnlich markante Optik. Das innovative Herstellungsverfahren des neuen Carbon-Materials unterstreicht den typischen Pioniergeist von MINI. Das neue JCW Design vermittelt das MINI Go-Kart-Feeling auf eine neue, moderne Art und Weise und verbindet so Tradition und Moderne. Insbesondere in Kombination mit weiteren JCW Carbon-Komponenten f\u00fcr das Exterieur entsteht ein einzigartig sportliches Gesamtbild.<\/p>","protected":false},"featured_media":65717,"template":"","meta":{"bwfblock_default_font":""},"product_brand":[],"product_cat":[1113],"product_tag":[],"class_list":{"0":"post-65716","1":"product","2":"type-product","3":"status-publish","4":"has-post-thumbnail","6":"product_cat-exterior","7":"product_shipping_class-shifterz","8":"pa_brand-mini","9":"pa_brand-mini-jcw","10":"pa_product-type-oem-original-equipment-manufacturer","11":"pa_vehicles-mini-f55","12":"pa_vehicles-mini-f56","13":"pa_vehicles-mini-f56-gp3","14":"pa_vehicles-mini-f57","16":"first","17":"onbackorder","18":"taxable","19":"shipping-taxable","20":"purchasable","21":"product-type-simple"},"bundled_by":[],"bundle_stock_status":"onbackorder","bundle_stock_quantity":-3,"bundle_virtual":false,"bundle_layout":"","bundle_add_to_cart_form_location":"","bundle_editable_in_cart":false,"bundle_sold_individually_context":"","bundle_item_grouping":"","bundle_min_size":"","bundle_max_size":"","bundle_price":[],"bundled_items":[],"bundle_sell_ids":[],"_links":{"self":[{"href":"https:\/\/paddleshifterz.com\/de\/wp-json\/wp\/v2\/product\/65716","targetHints":{"allow":["GET"]}}],"collection":[{"href":"https:\/\/paddleshifterz.com\/de\/wp-json\/wp\/v2\/product"}],"about":[{"href":"https:\/\/paddleshifterz.com\/de\/wp-json\/wp\/v2\/types\/product"}],"wp:featuredmedia":[{"embeddable":true,"href":"https:\/\/paddleshifterz.com\/de\/wp-json\/wp\/v2\/media\/65717"}],"wp:attachment":[{"href":"https:\/\/paddleshifterz.com\/de\/wp-json\/wp\/v2\/media?parent=65716"}],"wp:term":[{"taxonomy":"product_brand","embeddable":true,"href":"https:\/\/paddleshifterz.com\/de\/wp-json\/wp\/v2\/product_brand?post=65716"},{"taxonomy":"product_cat","embeddable":true,"href":"https:\/\/paddleshifterz.com\/de\/wp-json\/wp\/v2\/product_cat?post=65716"},{"taxonomy":"product_tag","embeddable":true,"href":"https:\/\/paddleshifterz.com\/de\/wp-json\/wp\/v2\/product_tag?post=65716"}],"curies":[{"name":"wp","href":"https:\/\/api.w.org\/{rel}","templated":true}]}}