{"id":65923,"date":"2021-12-06T13:27:56","date_gmt":"2021-12-06T12:27:56","guid":{"rendered":"https:\/\/paddleshifterz.com\/?post_type=product&#038;p=65923"},"modified":"2026-03-20T20:23:22","modified_gmt":"2026-03-20T19:23:22","slug":"individual-m-performance-dry-carbon-fiber-and-alcantara-armrest-f3x-f8x","status":"publish","type":"product","link":"https:\/\/paddleshifterz.com\/de\/individual-m-performance-dry-carbon-fiber-and-alcantara-armrest-f3x-f8x\/","title":{"rendered":"Individuelles M Performance Alcantara, Armlehne aus Carbon - F3X\/F8X"},"content":{"rendered":"","protected":false},"excerpt":{"rendered":"<ul>\n<li>Erh\u00f6hen Sie den Innenraum Ihres BMW F3X mit dieser sch\u00f6nen OEM BMW M Performance Mittelarmlehne, in Alcantara mit wei\u00dfen N\u00e4hten und trockenen Kohlefaser Endst\u00fcck abgedeckt.<\/li>\n<\/ul>\n<p>Erh\u00e4ltlich sowohl f\u00fcr Links- als auch f\u00fcr Rechtslenker. Bitte w\u00e4hlen Sie die richtige Variante aus dem Dropdown-Men\u00fc.<\/p>\n<p>Individually customisable, custom material, stitching.<\/p>\n<p>Product is not refundable.<\/p>\n<p><strong>Unfortunately the base product is no longer available.<\/strong><\/p>","protected":false},"featured_media":65113,"template":"","meta":{"bwfblock_default_font":""},"product_brand":[],"product_cat":[593],"product_tag":[],"class_list":{"0":"post-65923","1":"product","2":"type-product","3":"status-publish","4":"has-post-thumbnail","6":"product_cat-interior","7":"product_shipping_class-shifterz","8":"pa_brand-bmw","9":"pa_brand-m-performance","10":"pa_product-type-oem-original-equipment-manufacturer","11":"pa_vehicles-bmw-f30","12":"pa_vehicles-bmw-f31","13":"pa_vehicles-bmw-f32","14":"pa_vehicles-bmw-f33","15":"pa_vehicles-bmw-f34","16":"pa_vehicles-bmw-f36","17":"pa_vehicles-bmw-f80-m3","18":"pa_vehicles-bmw-f82-m4","19":"pa_vehicles-4-series-f83-m4","21":"first","22":"onbackorder","23":"taxable","24":"shipping-taxable","25":"purchasable","26":"product-type-variable"},"bundled_by":[],"bundle_stock_status":"onbackorder","bundle_stock_quantity":-4,"bundle_virtual":false,"bundle_layout":"","bundle_add_to_cart_form_location":"","bundle_editable_in_cart":false,"bundle_sold_individually_context":"","bundle_item_grouping":"","bundle_min_size":"","bundle_max_size":"","bundle_price":[],"bundled_items":[],"bundle_sell_ids":[],"_links":{"self":[{"href":"https:\/\/paddleshifterz.com\/de\/wp-json\/wp\/v2\/product\/65923","targetHints":{"allow":["GET"]}}],"collection":[{"href":"https:\/\/paddleshifterz.com\/de\/wp-json\/wp\/v2\/product"}],"about":[{"href":"https:\/\/paddleshifterz.com\/de\/wp-json\/wp\/v2\/types\/product"}],"wp:featuredmedia":[{"embeddable":true,"href":"https:\/\/paddleshifterz.com\/de\/wp-json\/wp\/v2\/media\/65113"}],"wp:attachment":[{"href":"https:\/\/paddleshifterz.com\/de\/wp-json\/wp\/v2\/media?parent=65923"}],"wp:term":[{"taxonomy":"product_brand","embeddable":true,"href":"https:\/\/paddleshifterz.com\/de\/wp-json\/wp\/v2\/product_brand?post=65923"},{"taxonomy":"product_cat","embeddable":true,"href":"https:\/\/paddleshifterz.com\/de\/wp-json\/wp\/v2\/product_cat?post=65923"},{"taxonomy":"product_tag","embeddable":true,"href":"https:\/\/paddleshifterz.com\/de\/wp-json\/wp\/v2\/product_tag?post=65923"}],"curies":[{"name":"wp","href":"https:\/\/api.w.org\/{rel}","templated":true}]}}