{"id":66336,"date":"2022-01-29T09:51:17","date_gmt":"2022-01-29T08:51:17","guid":{"rendered":"https:\/\/paddleshifterz.com\/?post_type=product&#038;p=66336"},"modified":"2025-12-08T07:39:35","modified_gmt":"2025-12-08T06:39:35","slug":"oem-m-performance-carbon-fiber-side-mirror-cover-x3m-x4m","status":"publish","type":"product","link":"https:\/\/paddleshifterz.com\/de\/oem-m-performance-carbon-fiber-side-mirror-cover-x3m-x4m\/","title":{"rendered":"OEM M Performance Carbon Seitenspiegelkappen \u2013 X-Serie"},"content":{"rendered":"<p>Die Vorteile der M Performance Au\u00dfenspiegelkappe Carbon (rechts) auf einen Blick:<\/p>\n<ul>\n<li>Aufwendig handgefertigt.<\/li>\n<li>Mehrere Schichten Lack und Hochglanzpolitur f\u00fcr eine optimale Tiefenwirkung.<\/li>\n<li>Perfekt auf das Design und die Geometrie des Fahrzeugs abgestimmt.<\/li>\n<li>Qualit\u00e4t durch Lichtechtheitstests gepr\u00fcft.<\/li>\n<\/ul>\n<h2>Unboxing<\/h2>\n<p>Schauen Sie sich das Unboxing-Video unten an, um zu sehen, was sich in der Schachtel befindet, und um sich das Produkt vor dem Kauf genauer anzusehen.<\/p>\n<p><iframe loading=\"lazy\" title=\"YouTube-Video-Player\" src=\"https:\/\/www.youtube.com\/embed\/JZCQFV91oVs\" width=\"560\" height=\"315\" frameborder=\"0\" allowfullscreen=\"allowfullscreen\"><span data-mce-type=\"bookmark\" style=\"display: inline-block; width: 0px; overflow: hidden; line-height: 0;\" class=\"mce_SELRES_start\"><\/span><\/iframe><\/p>\n<p>&nbsp;<\/p>\n<h2>Technische Informationen<\/h2>\n<ul>\n<li>Die Spiegelkappe ist bereits in der EG-Betriebserlaubnis eingetragen, so dass keine ABE (Allgemeine Betriebserlaubnis) erforderlich ist.<\/li>\n<\/ul>\n<p>F\u00fcr Nicht-M-Fahrzeuge ben\u00f6tigen Sie die St\u00fctzringe: <a href=\"https:\/\/paddleshifterz.com\/de\/oem-bmw-gloss-black-supporting-ring-for-m-mirror-caps-g-series-51168071003-51168071004\/\">Produkt ansehen<\/a><\/p>","protected":false},"excerpt":{"rendered":"<p>In aufw\u00e4ndiger Handarbeit aus Carbon gefertigt: Die markanten M Performance Au\u00dfenspiegelkappen unterstreichen den Hightech-Charakter des Fahrzeugs. Ihr dynamisches Design sorgt f\u00fcr eine besonders hochwertige Optik und setzt individuelle sportliche Akzente.<\/p>","protected":false},"featured_media":66343,"template":"","meta":{"bwfblock_default_font":""},"product_brand":[],"product_cat":[1113,1114],"product_tag":[],"class_list":{"0":"post-66336","1":"product","2":"type-product","3":"status-publish","4":"has-post-thumbnail","6":"product_cat-exterior","7":"product_cat-mirror-caps-accessories","8":"product_shipping_class-shifterz","9":"pa_brand-bmw","10":"pa_brand-m-performance","11":"pa_product-type-oem-original-equipment-manufacturer","12":"pa_vehicles-bmw-f95-x5m","13":"pa_vehicles-bmw-f96-x6m","14":"pa_vehicles-bmw-f97-x3m","15":"pa_vehicles-bmw-f98-x4m","16":"pa_vehicles-bmw-g01-x3","17":"pa_vehicles-bmw-g02-x4","18":"pa_vehicles-bmw-g05-x5","19":"pa_vehicles-bmw-x6-g06","20":"pa_vehicles-bmw-g07-x7","21":"pa_vehicles-bmw-g07-x7-lci","22":"pa_vehicles-bmw-g09-xm","24":"first","25":"onbackorder","26":"taxable","27":"shipping-taxable","28":"purchasable","29":"product-type-variable","30":"has-default-attributes"},"bundled_by":["77185"],"bundle_stock_status":"onbackorder","bundle_stock_quantity":0,"bundle_virtual":false,"bundle_layout":"","bundle_add_to_cart_form_location":"","bundle_editable_in_cart":false,"bundle_sold_individually_context":"","bundle_item_grouping":"","bundle_min_size":"","bundle_max_size":"","bundle_price":[],"bundled_items":[],"bundle_sell_ids":[],"_links":{"self":[{"href":"https:\/\/paddleshifterz.com\/de\/wp-json\/wp\/v2\/product\/66336","targetHints":{"allow":["GET"]}}],"collection":[{"href":"https:\/\/paddleshifterz.com\/de\/wp-json\/wp\/v2\/product"}],"about":[{"href":"https:\/\/paddleshifterz.com\/de\/wp-json\/wp\/v2\/types\/product"}],"wp:featuredmedia":[{"embeddable":true,"href":"https:\/\/paddleshifterz.com\/de\/wp-json\/wp\/v2\/media\/66343"}],"wp:attachment":[{"href":"https:\/\/paddleshifterz.com\/de\/wp-json\/wp\/v2\/media?parent=66336"}],"wp:term":[{"taxonomy":"product_brand","embeddable":true,"href":"https:\/\/paddleshifterz.com\/de\/wp-json\/wp\/v2\/product_brand?post=66336"},{"taxonomy":"product_cat","embeddable":true,"href":"https:\/\/paddleshifterz.com\/de\/wp-json\/wp\/v2\/product_cat?post=66336"},{"taxonomy":"product_tag","embeddable":true,"href":"https:\/\/paddleshifterz.com\/de\/wp-json\/wp\/v2\/product_tag?post=66336"}],"curies":[{"name":"wp","href":"https:\/\/api.w.org\/{rel}","templated":true}]}}