{"id":66630,"date":"2022-03-08T14:28:31","date_gmt":"2022-03-08T13:28:31","guid":{"rendered":"https:\/\/paddleshifterz.com\/?post_type=product&#038;p=66630"},"modified":"2026-03-22T09:18:53","modified_gmt":"2026-03-22T08:18:53","slug":"oem-bmw-m-performance-pedals","status":"publish","type":"product","link":"https:\/\/paddleshifterz.com\/de\/oem-bmw-m-performance-pedals\/","title":{"rendered":"OEM BMW M Performance Pedale - 35002232278"},"content":{"rendered":"","protected":false},"excerpt":{"rendered":"<p>Die M Performance Edelstahl-Pedalauflagen im neuen Design der M Fu\u00dfraste sind eine optisch ansprechende und funktionale Erg\u00e4nzung der M Performance Produkte. Die asymmetrische und dreidimensionale Gestaltung der Gummiprofile verleiht dem Fu\u00dfraum einen dynamischen Charakter. Die weit um die Serienpedale gezogenen Edelstahlpads verdecken diese vollst\u00e4ndig, was zu einer sehr hohen Anmutung der Pedale f\u00fchrt. Durch die dynamische und sportliche Optik vermitteln die Pedale dem Fu\u00dfraum einen sehr hochwertigen Eindruck. Die Serienteile sind komplett verkleidet. Die starken Gummiprofile am Brems- und Kupplungspedal bieten einen festen Halt und Schutz vor Abrutschen. Material: Bel\u00e4ge f\u00fcr Brems- und Kupplungspedal aus EPDM (Ethylen-Propylen-Dien-Kautschuk) mit Edelstahlrahmen. Auflage f\u00fcr das Gaspedal aus verst\u00e4rktem Kunststoff und Edelstahleinlage. Fu\u00dfst\u00fctze: ABS-Basis (Acrylnitril-Butadien-Styrol) mit Edelstahleins\u00e4tzen und weichen TPU-Elementen (thermoplastische Elastomere). Die Bremspedalauflage wird mit 3 Schrauben und Muttern an das Standardpedal geschraubt. Die Gaspedalauflage wird mit doppelseitigem Klebeband geklebt und ebenfalls mit 2 selbstschneidenden Kunststoffschrauben am Standardpedal befestigt.<\/p>","protected":false},"featured_media":66851,"template":"","meta":{"bwfblock_default_font":""},"product_brand":[],"product_cat":[593],"product_tag":[],"class_list":{"0":"post-66630","1":"product","2":"type-product","3":"status-publish","4":"has-post-thumbnail","6":"product_cat-interior","7":"product_shipping_class-shifterz","8":"pa_brand-bmw","9":"pa_brand-m-performance","10":"pa_product-type-oem-original-equipment-manufacturer","11":"pa_vehicles-bmw-f20-f21","12":"pa_vehicles-bmw-f22-f23","13":"pa_vehicles-bmw-f30","14":"pa_vehicles-bmw-f31","15":"pa_vehicles-bmw-f32","16":"pa_vehicles-bmw-f33","17":"pa_vehicles-bmw-f34","18":"pa_vehicles-bmw-f36","19":"pa_vehicles-bmw-g20","20":"pa_vehicles-bmw-g21","21":"pa_vehicles-bmw-g22","22":"pa_vehicles-bmw-g23","23":"pa_vehicles-bmw-g26-grancoupe","24":"pa_vehicles-bmw-g30","25":"pa_vehicles-bmw-g31","27":"first","28":"onbackorder","29":"taxable","30":"shipping-taxable","31":"purchasable","32":"product-type-simple"},"bundled_by":[],"bundle_stock_status":"onbackorder","bundle_stock_quantity":-11,"bundle_virtual":false,"bundle_layout":"","bundle_add_to_cart_form_location":"","bundle_editable_in_cart":false,"bundle_sold_individually_context":"","bundle_item_grouping":"","bundle_min_size":"","bundle_max_size":"","bundle_price":[],"bundled_items":[],"bundle_sell_ids":[],"_links":{"self":[{"href":"https:\/\/paddleshifterz.com\/de\/wp-json\/wp\/v2\/product\/66630","targetHints":{"allow":["GET"]}}],"collection":[{"href":"https:\/\/paddleshifterz.com\/de\/wp-json\/wp\/v2\/product"}],"about":[{"href":"https:\/\/paddleshifterz.com\/de\/wp-json\/wp\/v2\/types\/product"}],"wp:featuredmedia":[{"embeddable":true,"href":"https:\/\/paddleshifterz.com\/de\/wp-json\/wp\/v2\/media\/66851"}],"wp:attachment":[{"href":"https:\/\/paddleshifterz.com\/de\/wp-json\/wp\/v2\/media?parent=66630"}],"wp:term":[{"taxonomy":"product_brand","embeddable":true,"href":"https:\/\/paddleshifterz.com\/de\/wp-json\/wp\/v2\/product_brand?post=66630"},{"taxonomy":"product_cat","embeddable":true,"href":"https:\/\/paddleshifterz.com\/de\/wp-json\/wp\/v2\/product_cat?post=66630"},{"taxonomy":"product_tag","embeddable":true,"href":"https:\/\/paddleshifterz.com\/de\/wp-json\/wp\/v2\/product_tag?post=66630"}],"curies":[{"name":"wp","href":"https:\/\/api.w.org\/{rel}","templated":true}]}}