{"id":66673,"date":"2022-03-10T19:12:39","date_gmt":"2022-03-10T18:12:39","guid":{"rendered":"https:\/\/paddleshifterz.com\/?post_type=product&#038;p=66673"},"modified":"2026-03-02T23:51:51","modified_gmt":"2026-03-02T22:51:51","slug":"bmw-wheel-center-cap-set-50-year-m-112mm","status":"publish","type":"product","link":"https:\/\/paddleshifterz.com\/de\/bmw-wheel-center-cap-set-50-year-m-112mm\/","title":{"rendered":"OEM BMW Radkappen 50 Jahre M 56mm - 36125A57484"},"content":{"rendered":"<p>Sie k\u00f6nnen diese Radkappen problemlos auf alle BMW-Leichtmetallr\u00e4der mit einem Radkappendurchmesser von 56 mm montieren.<\/p>\n<h2>Einbau und Spezifikationen<\/h2>\n<ul>\n<li>Enth\u00e4lt: einen Satz von vier Radkappen mit dem Sonderdesign der 50 Year M Edition<\/li>\n<li>Passt auf alle <a href=\"https:\/\/paddleshifterz.com\/de\/bmw-mini-wheels-and-tires\/\">BMW Leichtmetallr\u00e4der<\/a> mit einem 5\u00d7112 mm Aufbau<\/li>\n<li>Superleichte Installation<\/li>\n<li>Gr\u00f6\u00dfe, Durchmesser: 56 mm<\/li>\n<li><strong>Teilenummer: 36125A57484<\/strong><\/li>\n<\/ul>","protected":false},"excerpt":{"rendered":"<p>Ein Satz echter BMW 50-Jahre-Jubil\u00e4ums-Zentrierkappen in der speziellen <a href=\"https:\/\/paddleshifterz.com\/de\/50-year-m\/\">50 Jahre M-Design<\/a>. Das 50 Year M - oder 50 Jahre M - Design wurde zur Feier des 50-j\u00e4hrigen Jubil\u00e4ums der BMW M GmbH im Jahr 2022 ver\u00f6ffentlicht.<\/p>\n<p>SKU: 36125A57484<\/p>","protected":false},"featured_media":66998,"template":"","meta":{"bwfblock_default_font":""},"product_brand":[],"product_cat":[1090,1107],"product_tag":[],"class_list":{"0":"post-66673","1":"product","2":"type-product","3":"status-publish","4":"has-post-thumbnail","6":"product_cat-50-year-m","7":"product_cat-bmw-mini-wheels-and-tires","8":"product_shipping_class-shifterz","9":"pa_brand-bmw","10":"pa_product-type-oem-original-equipment-manufacturer","11":"pa_vehicles-bmw-f39-x2","12":"pa_vehicles-bmw-f40","13":"pa_vehicles-bmw-f44","14":"pa_vehicles-bmw-f45","15":"pa_vehicles-bmw-f46","16":"pa_vehicles-bmw-f48-x1","17":"pa_vehicles-bmw-f70","18":"pa_vehicles-bmw-f74","19":"pa_vehicles-bmw-f85-x5m","20":"pa_vehicles-bmw-f86-x6m","21":"pa_vehicles-bmw-f90-m5","22":"pa_vehicles-bmw-m8-f91-f92-f93","23":"pa_vehicles-bmw-f95-x5m","24":"pa_vehicles-bmw-f96-x6m","25":"pa_vehicles-bmw-f97-x3m","26":"pa_vehicles-bmw-f98-x4m","27":"pa_vehicles-bmw-g01-x3","28":"pa_vehicles-bmw-g02-x4","29":"pa_vehicles-bmw-g05-x5","30":"pa_vehicles-bmw-x6-g06","31":"pa_vehicles-bmw-g07-x7","32":"pa_vehicles-bmw-g07-x7-lci","33":"pa_vehicles-bmw-g09-xm","34":"pa_vehicles-bmw-g11-g12","35":"pa_vehicles-bmw-g14-g15-g16","36":"pa_vehicles-bmw-g20","37":"pa_vehicles-bmw-g21","38":"pa_vehicles-bmw-g22","39":"pa_vehicles-bmw-g23","40":"pa_vehicles-bmw-g26-grancoupe","41":"pa_vehicles-bmw-z4-g29","42":"pa_vehicles-bmw-g30","43":"pa_vehicles-bmw-g31","44":"pa_vehicles-bmw-g32","45":"pa_vehicles-bmw-g42","46":"pa_vehicles-bmw-g45-x3","47":"pa_vehicles-bmw-g60","48":"pa_vehicles-bmw-g61","49":"pa_vehicles-bmw-g80-m3","50":"pa_vehicles-bmw-g81-m3-touring","51":"pa_vehicles-bmw-g82-m4-csl","52":"pa_vehicles-bmw-g82-m4","53":"pa_vehicles-bmw-g83-m4","54":"pa_vehicles-bmw-g87-m2","55":"pa_vehicles-bmw-g90-m5","56":"pa_vehicles-bmw-g99-m5","57":"pa_vehicles-bmw-i4-g26","58":"pa_vehicles-x-series-u10-x2","60":"first","61":"instock","62":"taxable","63":"shipping-taxable","64":"purchasable","65":"product-type-simple"},"bundled_by":[],"bundle_stock_status":"instock","bundle_stock_quantity":986,"bundle_virtual":false,"bundle_layout":"","bundle_add_to_cart_form_location":"","bundle_editable_in_cart":false,"bundle_sold_individually_context":"","bundle_item_grouping":"","bundle_min_size":"","bundle_max_size":"","bundle_price":[],"bundled_items":[],"bundle_sell_ids":[],"_links":{"self":[{"href":"https:\/\/paddleshifterz.com\/de\/wp-json\/wp\/v2\/product\/66673","targetHints":{"allow":["GET"]}}],"collection":[{"href":"https:\/\/paddleshifterz.com\/de\/wp-json\/wp\/v2\/product"}],"about":[{"href":"https:\/\/paddleshifterz.com\/de\/wp-json\/wp\/v2\/types\/product"}],"wp:featuredmedia":[{"embeddable":true,"href":"https:\/\/paddleshifterz.com\/de\/wp-json\/wp\/v2\/media\/66998"}],"wp:attachment":[{"href":"https:\/\/paddleshifterz.com\/de\/wp-json\/wp\/v2\/media?parent=66673"}],"wp:term":[{"taxonomy":"product_brand","embeddable":true,"href":"https:\/\/paddleshifterz.com\/de\/wp-json\/wp\/v2\/product_brand?post=66673"},{"taxonomy":"product_cat","embeddable":true,"href":"https:\/\/paddleshifterz.com\/de\/wp-json\/wp\/v2\/product_cat?post=66673"},{"taxonomy":"product_tag","embeddable":true,"href":"https:\/\/paddleshifterz.com\/de\/wp-json\/wp\/v2\/product_tag?post=66673"}],"curies":[{"name":"wp","href":"https:\/\/api.w.org\/{rel}","templated":true}]}}